{"id":132,"date":"2012-10-04T00:25:51","date_gmt":"2012-10-03T22:25:51","guid":{"rendered":"http:\/\/www.maranovalpolicella.it\/a\/?page_id=132"},"modified":"2026-04-07T12:02:26","modified_gmt":"2026-04-07T10:02:26","slug":"canzago","status":"publish","type":"page","link":"https:\/\/www.maranovalpolicella.it\/a\/contrade\/marano\/canzago\/","title":{"rendered":"Canzago"},"content":{"rendered":"<div class=\"wp-block-image\">\n<figure class=\"alignleft\"><a href=\"http:\/\/www.maranovalpolicella.it\/immagini\/marano\/canzag-03.jpg\" data-lbwps-width=\"300\" data-lbwps-height=\"225\" data-lbwps-srcsmall=\"http:\/\/www.maranovalpolicella.it\/immagini\/marano\/canzag-03.jpg\"><img decoding=\"async\" src=\"http:\/\/www.maranovalpolicella.it\/immagini\/marano\/canzag-03.jpg\" alt=\"\"\/><\/a><\/figure>\n<\/div>\n\n\n<p>La contrada di Canzago, una delle pi\u00f9 estese e popolate del Comune nel passato, \u00e8 stata cartografata&nbsp;&nbsp; in una mappa che raffigura una parte del Comune di Marano con le propriet\u00e0 dei conti Porta e dei conti Lonardi.E&#8217; un&#8217;antica contrada attestata in un diploma di Re Berengario del 905, ricca d&#8217;acque, e questo spiega la presenza in zona collinare di due ville cos\u00ec vicine.<br>La ricchezza di acque \u00e8 testimoniata dalla grande vasca &#8211; peschiera in mezzo al prato, proprio dietro il monumentale cipresso: unico resto o meglio il poco che \u00e8 stato costruito di un grande giardino che doveva occupare tutto o quasi il vasto brolo. A fianco della villa si allineano alcune corti rustiche pi\u00f9 o meno della stessa epoca: nonostante il degrado sono apprezzabili alcuni piccoli rustici, porcili e pollai.<\/p>\n\n\n<div class=\"wp-block-image\">\n<figure class=\"alignright is-resized\"><a href=\"http:\/\/www.maranovalpolicella.it\/immagini\/marano\/canzago-04.jpg\" data-lbwps-width=\"700\" data-lbwps-height=\"525\" data-lbwps-srcsmall=\"http:\/\/www.maranovalpolicella.it\/immagini\/marano\/canzago-04.jpg\"><img decoding=\"async\" src=\"http:\/\/www.maranovalpolicella.it\/immagini\/marano\/canzago-04.jpg\" alt=\"\" style=\"width:369px;height:auto\"\/><\/a><\/figure>\n<\/div>\n\n\n<figure class=\"wp-block-image is-resized\"><a href=\"https:\/\/www.maranovalpolicella.it\/a\/?da_image=6744\"><img decoding=\"async\" src=\"http:\/\/www.maranovalpolicella.it\/immagini\/marano\/canzago.gif\" alt=\"\" style=\"width:153px;height:auto\"\/><\/a><\/figure>\n\n\n\n<p>&nbsp; &nbsp; &nbsp; &nbsp; &nbsp;<\/p>\n\n\n<div class=\"wp-block-image\">\n<figure class=\"alignleft\"><a href=\"http:\/\/www.maranovalpolicella.it\/a\/?page_id=360\"><img decoding=\"async\" src=\"http:\/\/www.maranovalpolicella.it\/immagini\/marano\/canzago-10.jpg\" alt=\"\"\/><\/a><\/figure>\n<\/div>\n\n\n<p><\/p>\n\n\n\n<h3 class=\"wp-block-heading\"><a href=\"http:\/\/www.maranovalpolicella.it\/a\/?page_id=360\">Oratorio di San Carlo<\/a><\/h3>\n\n\n\n<h3 class=\"wp-block-heading\"><a href=\"http:\/\/www.maranovalpolicella.it\/a\/?page_id=433\">Villa Porta<\/a><\/h3>\n\n\n\n<h3 class=\"wp-block-heading\"><a href=\"http:\/\/www.maranovalpolicella.it\/a\/?page_id=439\">Villa Lorenzi<\/a><\/h3>\n\n\n\n<p><iframe loading=\"lazy\" src=\"http:\/\/maps.google.it\/maps?f=q&amp;source=embed&amp;hl=it&amp;geocode=&amp;q=marano+di+valpolicella&amp;aq=&amp;sll=45.562862,10.92556&amp;sspn=0.007436,0.013711&amp;gl=it&amp;ie=UTF8&amp;hq=&amp;hnear=Marano+di+Valpolicella,+Verona,+Veneto&amp;layer=c&amp;cbll=45.551615,10.914869&amp;panoid=6grs7uNmzGhijDl8f14SVg&amp;cbp=13,249.55,,0,11.97&amp;t=m&amp;ll=45.547476,10.914788&amp;spn=0.014426,0.036478&amp;z=14&amp;output=svembed\" width=\"425\" height=\"240\" frameborder=\"0\" marginwidth=\"0\" marginheight=\"0\" scrolling=\"no\"><\/iframe><br><small><a style=\"color: #0000ff; text-align: left;\" href=\"http:\/\/maps.google.it\/maps?f=q&amp;source=embed&amp;hl=it&amp;geocode=&amp;q=marano+di+valpolicella&amp;aq=&amp;sll=45.562862,10.92556&amp;sspn=0.007436,0.013711&amp;gl=it&amp;ie=UTF8&amp;hq=&amp;hnear=Marano+di+Valpolicella,+Verona,+Veneto&amp;layer=c&amp;cbll=45.551615,10.914869&amp;panoid=6grs7uNmzGhijDl8f14SVg&amp;cbp=13,249.55,,0,11.97&amp;t=m&amp;ll=45.547476,10.914788&amp;spn=0.014426,0.036478&amp;z=14\">Visualizzazione ingrandita della mappa<\/a><\/small><\/p>\n\n\n\n<pre class=\"wp-block-preformatted\">Famiglie che in passato abitavano a Canzago\nLonardi detti Lanzo 1600\/1700\nBoninsegna 1800\/1900\nLonardi detti Pioalti 1800\/1900<\/pre>\n\n\n\n<h2 class=\"wp-block-heading\">&nbsp;<\/h2>\n\n\n\n<h2 class=\"wp-block-heading\">&nbsp;<\/h2>\n\n\n\n<h3 class=\"wp-block-heading\">&nbsp;<\/h3>\n","protected":false},"excerpt":{"rendered":"<p>La contrada di Canzago, una delle pi\u00f9 estese e popolate del Comune nel passato, \u00e8 stata cartografata&nbsp;&nbsp; in una mappa che raffigura una parte del Comune di Marano con le propriet\u00e0 dei conti Porta e dei conti Lonardi.E&#8217; un&#8217;antica contrada attestata in un diploma di Re Berengario del 905, ricca d&#8217;acque, e questo spiega la &hellip; <\/p>\n<p><a class=\"more-link btn\" href=\"https:\/\/www.maranovalpolicella.it\/a\/contrade\/marano\/canzago\/\">Continua a leggere<\/a><\/p>\n","protected":false},"author":2,"featured_media":0,"parent":76,"menu_order":0,"comment_status":"open","ping_status":"open","template":"","meta":{"footnotes":""},"class_list":["post-132","page","type-page","status-publish","hentry","nodate","item-wrap"],"_links":{"self":[{"href":"https:\/\/www.maranovalpolicella.it\/a\/wp-json\/wp\/v2\/pages\/132","targetHints":{"allow":["GET"]}}],"collection":[{"href":"https:\/\/www.maranovalpolicella.it\/a\/wp-json\/wp\/v2\/pages"}],"about":[{"href":"https:\/\/www.maranovalpolicella.it\/a\/wp-json\/wp\/v2\/types\/page"}],"author":[{"embeddable":true,"href":"https:\/\/www.maranovalpolicella.it\/a\/wp-json\/wp\/v2\/users\/2"}],"replies":[{"embeddable":true,"href":"https:\/\/www.maranovalpolicella.it\/a\/wp-json\/wp\/v2\/comments?post=132"}],"version-history":[{"count":22,"href":"https:\/\/www.maranovalpolicella.it\/a\/wp-json\/wp\/v2\/pages\/132\/revisions"}],"predecessor-version":[{"id":6806,"href":"https:\/\/www.maranovalpolicella.it\/a\/wp-json\/wp\/v2\/pages\/132\/revisions\/6806"}],"up":[{"embeddable":true,"href":"https:\/\/www.maranovalpolicella.it\/a\/wp-json\/wp\/v2\/pages\/76"}],"wp:attachment":[{"href":"https:\/\/www.maranovalpolicella.it\/a\/wp-json\/wp\/v2\/media?parent=132"}],"curies":[{"name":"wp","href":"https:\/\/api.w.org\/{rel}","templated":true}]}}