{"id":1492,"date":"2012-12-07T20:44:54","date_gmt":"2012-12-07T19:44:54","guid":{"rendered":"http:\/\/www.maranovalpolicella.it\/a\/?page_id=1492"},"modified":"2012-12-07T20:45:13","modified_gmt":"2012-12-07T19:45:13","slug":"i-grandi-di-ieri-passano-il-testimone-a-zardini","status":"publish","type":"page","link":"https:\/\/www.maranovalpolicella.it\/a\/storia\/volti-di-marano\/i-grandi-di-ieri-passano-il-testimone-a-zardini\/","title":{"rendered":"I grandi di ieri passano il testimone a Zardini"},"content":{"rendered":"<h3 style=\"text-align: justify;\">L&#8217;ARENA \u00a0 07\/12\/2012<\/h3>\n<h3 style=\"text-align: justify;\">PASSATO&amp;PRESENTE. Tre big della bici veronese, Andreoli, Guerra e Soave, a\u00a0<span>marano<\/span>, al \u00abbattesimo\u00bb di Edoardo, che correr\u00e0 la prossima stagione con la Bardiani<\/h3>\n<h3 style=\"text-align: justify;\">I grandi di ieri passano il testimone a Zardini<\/h3>\n<h3 style=\"text-align: justify;\">Renzo Puliero<\/h3>\n<h3 style=\"text-align: justify;\">Simpatico connubio con l\u00b4hockey in linea dei Sorci Verdi, di cui pap\u00e0 Zardini \u00e8 sponsor. Il suo marchio sar\u00e0 vicino anche a Billy Ceresoli<\/h3>\n<div style=\"text-align: justify;\">\n<div>venerd\u00ec 07 dicembre 2012\u00a0<strong>SPORT<\/strong>, pagina 53<\/div>\n<\/div>\n<div>\n<div style=\"text-align: justify;\"><img loading=\"lazy\" decoding=\"async\" class=\"alignleft\" src=\"http:\/\/media.larena.it\/GiornaleOnLine\/Arena\/GONJPG\/201212\/BASSE\/07_53_are_f1_963.jpg\" alt=\"\" width=\"120\" height=\"96\" \/><\/p>\n<div>Il \u00abgruppo Zardini\u00bb, tra ciclismo e hockey in linea, festeggia assieme agli ex prof Andreoli, &#8230;<\/div>\n<\/div>\n<p style=\"text-align: justify;\">La serata nasce dall\u00b4amore per lo sport e dal sentimento di riconoscenza. Tiziano Zardini ama la bici e la pratica (sale in 36 minuti la Peri-Fosse) ed \u00e8 \u00abun innamorato del ciclismo da quando il figlio Edoardo era promettente corridore alla Barlottini di Foroni\u00bb, passione che si ravviva quando conosce persone che hanno fatto la storia di questo sport come Pietro Guerra, Severino Andreoli, Luciano Soave e quando vede in azione \u00abuna persona ricca di umanit\u00e0, sincera, leale, che insegna ciclismo come Billy Ceresoli, uno capace di emozionarsi sino alle lacrime quando un suo ragazzo vince\u00bb (come \u00e8 stato con Edoardo) ed \u00abun grande come Angelo Ferrari\u00bb.<br \/>\nE\u00b4 un amore per il ciclismo o, meglio, per lo sport che si tramuta in riconoscenza attraverso atti concreti. E cosa c\u00b4\u00e8 oggi, in tempi difficili, di pi\u00f9 concreto se non un tangibile sostegno economico? Cos\u00ec Tiziano Zardini entra con la sua azienda grafica (nata nel 1985) in prima persona, come sponsor della pi\u00f9 importante societ\u00e0 veronese di ciclismo, quella che fa capo a Diego Beghini e Pio Brighenti, che nel 2013 di chiamer\u00e0, appunto, Zardini-Imedlago-General Store, sotto la guida tecnica di Billy Ceresoli e, ancora, come sponsor dei Sorci Verdi, la societ\u00e0 di hockey in linea, presieduta da Dario Perusi, sorprendentemente al comando, da neo promossa e imbattuta, del campionato italiano di A2.<br \/>\nSe nella prima \u00e8 transitato Edoardo negli anni di maturazione prima del passaggio al professionismo (nel 2013 con la Bardiani della famiglia Reverberi), nella seconda gioca (\u00abed \u00e8 un pilastro della difesa, determinante negli ultimi successi della squadra\u00bb, riferisce Perusi) l\u00b4altro figlio Umberto. Cos\u00ec nella famiglia Zardini si uniscono le emozioni che trasmette il ciclismo alla spettacolarit\u00e0 e al fair play che accompagnano l\u00b4hockey in linea \u00abdove i giocatori se la danno di santa ragione in partita e appena fischiata la fine mangiano e bevono assieme, come fossero amici da sempre\u00bb.<br \/>\nNella serata &#8220;da Bepi&#8221;, a\u00a0<span>marano<\/span>\u00a0di Valpolicella, (risotto all\u00b4amarone, strepitoso come la carne servita per il secondo, vino all\u00b4altezza) il sindaco Silvano Venturini testimonia \u00abquanto Tiziano sia uno di quei cittadini che ogni sindaco vorrebbe avere\u00bb, capace come \u00e8 stato \u00abper promuovere il nostro territorio, di realizzare una serie di cartoline che riportano pi\u00f9 punti del paese in stagioni diverse\u00bb e quanto \u00absia bello festeggiare oggi il passaggio al professionismo di Edoardo, giovane atleta, anni fa, quando fu la volta di salutare l\u00b4analogo passo di Mirco Allegrini\u00bb. S\u00ec, perch\u00e9, come ricorda Giuseppe Degani,\u00a0<span>marano<\/span>\u00a0\u00e8 terra di ciclismo, da Luigi Ugolini, il popolare G\u00eca di Prognol (Eberardo Pavesi diceva di lui: &#8220;Se in giro c\u00b4\u00e8 un corridore in grado di emulare Coppi, quello \u00e8 Ugolini&#8221;) ai Zardini e Davide Formolo (uno degli Under pi\u00f9 attesi) di oggi, attraverso Paolino Paiola, Renato Lonardi (el Mato), Luciano Conati, Massimiliano Giacopuzzi, Adolfo Lonardi, Zeno Degani, Giorgio Marchesini, Corrado Farina, Alberto e Antonio De Nardi, Daniele Turnaturi, Anna Farina.<br \/>\nPer restare nel ciclismo, \u00e8 bello ascoltare le parole di Diego Beghini che ribadisce \u00abl\u00b4impegno a far s\u00ec che Verona abbia nella nostra squadra un punto di riferimento, in modo che i nostri pi\u00f9 bravi juniores restino in zona al passaggio tra gli Under\u00bb e annuncia \u00abper il 2013 una formazione di 18 corridori\u00bb.<br \/>\n\u00abSar\u00e0 difficile &#8211; avverte Ceresoli -ripetere i risultati del 2012, ma gli ultimi tre anni di lavoro ci danno ragione. Vogliamo confermare il diritto a partecipare alle gare che contano e ricordare a tutti che Verona, dopo 25 anni, \u00e8 tornata ad avere in casa una realt\u00e0 importante del ciclismo\u00bb.<\/p>\n<\/div>\n","protected":false},"excerpt":{"rendered":"<p>L&#8217;ARENA \u00a0 07\/12\/2012 PASSATO&amp;PRESENTE. Tre big della bici veronese, Andreoli, Guerra e Soave, a\u00a0marano, al \u00abbattesimo\u00bb di Edoardo, che correr\u00e0 la prossima stagione con la Bardiani I grandi di ieri passano il testimone a Zardini Renzo Puliero Simpatico connubio con l\u00b4hockey in linea dei Sorci Verdi, di cui pap\u00e0 Zardini \u00e8 sponsor. Il suo marchio &hellip; <\/p>\n<p><a class=\"more-link btn\" href=\"https:\/\/www.maranovalpolicella.it\/a\/storia\/volti-di-marano\/i-grandi-di-ieri-passano-il-testimone-a-zardini\/\">Continua a leggere<\/a><\/p>\n","protected":false},"author":2,"featured_media":0,"parent":330,"menu_order":0,"comment_status":"open","ping_status":"open","template":"","meta":{"footnotes":""},"class_list":["post-1492","page","type-page","status-publish","hentry","nodate","item-wrap"],"_links":{"self":[{"href":"https:\/\/www.maranovalpolicella.it\/a\/wp-json\/wp\/v2\/pages\/1492","targetHints":{"allow":["GET"]}}],"collection":[{"href":"https:\/\/www.maranovalpolicella.it\/a\/wp-json\/wp\/v2\/pages"}],"about":[{"href":"https:\/\/www.maranovalpolicella.it\/a\/wp-json\/wp\/v2\/types\/page"}],"author":[{"embeddable":true,"href":"https:\/\/www.maranovalpolicella.it\/a\/wp-json\/wp\/v2\/users\/2"}],"replies":[{"embeddable":true,"href":"https:\/\/www.maranovalpolicella.it\/a\/wp-json\/wp\/v2\/comments?post=1492"}],"version-history":[{"count":2,"href":"https:\/\/www.maranovalpolicella.it\/a\/wp-json\/wp\/v2\/pages\/1492\/revisions"}],"predecessor-version":[{"id":1494,"href":"https:\/\/www.maranovalpolicella.it\/a\/wp-json\/wp\/v2\/pages\/1492\/revisions\/1494"}],"up":[{"embeddable":true,"href":"https:\/\/www.maranovalpolicella.it\/a\/wp-json\/wp\/v2\/pages\/330"}],"wp:attachment":[{"href":"https:\/\/www.maranovalpolicella.it\/a\/wp-json\/wp\/v2\/media?parent=1492"}],"curies":[{"name":"wp","href":"https:\/\/api.w.org\/{rel}","templated":true}]}}