{"id":16,"date":"2012-10-03T13:56:22","date_gmt":"2012-10-03T11:56:22","guid":{"rendered":"http:\/\/www.maranovalpolicella.it\/a\/?page_id=16"},"modified":"2026-05-01T16:07:57","modified_gmt":"2026-05-01T14:07:57","slug":"santa-cristina","status":"publish","type":"page","link":"https:\/\/www.maranovalpolicella.it\/a\/contrade\/mondrago\/santa-cristina\/","title":{"rendered":"Santa Cristina"},"content":{"rendered":"<p style=\"text-align: justify;\"><a href=\"http:\/\/www.maranovalpolicella.it\/a\/immagini\/2012\/10\/07-maggio0009.jpg\" data-lbwps-width=\"800\" data-lbwps-height=\"600\" data-lbwps-srcsmall=\"https:\/\/www.maranovalpolicella.it\/a\/immagini\/2012\/10\/07-maggio0009.jpg\"><img loading=\"lazy\" decoding=\"async\" class=\"size-medium wp-image-24 alignleft\" title=\"Santa Cristina\" src=\"http:\/\/www.maranovalpolicella.it\/a\/immagini\/2012\/10\/07-maggio0009-300x225.jpg\" alt=\"\" width=\"300\" height=\"225\" srcset=\"https:\/\/www.maranovalpolicella.it\/a\/immagini\/2012\/10\/07-maggio0009-300x225.jpg 300w, https:\/\/www.maranovalpolicella.it\/a\/immagini\/2012\/10\/07-maggio0009.jpg 800w\" sizes=\"auto, (max-width: 300px) 100vw, 300px\" \/><\/a>Superate le frazioni di Noroni e la Fava, rimanendo <a href=\"https:\/\/www.maranovalpolicella.it\/a\/?da_image=6744\"><img loading=\"lazy\" decoding=\"async\" class=\"alignright\" src=\"http:\/\/www.maranovalpolicella.it\/immagini\/mondrago\/scristina.gif\" alt=\"\" width=\"120\" height=\"256\" \/><\/a>sulla provinciale per Cerna e Sant&#8217;Anna, troviamo le ultime case del comune di Marano: Santa Cristina.<br \/>\nLa contrada si trova sullo spartiacque che divide la valle di Fumane dalla valle di Negrar; quella di Marano, gi\u00e0 a Noroni sparisce dalla nostra vista, \u00e8 la pi\u00f9 corta della Valpolicella.<\/p>\n<p>Superate le frazioni di Noroni e la Fava, rimanendo sulla provinciale per Cerna e Sant&#8217;Anna, troviamo le ultime case del comune di Marano: Santa Cristina.<a href=\"http:\/\/www.maranovalpolicella.it\/immagini\/mondrago\/scristina-10.jpg\" data-lbwps-width=\"500\" data-lbwps-height=\"335\" data-lbwps-srcsmall=\"http:\/\/www.maranovalpolicella.it\/immagini\/mondrago\/scristina-10.jpg\"><img loading=\"lazy\" decoding=\"async\" class=\"alignright\" src=\"http:\/\/www.maranovalpolicella.it\/immagini\/mondrago\/scristina-10.jpg\" alt=\"\" width=\"300\" height=\"201\" \/><\/a><br \/>\nLa contrada si trova sullo spartiacque che divide la valle di Fumane dalla valle di Negrar; quella di Marano, gi\u00e0 a Noroni sparisce dalla nostra vista, \u00e8 la pi\u00f9 corta della Valpolicella.<\/p>\n<p><iframe loading=\"lazy\" src=\"http:\/\/maps.google.it\/maps?f=q&amp;source=embed&amp;hl=it&amp;geocode=&amp;q=37020+santa+cristina,+Marano+di+Valpolicella,+VR&amp;aq=&amp;sll=45.587243,10.936021&amp;sspn=0.001877,0.003428&amp;ie=UTF8&amp;hq=&amp;hnear=Localit%C3%A0+Santa+Cristina,+37020+Marano+di+Valpolicella+Provincia+di+Verona,+Veneto&amp;layer=c&amp;cbll=45.581392,10.940795&amp;panoid=xp1CoIk1dHQqtkUJOh894w&amp;cbp=13,347.42,,0,3.1&amp;t=m&amp;ll=45.577222,10.940795&amp;spn=0.014418,0.036478&amp;z=14&amp;output=svembed\" width=\"425\" height=\"240\" frameborder=\"0\" marginwidth=\"0\" marginheight=\"0\" scrolling=\"no\"><\/iframe><br \/>\n<small><a style=\"color: #0000ff; text-align: left;\" href=\"http:\/\/maps.google.it\/maps?f=q&amp;source=embed&amp;hl=it&amp;geocode=&amp;q=37020+santa+cristina,+Marano+di+Valpolicella,+VR&amp;aq=&amp;sll=45.587243,10.936021&amp;sspn=0.001877,0.003428&amp;ie=UTF8&amp;hq=&amp;hnear=Localit%C3%A0+Santa+Cristina,+37020+Marano+di+Valpolicella+Provincia+di+Verona,+Veneto&amp;layer=c&amp;cbll=45.581392,10.940795&amp;panoid=xp1CoIk1dHQqtkUJOh894w&amp;cbp=13,347.42,,0,3.1&amp;t=m&amp;ll=45.577222,10.940795&amp;spn=0.014418,0.036478&amp;z=14\">Visualizzazione ingrandita della mappa<\/a><\/small><\/p>\n","protected":false},"excerpt":{"rendered":"<p>Superate le frazioni di Noroni e la Fava, rimanendo sulla provinciale per Cerna e Sant&#8217;Anna, troviamo le ultime case del comune di Marano: Santa Cristina. La contrada si trova sullo spartiacque che divide la valle di Fumane dalla valle di Negrar; quella di Marano, gi\u00e0 a Noroni sparisce dalla nostra vista, \u00e8 la pi\u00f9 corta &hellip; <\/p>\n<p><a class=\"more-link btn\" href=\"https:\/\/www.maranovalpolicella.it\/a\/contrade\/mondrago\/santa-cristina\/\">Continua a leggere<\/a><\/p>\n","protected":false},"author":2,"featured_media":0,"parent":13,"menu_order":0,"comment_status":"closed","ping_status":"closed","template":"","meta":{"footnotes":""},"class_list":["post-16","page","type-page","status-publish","hentry","nodate","item-wrap"],"_links":{"self":[{"href":"https:\/\/www.maranovalpolicella.it\/a\/wp-json\/wp\/v2\/pages\/16","targetHints":{"allow":["GET"]}}],"collection":[{"href":"https:\/\/www.maranovalpolicella.it\/a\/wp-json\/wp\/v2\/pages"}],"about":[{"href":"https:\/\/www.maranovalpolicella.it\/a\/wp-json\/wp\/v2\/types\/page"}],"author":[{"embeddable":true,"href":"https:\/\/www.maranovalpolicella.it\/a\/wp-json\/wp\/v2\/users\/2"}],"replies":[{"embeddable":true,"href":"https:\/\/www.maranovalpolicella.it\/a\/wp-json\/wp\/v2\/comments?post=16"}],"version-history":[{"count":13,"href":"https:\/\/www.maranovalpolicella.it\/a\/wp-json\/wp\/v2\/pages\/16\/revisions"}],"predecessor-version":[{"id":6963,"href":"https:\/\/www.maranovalpolicella.it\/a\/wp-json\/wp\/v2\/pages\/16\/revisions\/6963"}],"up":[{"embeddable":true,"href":"https:\/\/www.maranovalpolicella.it\/a\/wp-json\/wp\/v2\/pages\/13"}],"wp:attachment":[{"href":"https:\/\/www.maranovalpolicella.it\/a\/wp-json\/wp\/v2\/media?parent=16"}],"curies":[{"name":"wp","href":"https:\/\/api.w.org\/{rel}","templated":true}]}}