{"id":190,"date":"2012-10-04T00:40:44","date_gmt":"2012-10-03T22:40:44","guid":{"rendered":"http:\/\/www.maranovalpolicella.it\/a\/?page_id=190"},"modified":"2026-05-01T16:00:53","modified_gmt":"2026-05-01T14:00:53","slug":"santeustacchio","status":"publish","type":"page","link":"https:\/\/www.maranovalpolicella.it\/a\/contrade\/prognol\/santeustacchio\/","title":{"rendered":"Sant&#8217;Eustacchio"},"content":{"rendered":"<p><a style=\"color: #c91640; font-family: AGaramond-Regular; text-align: justify;\" href=\"https:\/\/www.maranovalpolicella.it\/a\/?da_image=6744\"><img loading=\"lazy\" decoding=\"async\" class=\"alignleft\" style=\"background-color: #e6f9ff; color: #292929; font-family: 'Times New Roman', Times, serif;\" src=\"http:\/\/www.maranovalpolicella.it\/immagini\/prognol\/seustacchio.gif\" alt=\"\" width=\"120\" height=\"256\" \/><\/a><\/p>\n<p style=\"text-align: justify;\"><span style=\"font-family: AGaramond-Regular;\">La chiesetta campestre di Sant\u2019Eustachio in contrada Prognol avrebbe secondo Silvestri (S<\/span><span style=\"font-family: AGaramondExp-Regular;\">ILVESTRI 1983<\/span><span style=\"font-family: AGaramondExp-Regular; font-size: xx-small;\">4<\/span><span style=\"font-family: AGaramondExp-Regular;\">, 129<\/span><span style=\"font-family: AGaramond-Regular;\">) origini romaniche: ipotesi che ci sentiamo, nonostante la mancanza di documenti scritti atti a sostenerla, pienamente di condividere dopo averne esaminato la struttura, espressione inconfondibile pur nelle\u00a0<\/span><\/p>\n<p style=\"text-align: justify;\"><span style=\"font-family: AGaramond-Regular;\">manomissioni di un\u2019architettura romanica minore i cui esempi non mancano certo in Valpolicella (D\u2019A<\/span><span style=\"font-family: AGaramondExp-Regular;\">RCAIS 1986-87, 33-40<\/span><span style=\"font-family: AGaramond-Regular;\">). La prima attestazione scritta della chiesa ci viene comunque dalla visita\u00a0<\/span><\/p>\n<p><a href=\"http:\/\/www.maranovalpolicella.it\/immagini\/prognol\/sandistacco-02.jpg\" data-lbwps-width=\"458\" data-lbwps-height=\"581\" data-lbwps-srcsmall=\"http:\/\/www.maranovalpolicella.it\/immagini\/prognol\/sandistacco-02.jpg\"><img loading=\"lazy\" decoding=\"async\" class=\"alignright\" src=\"http:\/\/www.maranovalpolicella.it\/immagini\/prognol\/sandistacco-02.jpg\" alt=\"\" width=\"275\" height=\"349\" \/><\/a><\/p>\n<p style=\"text-align: justify;\"><span style=\"font-family: AGaramond-Regular;\">pastorale di Ermolao Barbaro nel maggio del\u00a0<\/span><span style=\"font-family: AGaramondExp-Regular;\">1458<\/span><span style=\"font-family: AGaramond-Regular;\">, in occasione della quale apprendiamo pure che durante la settimana viene a celebrarvi il parroco di Marano (ASCDVr,\u00a0<\/span><span style=\"font-family: AGaramond-Italic;\"><em>VP Barbaro<\/em><\/span><span style=\"font-family: AGaramond-Regular;\">, trascr. Crosatti, XXVII, c.\u00a0<\/span><span style=\"font-family: AGaramondExp-Regular;\">531<\/span><span style=\"font-family: AGaramond-Regular;\">). Le successive visite del Cinquecento non aggiungono molto: negli\u00a0<\/span><span style=\"font-family: AGaramond-Italic;\"><em>Ordinata<\/em><\/span><span style=\"font-family: AGaramond-Regular;\">, ossia le prescrizioni da parte del visitatore sul da farsi, degli anni\u00a0<\/span><span style=\"font-family: AGaramondExp-Regular;\">1532\u00a0<\/span><span style=\"font-family: AGaramond-Regular;\">e nel\u00a0<\/span><span style=\"font-family: AGaramondExp-Regular;\">1553\u00a0<\/span><span style=\"font-family: AGaramond-Regular;\">si raccomanda la riparazione del tetto (F<\/span><span style=\"font-family: AGaramondExp-Regular;\">ASANI 1989<\/span><span style=\"font-family: AGaramond-Regular;\">, II,\u00a0<\/span><span style=\"font-family: AGaramondExp-Regular;\">1062<\/span><span style=\"font-family: AGaramond-Regular;\">; ASCDVr,\u00a0<\/span><span style=\"font-family: AGaramond-Italic;\"><em>LV<\/em><\/span><span style=\"font-family: AGaramond-Regular;\">, XII, c.\u00a0<\/span><span style=\"font-family: AGaramondExp-Regular;\">125<\/span><span style=\"font-family: AGaramond-Regular;\">), mentre in\u00a0<a href=\"http:\/\/www.maranovalpolicella.it\/immagini\/prognol\/sandistacco-01.jpg\" data-lbwps-width=\"800\" data-lbwps-height=\"600\" data-lbwps-srcsmall=\"http:\/\/www.maranovalpolicella.it\/immagini\/prognol\/sandistacco-01.jpg\"><img loading=\"lazy\" decoding=\"async\" class=\"alignright\" src=\"http:\/\/www.maranovalpolicella.it\/immagini\/prognol\/sandistacco-01.jpg\" alt=\"\" width=\"288\" height=\"216\" \/><\/a>quegli del\u00a0<\/span><span style=\"font-family: AGaramondExp-Regular;\">1573<\/span><span style=\"font-family: AGaramond-Regular;\">si invita la gente del posto a riparare la chiesa e a dotarla dei paramenti necessari alla celebrazione della messa. Un lungo silenzio per tutto il Seicento e\u00a0<\/span><span style=\"font-family: AGaramondExp-Regular;\">fi<\/span><span style=\"font-family: AGaramond-Regular;\">nalmente proprio dall\u2019ultima visita del secolo, nel maggio del\u00a0<\/span><span style=\"font-family: AGaramondExp-Regular;\">1699<\/span><span style=\"font-family: AGaramond-Regular;\">, veniamo a conoscenza dell\u2019avvenuta sospensione dell\u2019oratorio che ora il vescovo, rivolgendosi al proprietario Antonio Lorenzi, invita a riparare e rendere atto alla restituzione al culto (<\/span><span style=\"font-family: AGaramond-Italic;\"><em>Ivi<\/em><\/span><span style=\"font-family: AGaramond-Regular;\">, XXXIII, c.\u00a0<\/span><span style=\"font-family: AGaramondExp-Regular;\">32<\/span><span style=\"font-family: AGaramond-Regular;\">v). Ma le sollecitazioni vescovili non <a href=\"http:\/\/www.maranovalpolicella.it\/immagini\/prognol\/sandistacco-03.jpg\" data-lbwps-width=\"600\" data-lbwps-height=\"450\" data-lbwps-srcsmall=\"http:\/\/www.maranovalpolicella.it\/immagini\/prognol\/sandistacco-03.jpg\"><img loading=\"lazy\" decoding=\"async\" class=\"alignleft\" src=\"http:\/\/www.maranovalpolicella.it\/immagini\/prognol\/sandistacco-03.jpg\" alt=\"\" width=\"216\" height=\"162\" \/><\/a>dovettero sortire e<\/span><span style=\"font-family: AGaramondExp-Regular;\">V<\/span><span style=\"font-family: AGaramond-Regular;\">etto cos\u00ec che nella visita seguente, nell\u2019ottobre del\u00a0<\/span><span style=\"font-family: AGaramondExp-Regular;\">1717<\/span><span style=\"font-family: AGaramond-Regular;\">, il nostro si presenta ancora sprovvisto di tutto, adibito persino a deposito di verdure e cos\u00ec malridotto che il vescovo si rivolge nuovamente alla piet\u00e0 dei\u00a0 proprietari, sempre la famiglia Lorenzi, perch\u00e9 non\u00a0<\/span><\/p>\n<p style=\"text-align: justify;\"><span style=\"font-family: AGaramond-Regular;\">permettano che vada del tutto in rovina e sia morti<\/span><span style=\"font-family: AGaramondExp-Regular;\">fi<\/span><span style=\"font-family: AGaramond-Regular;\">cato dall\u2019uso per scopi profani (<\/span><span style=\"font-family: AGaramond-Italic;\"><em>Ivi<\/em><\/span><span style=\"font-family: AGaramond-Regular;\">, XLVII, c.\u00a0<\/span><span style=\"font-family: AGaramondExp-Regular;\">52<\/span><span style=\"font-family: AGaramond-Regular;\">v).<\/span><\/p>\n<p><span style=\"font-family: AGaramond-Regular;\">L\u2019invito, se pur non cos\u00ec tempestivamente, venne accolto, la chiesa sistemata a dovere e\u00a0<\/span><span style=\"font-family: AGaramondExp-Regular;\">fi<\/span><span style=\"font-family: AGaramond-Regular;\">nalmente nel\u00a0<\/span><span style=\"font-family: AGaramondExp-Regular;\">1755\u00a0<\/span><span style=\"font-family: AGaramond-Regular;\">don Giovanni Battista Lorenzi inoltrava supplica a che venisse tolta la sospensione (<\/span><span style=\"font-family: AGaramond-Italic;\"><em>Ivi<\/em><\/span><span style=\"font-family: AGaramond-Regular;\">, LX, c.\u00a0<\/span><span style=\"font-family: AGaramondExp-Regular;\">33<\/span><span style=\"font-family: AGaramond-Regular;\">v).Questa venne accolta e la visita del\u00a0<\/span><span style=\"font-family: AGaramondExp-Regular;\">1764\u00a0<\/span><span style=\"font-family: AGaramond-Regular;\">ci parla di un oratorio decoroso, dove si celebra per devozione, con altare marmoreo e icona, coro che serve da sacrestia ben provvista di paramenti e sacre suppellettili (<\/span><span style=\"font-family: AGaramond-Italic;\"><em>Ivi<\/em><\/span><span style=\"font-family: AGaramond-Regular;\">, LXXVI, cc.\u00a0<\/span><span style=\"font-family: AGaramondExp-Regular;\">13<\/span><span style=\"font-family: AGaramond-Regular;\">v-<\/span><span style=\"font-family: AGaramondExp-Regular;\">14<\/span><span style=\"font-family: AGaramond-Regular;\">r). Con il tempo la chiesetta dovette per\u00f2 ricadere in un totale abbandono ed essere nuovamente sospesa\u00a0<\/span><span style=\"font-family: AGaramondExp-Regular;\">fi<\/span><span style=\"font-family: AGaramond-Regular;\">nch\u00e9 nel\u00a0<\/span><span style=\"font-family: AGaramondExp-Regular;\">1850\u00a0<\/span><span style=\"font-family: AGaramond-Regular;\">non\u00a0<\/span><\/p>\n<p><span style=\"font-family: AGaramond-Regular;\">venne ancora una volta restituita al culto dalla piet\u00e0 del recente proprietario Giovanni Battista Buella (<\/span><span style=\"font-family: AGaramond-Italic;\"><em>Ivi<\/em><\/span><span style=\"font-family: AGaramond-Regular;\">,\u00a0<\/span><span style=\"font-family: AGaramond-Italic;\"><em>ApD<\/em><\/span><span style=\"font-family: AGaramond-Regular;\">, b.\u00a0<\/span><span style=\"font-family: AGaramond-Italic;\"><em>Marano<\/em><\/span><span style=\"font-family: AGaramond-Regular;\">; al riguardo si veda anche la scheda di Maria Giuseppina Furia in questo stesso volume). Ora il vetusto tempietto, ridotto a ricovero di attrezzi, versa in uno stato di pietoso abbandono e mostra i segni di un degrado che comunque non impedisce di scorgervi i segni della primitiva architettura romanica. Esso ha la facciata, orientata come di regola a ovest, a capanna dove si apre l\u2019unico ingresso rettangolare con semplici\u00a0<\/span><\/p>\n<p><span style=\"font-family: AGaramond-Regular;\"><br \/>\nstipiti e architrave in tufo, che parrebbero originali; mentre pi\u00f9 recenti, risalenti ai restauri di met\u00e0 Settecento, sono una nicchia, presumibilmente sovrappostasi all\u2019occhio originario, la\u00a0<\/span><span style=\"font-family: AGaramondExp-Regular;\">fi<\/span><span style=\"font-family: AGaramond-Regular;\">nestrella circolare, versione modesta del rosone nelle chiese romaniche, e la\u00a0<\/span><span style=\"font-family: AGaramondExp-Regular;\">fi<\/span><span style=\"font-family: AGaramond-Regular;\">nestra a mezzaluna che la sovrasta.\u00a0<span style=\"font-family: AGaramond-Regular;\">Il lato meridionale presenta altre due\u00a0<\/span><span style=\"font-family: AGaramondExp-Regular;\">fi<\/span><span style=\"font-family: AGaramond-Regular;\">nestre rettangolari con cornici in tufo, aperte sempre in occasione dei restauri di cui s\u2019\u00e8 detto; quello settentrionale non \u00e8 pi\u00f9 visibile dopo la costruzione del cascinale che vi si addossa, forse l\u2019abitazione di un eremita ricordato ancora nel Quattrocento (R<\/span><span style=\"font-family: AGaramondExp-Regular;\">OGNINI 1985, 108<\/span><span style=\"font-family: AGaramond-Regular;\">; V<\/span><span style=\"font-family: AGaramondExp-Regular;\">ARANINI 1985, 255<\/span><span style=\"font-family: AGaramond-Regular;\">), e sul cui tetto sta un campaniletto; sul lato orientale, in<\/span><span style=\"font-family: AGaramondExp-Regular;\">fi<\/span><span style=\"font-family: AGaramond-Regular;\">ne, la classica abside romanica a pianta semicircolare. [<\/span><span style=\"font-family: AGaramond-Italic;\"><em>g.s.<\/em><\/span><span style=\"font-family: AGaramond-Regular;\">]<br \/>\n(tratto dal libro edito dal comune, Marano Valpolicella, 1999<br \/>\n)<\/span><br \/>\n<\/span><\/p>\n","protected":false},"excerpt":{"rendered":"<p>La chiesetta campestre di Sant\u2019Eustachio in contrada Prognol avrebbe secondo Silvestri (SILVESTRI 19834, 129) origini romaniche: ipotesi che ci sentiamo, nonostante la mancanza di documenti scritti atti a sostenerla, pienamente di condividere dopo averne esaminato la struttura, espressione inconfondibile pur nelle\u00a0 manomissioni di un\u2019architettura romanica minore i cui esempi non mancano certo in Valpolicella (D\u2019ARCAIS &hellip; <\/p>\n<p><a class=\"more-link btn\" href=\"https:\/\/www.maranovalpolicella.it\/a\/contrade\/prognol\/santeustacchio\/\">Continua a leggere<\/a><\/p>\n","protected":false},"author":2,"featured_media":0,"parent":78,"menu_order":0,"comment_status":"open","ping_status":"open","template":"","meta":{"footnotes":""},"class_list":["post-190","page","type-page","status-publish","hentry","nodate","item-wrap"],"_links":{"self":[{"href":"https:\/\/www.maranovalpolicella.it\/a\/wp-json\/wp\/v2\/pages\/190","targetHints":{"allow":["GET"]}}],"collection":[{"href":"https:\/\/www.maranovalpolicella.it\/a\/wp-json\/wp\/v2\/pages"}],"about":[{"href":"https:\/\/www.maranovalpolicella.it\/a\/wp-json\/wp\/v2\/types\/page"}],"author":[{"embeddable":true,"href":"https:\/\/www.maranovalpolicella.it\/a\/wp-json\/wp\/v2\/users\/2"}],"replies":[{"embeddable":true,"href":"https:\/\/www.maranovalpolicella.it\/a\/wp-json\/wp\/v2\/comments?post=190"}],"version-history":[{"count":6,"href":"https:\/\/www.maranovalpolicella.it\/a\/wp-json\/wp\/v2\/pages\/190\/revisions"}],"predecessor-version":[{"id":6952,"href":"https:\/\/www.maranovalpolicella.it\/a\/wp-json\/wp\/v2\/pages\/190\/revisions\/6952"}],"up":[{"embeddable":true,"href":"https:\/\/www.maranovalpolicella.it\/a\/wp-json\/wp\/v2\/pages\/78"}],"wp:attachment":[{"href":"https:\/\/www.maranovalpolicella.it\/a\/wp-json\/wp\/v2\/media?parent=190"}],"curies":[{"name":"wp","href":"https:\/\/api.w.org\/{rel}","templated":true}]}}