{"id":216,"date":"2012-10-04T00:46:50","date_gmt":"2012-10-03T22:46:50","guid":{"rendered":"http:\/\/www.maranovalpolicella.it\/a\/?page_id=216"},"modified":"2026-04-08T09:43:00","modified_gmt":"2026-04-08T07:43:00","slug":"tezze","status":"publish","type":"page","link":"https:\/\/www.maranovalpolicella.it\/a\/contrade\/san-rocco\/tezze\/","title":{"rendered":"Tezze"},"content":{"rendered":"<div class=\"wp-block-image\">\n<figure class=\"alignleft is-resized\"><a href=\"http:\/\/www.maranovalpolicella.it\/immagini\/sanrocco\/tezze-01.JPG\" data-lbwps-width=\"800\" data-lbwps-height=\"600\" data-lbwps-srcsmall=\"http:\/\/www.maranovalpolicella.it\/immagini\/sanrocco\/tezze-01.JPG\"><img decoding=\"async\" src=\"http:\/\/www.maranovalpolicella.it\/immagini\/sanrocco\/tezze-01.JPG\" alt=\"\" style=\"width:379px;height:auto\"\/><\/a><\/figure>\n<\/div>\n\n<div class=\"wp-block-image\">\n<figure class=\"alignright is-resized\"><a href=\"https:\/\/www.maranovalpolicella.it\/a\/?da_image=6744\"><img decoding=\"async\" src=\"http:\/\/www.maranovalpolicella.it\/immagini\/sanrocco\/tezze.gif\" alt=\"\" style=\"width:155px;height:auto\"\/><\/a><\/figure>\n<\/div>\n\n\n<p>L&#8217;abitato delle tezze \u00e8 abbarbicato su un breve pendio al limitare del bosco delle Marezzane. La contrada, disabitata, ora serve come deposito per macchine e attrezzi a due nuclei famigliari alloggiati poco pi\u00f9 a nord in moderni edifici<br>Un caratteristico arco con tetto in pietra funge da ingresso al cortile lastricato sul quale prospettano le abitazioni. L&#8217;Oratorio, adiacente all&#8217;arco d&#8217;accesso, \u00e8 facilmente individuabile per la rozza croce e la lapide murata su cui \u00e8 scolpita la dedica:<br>HOC SACELLUM B.V.M. SALECTAE SALVADOR LONARDI PYRI RECTOR EXTULIT JUSTINUS FRATER LAVANEI CURIO ABSOLVIT DICAVITQUE CYPRIANUS HORUM NEPOS PYRI RECTOR PRODIDIT.<br>ANNO MDCCCLXVII (sic).<\/p>\n\n\n<div class=\"wp-block-image\">\n<figure class=\"alignleft is-resized\"><a href=\"http:\/\/www.maranovalpolicella.it\/immagini\/sanrocco\/tezze-02.JPG\" data-lbwps-width=\"700\" data-lbwps-height=\"525\" data-lbwps-srcsmall=\"http:\/\/www.maranovalpolicella.it\/immagini\/sanrocco\/tezze-02.JPG\"><img decoding=\"async\" src=\"http:\/\/www.maranovalpolicella.it\/immagini\/sanrocco\/tezze-02.JPG\" alt=\"\" style=\"width:333px;height:auto\"\/><\/a><\/figure>\n<\/div>\n\n\n<p>(Questo tempietto dedicato alla Beata Vergine maria della Salette, Salvatore Lonardi rettore di Peri offr\u00ec, il fratello Giustino prete della curia di Lavagno port\u00f2 a compimento e consacr\u00f2, Cipriano, loro nipote rettore di Peri, inaugur\u00f2. Anno 1967.<br>Tempo fa, in seguito a una spartizione, l&#8217;aula originale \u00e8 stata maldestramente divisa da una tramezza e ora lo spazio occidentale nulla conserva della primitiva impronta se non un&#8217;acquasantiera murata e tracce di un arco. L&#8217;altro locale, al quale s&#8217;accede attraverso un uscio premesso da gradini, conserva qualche arredo sacro, in particolare un altare ligneo impostato su colonne intarsiate e una teca infiorata contenente la statua della Beata Vergine della Salette, titolare dell&#8217;oratorio. La vergine \u00e8 incoronata e ha il capo coperto da un lungo velo che le scende fino ai piedi. Completano gli ornamenti dell&#8217;altare alcuni candelabri in ceramica, uno stendardo, un crocefisso, un ciborio e un&#8217;aquila lignea infissa sopra una sfera. Alle pareti \u00e8 appesa una Via crucis cartacea racchiusa in cornici sormontate da croci olivetane cui fa da pendant un solitario quadretto con foto e manoscritto di Giustino Lonardi datato 1850. Una finestra aperta sulla parete meridionale d\u00e0 luce al locale concluso da altre suppellettili tra cui due crocifissi e una lampada votiva.<br>Qui, come da lascito dei fondatori, veniva celebrata la messa tutte le settimane da un religioso inviato appositamente dalla parrocchia di Marano. Col passare del tempo la solitaria posizione del sacello e il progressivo spopolamento della contrada hanno fatto cadere in disuso rito e devozione.<br>(da Noterelle di Folklore dei monti lessini di Giuseppe rama)<\/p>\n\n\n<div class=\"wp-block-image\">\n<figure class=\"alignright is-resized\"><a href=\"http:\/\/www.maranovalpolicella.it\/immagini\/mondrago\/fontana-05.jpg\" data-lbwps-width=\"700\" data-lbwps-height=\"525\" data-lbwps-srcsmall=\"http:\/\/www.maranovalpolicella.it\/immagini\/mondrago\/fontana-05.jpg\"><img decoding=\"async\" src=\"http:\/\/www.maranovalpolicella.it\/immagini\/mondrago\/fontana-05.jpg\" alt=\"\" style=\"width:322px;height:auto\" title=\"Lavatoio al limitare del bosco\"\/><\/a><\/figure>\n<\/div>\n\n\n<p><iframe loading=\"lazy\" src=\"http:\/\/maps.google.it\/maps?f=q&amp;source=embed&amp;hl=it&amp;geocode=&amp;q=baiaghe+marano+di+valpolicella&amp;aq=&amp;sll=45.581292,10.923715&amp;sspn=0.007509,0.013711&amp;ie=UTF8&amp;hq=&amp;hnear=Via+Baiaghe,+37020+Marano+di+Valpolicella+Verona,+Veneto&amp;layer=c&amp;cbll=45.575798,10.908349&amp;panoid=XwSk7GmBdzSxhne4iLX3Pg&amp;cbp=13,291.78,,0,-0.75&amp;t=m&amp;ll=45.571635,10.908265&amp;spn=0.01442,0.036478&amp;z=14&amp;output=svembed\" width=\"425\" height=\"240\" frameborder=\"0\" marginwidth=\"0\" marginheight=\"0\" scrolling=\"no\"><\/iframe><br><small><a style=\"color: #0000ff; text-align: left;\" href=\"http:\/\/maps.google.it\/maps?f=q&amp;source=embed&amp;hl=it&amp;geocode=&amp;q=baiaghe+marano+di+valpolicella&amp;aq=&amp;sll=45.581292,10.923715&amp;sspn=0.007509,0.013711&amp;ie=UTF8&amp;hq=&amp;hnear=Via+Baiaghe,+37020+Marano+di+Valpolicella+Verona,+Veneto&amp;layer=c&amp;cbll=45.575798,10.908349&amp;panoid=XwSk7GmBdzSxhne4iLX3Pg&amp;cbp=13,291.78,,0,-0.75&amp;t=m&amp;ll=45.571635,10.908265&amp;spn=0.01442,0.036478&amp;z=14\">Visualizzazione ingrandita della mappa<\/a><\/small><\/p>\n","protected":false},"excerpt":{"rendered":"<p>L&#8217;abitato delle tezze \u00e8 abbarbicato su un breve pendio al limitare del bosco delle Marezzane. La contrada, disabitata, ora serve come deposito per macchine e attrezzi a due nuclei famigliari alloggiati poco pi\u00f9 a nord in moderni edificiUn caratteristico arco con tetto in pietra funge da ingresso al cortile lastricato sul quale prospettano le abitazioni. &hellip; <\/p>\n<p><a class=\"more-link btn\" href=\"https:\/\/www.maranovalpolicella.it\/a\/contrade\/san-rocco\/tezze\/\">Continua a leggere<\/a><\/p>\n","protected":false},"author":2,"featured_media":0,"parent":68,"menu_order":0,"comment_status":"open","ping_status":"open","template":"","meta":{"footnotes":""},"class_list":["post-216","page","type-page","status-publish","hentry","nodate","item-wrap"],"_links":{"self":[{"href":"https:\/\/www.maranovalpolicella.it\/a\/wp-json\/wp\/v2\/pages\/216","targetHints":{"allow":["GET"]}}],"collection":[{"href":"https:\/\/www.maranovalpolicella.it\/a\/wp-json\/wp\/v2\/pages"}],"about":[{"href":"https:\/\/www.maranovalpolicella.it\/a\/wp-json\/wp\/v2\/types\/page"}],"author":[{"embeddable":true,"href":"https:\/\/www.maranovalpolicella.it\/a\/wp-json\/wp\/v2\/users\/2"}],"replies":[{"embeddable":true,"href":"https:\/\/www.maranovalpolicella.it\/a\/wp-json\/wp\/v2\/comments?post=216"}],"version-history":[{"count":4,"href":"https:\/\/www.maranovalpolicella.it\/a\/wp-json\/wp\/v2\/pages\/216\/revisions"}],"predecessor-version":[{"id":6848,"href":"https:\/\/www.maranovalpolicella.it\/a\/wp-json\/wp\/v2\/pages\/216\/revisions\/6848"}],"up":[{"embeddable":true,"href":"https:\/\/www.maranovalpolicella.it\/a\/wp-json\/wp\/v2\/pages\/68"}],"wp:attachment":[{"href":"https:\/\/www.maranovalpolicella.it\/a\/wp-json\/wp\/v2\/media?parent=216"}],"curies":[{"name":"wp","href":"https:\/\/api.w.org\/{rel}","templated":true}]}}