{"id":226,"date":"2012-10-04T00:48:45","date_gmt":"2012-10-03T22:48:45","guid":{"rendered":"http:\/\/www.maranovalpolicella.it\/a\/?page_id=226"},"modified":"2026-04-08T09:33:52","modified_gmt":"2026-04-08T07:33:52","slug":"castel-besin","status":"publish","type":"page","link":"https:\/\/www.maranovalpolicella.it\/a\/contrade\/san-rocco\/castel-besin\/","title":{"rendered":"Castel Besin"},"content":{"rendered":"<div class=\"wp-block-image\">\n<figure class=\"alignleft is-resized\"><a href=\"http:\/\/www.maranovalpolicella.it\/immagini\/sanrocco\/besin-01.JPG\" data-lbwps-width=\"500\" data-lbwps-height=\"609\" data-lbwps-srcsmall=\"http:\/\/www.maranovalpolicella.it\/immagini\/sanrocco\/besin-01.JPG\"><img decoding=\"async\" src=\"http:\/\/www.maranovalpolicella.it\/immagini\/sanrocco\/besin-01.JPG\" alt=\"\" style=\"width:244px;height:auto\"\/><\/a><\/figure>\n<\/div>\n\n\n<p>A nord si Marano di valpolicella, sulla destra idrografica del Vajo di Celane, s&#8217;erge il cocuzzolo montuoso di Castel Besin . Quass\u00f9, secondo la leggenda, sorgeva un castello abitato da un re\u00e0ltelo (piccolo re) la cui tomba \u00e8 ancora visibile all&#8217;interno di un masso.<\/p>\n\n\n\n<p>L\u2019insieme della tomba, ricavata da un masso di calcare, in localit\u00e0 Castel Besin nei pressi di San Rocco; a sinistra, il coperchio.<\/p>\n\n\n\n<p>Sembra che &#8220;Castel Besin&#8221; possa essere messo in relazione al &#8220;Castello Beseno&#8221; in trentino. Forse per dei possedimenti dei signorotti trentini in zona.<\/p>\n\n\n<div class=\"wp-block-image\">\n<figure class=\"alignright is-resized\"><a href=\"https:\/\/www.maranovalpolicella.it\/a\/?da_image=6744\"><img decoding=\"async\" src=\"http:\/\/www.maranovalpolicella.it\/immagini\/sanrocco\/besin.gif\" alt=\"\" style=\"width:155px;height:auto\"\/><\/a><\/figure>\n<\/div>\n\n\n<p>All\u2019et\u00e0 del rame pu\u00f2 essere attribuita una sepoltura rinvenuta intorno al 1904 a Castel Besin. Lo scheletro era deposto rannicchiato e aveva il corredo di una lama di pugnale in selce di forma ogivale. Alcune sepolture simili sono state trovate verso la fine del secolo scorso nel territorio di Marano e una \u00e8 stata rinvenuta nel 1930 a Mondrago. Tutte queste sepolture possono rientrare in quell\u2019aspetto chiamato delle \u2018tombe a cista\u2019, diffuso soprattutto tra i monti Lessini e il Trentino, in un periodo tra il neolitico e l\u2019et\u00e0 del rame.<\/p>\n\n\n\n<p>&nbsp;<\/p>\n","protected":false},"excerpt":{"rendered":"<p>A nord si Marano di valpolicella, sulla destra idrografica del Vajo di Celane, s&#8217;erge il cocuzzolo montuoso di Castel Besin . Quass\u00f9, secondo la leggenda, sorgeva un castello abitato da un re\u00e0ltelo (piccolo re) la cui tomba \u00e8 ancora visibile all&#8217;interno di un masso. L\u2019insieme della tomba, ricavata da un masso di calcare, in localit\u00e0 &hellip; <\/p>\n<p><a class=\"more-link btn\" href=\"https:\/\/www.maranovalpolicella.it\/a\/contrade\/san-rocco\/castel-besin\/\">Continua a leggere<\/a><\/p>\n","protected":false},"author":2,"featured_media":0,"parent":68,"menu_order":0,"comment_status":"open","ping_status":"open","template":"","meta":{"footnotes":""},"class_list":["post-226","page","type-page","status-publish","hentry","nodate","item-wrap"],"_links":{"self":[{"href":"https:\/\/www.maranovalpolicella.it\/a\/wp-json\/wp\/v2\/pages\/226","targetHints":{"allow":["GET"]}}],"collection":[{"href":"https:\/\/www.maranovalpolicella.it\/a\/wp-json\/wp\/v2\/pages"}],"about":[{"href":"https:\/\/www.maranovalpolicella.it\/a\/wp-json\/wp\/v2\/types\/page"}],"author":[{"embeddable":true,"href":"https:\/\/www.maranovalpolicella.it\/a\/wp-json\/wp\/v2\/users\/2"}],"replies":[{"embeddable":true,"href":"https:\/\/www.maranovalpolicella.it\/a\/wp-json\/wp\/v2\/comments?post=226"}],"version-history":[{"count":3,"href":"https:\/\/www.maranovalpolicella.it\/a\/wp-json\/wp\/v2\/pages\/226\/revisions"}],"predecessor-version":[{"id":6840,"href":"https:\/\/www.maranovalpolicella.it\/a\/wp-json\/wp\/v2\/pages\/226\/revisions\/6840"}],"up":[{"embeddable":true,"href":"https:\/\/www.maranovalpolicella.it\/a\/wp-json\/wp\/v2\/pages\/68"}],"wp:attachment":[{"href":"https:\/\/www.maranovalpolicella.it\/a\/wp-json\/wp\/v2\/media?parent=226"}],"curies":[{"name":"wp","href":"https:\/\/api.w.org\/{rel}","templated":true}]}}