{"id":240,"date":"2012-10-04T00:52:57","date_gmt":"2012-10-03T22:52:57","guid":{"rendered":"http:\/\/www.maranovalpolicella.it\/a\/?page_id=240"},"modified":"2026-04-07T19:45:12","modified_gmt":"2026-04-07T17:45:12","slug":"pozzo","status":"publish","type":"page","link":"https:\/\/www.maranovalpolicella.it\/a\/contrade\/valgatara\/pozzo\/","title":{"rendered":"Pozzo"},"content":{"rendered":"<div class=\"wp-block-image\">\n<figure class=\"alignright is-resized\"><a href=\"http:\/\/www.maranovalpolicella.it\/immagini\/pozzo\/pozzo-05.jpg\" data-lbwps-width=\"750\" data-lbwps-height=\"502\" data-lbwps-srcsmall=\"http:\/\/www.maranovalpolicella.it\/immagini\/pozzo\/pozzo-05.jpg\"><img decoding=\"async\" src=\"http:\/\/www.maranovalpolicella.it\/immagini\/pozzo\/pozzo-05.jpg\" alt=\"\" style=\"width:435px;height:auto\"\/><\/a><\/figure>\n<\/div>\n\n<div class=\"wp-block-image\">\n<figure class=\"alignleft is-resized\"><a href=\"https:\/\/www.maranovalpolicella.it\/a\/?da_image=6744\"><img decoding=\"async\" src=\"http:\/\/www.maranovalpolicella.it\/immagini\/valgatara\/pozzo.gif\" alt=\"\" style=\"width:144px;height:auto\"\/><\/a><\/figure>\n<\/div>\n\n\n<p><strong>Vicus Oliveto,<br>con ogni&nbsp;<span style=\"font-family: AGaramond-Regular;\">probabilit\u00e0&nbsp;<br>era l&#8217;antico nome<br>della localit\u00e0 Pozzo.<\/span><\/strong><br><iframe loading=\"lazy\" src=\"http:\/\/maps.google.it\/maps?f=q&amp;source=embed&amp;hl=it&amp;geocode=&amp;q=Valgatara,+Marano+di+Valpolicella+VR&amp;aq=0&amp;sll=45.534732,10.912063&amp;sspn=0.00741,0.013711&amp;ie=UTF8&amp;hq=&amp;hnear=Valgatara,+Verona,+Veneto&amp;layer=c&amp;cbll=45.531101,10.905505&amp;panoid=-WWzWAZG0PHsGz5OqY9lDA&amp;cbp=13,135.05,,0,2.82&amp;t=m&amp;ll=45.526976,10.905433&amp;spn=0.014431,0.036478&amp;z=14&amp;output=svembed\" width=\"425\" height=\"240\" frameborder=\"0\" marginwidth=\"0\" marginheight=\"0\" scrolling=\"no\"><\/iframe><br><small><a style=\"color: #0000ff; text-align: left;\" href=\"http:\/\/maps.google.it\/maps?f=q&amp;source=embed&amp;hl=it&amp;geocode=&amp;q=Valgatara,+Marano+di+Valpolicella+VR&amp;aq=0&amp;sll=45.534732,10.912063&amp;sspn=0.00741,0.013711&amp;ie=UTF8&amp;hq=&amp;hnear=Valgatara,+Verona,+Veneto&amp;layer=c&amp;cbll=45.531101,10.905505&amp;panoid=-WWzWAZG0PHsGz5OqY9lDA&amp;cbp=13,135.05,,0,2.82&amp;t=m&amp;ll=45.526976,10.905433&amp;spn=0.014431,0.036478&amp;z=14\">Visualizzazione ingrandita della mappa<\/a><\/small><br><\/p>\n\n\n\n<p><span style=\"font-family: AGaramond-Regular;\">Nel&nbsp;<\/span><span style=\"font-family: AGaramondExp-Regular;\">X&nbsp;<\/span><span style=\"font-family: AGaramond-Regular;\">secolo compaiono Fasanara, che nel&nbsp;<\/span><span style=\"font-family: AGaramondExp-Regular;\">1058&nbsp;<\/span><span style=\"font-family: AGaramond-Regular;\">viene de<\/span><span style=\"font-family: AGaramondExp-Regular;\">fi<\/span><span style=\"font-family: AGaramond-Regular;\">nito&nbsp;<\/span><span style=\"font-family: AGaramond-Italic;\"><em>vicus<\/em><\/span><span style=\"font-family: AGaramond-Regular;\">,&nbsp;<\/span><span style=\"font-family: AGaramond-Italic;\"><em>Oliveto<\/em><\/span><span style=\"font-family: AGaramond-Regular;\">, che con ogni probabilit\u00e0 \u00e8 da identi<\/span><span style=\"font-family: AGaramondExp-Regular;\">fi<\/span><span style=\"font-family: AGaramond-Regular;\">care con la localit\u00e0 Pozzo.<\/span><\/p>\n\n\n\n<p>&nbsp;<\/p>\n\n\n<div class=\"wp-block-image\">\n<figure class=\"alignright is-resized\"><a href=\"http:\/\/www.maranovalpolicella.it\/immagini\/pozzo\/pozzo-03.jpg\" data-lbwps-width=\"700\" data-lbwps-height=\"525\" data-lbwps-srcsmall=\"http:\/\/www.maranovalpolicella.it\/immagini\/pozzo\/pozzo-03.jpg\"><img decoding=\"async\" src=\"http:\/\/www.maranovalpolicella.it\/immagini\/pozzo\/pozzo-03.jpg\" alt=\"\" style=\"width:389px;height:auto\"\/><\/a><\/figure>\n<\/div>\n\n\n<p>Molto probabilmente questa struttura, alla luce delle piccole tracce di pittura ancora riscontrabili, una volta era un capitello. Con l&#8217;innalzamento della sede stradale il capitello scompariva in parte ed \u00e8 stato&nbsp; trasformato in abbeveratoio.<\/p>\n\n\n\n<p>&nbsp;<\/p>\n\n\n\n<p>&nbsp;<\/p>\n\n\n\n<p>&nbsp;<\/p>\n\n\n\n<p>altitudine 180 metri s.m.<\/p>\n\n\n\n<p>&nbsp;<\/p>\n\n\n<div class=\"wp-block-image\">\n<figure class=\"alignright is-resized\"><a href=\"http:\/\/www.maranovalpolicella.it\/immagini\/pozzo\/pozzo-04.jpg\" data-lbwps-width=\"480\" data-lbwps-height=\"640\" data-lbwps-srcsmall=\"http:\/\/www.maranovalpolicella.it\/immagini\/pozzo\/pozzo-04.jpg\"><img decoding=\"async\" src=\"http:\/\/www.maranovalpolicella.it\/immagini\/pozzo\/pozzo-04.jpg\" alt=\"\" style=\"width:275px;height:auto\"\/><\/a><\/figure>\n<\/div>\n\n\n<p>La seconda domenica di maggio<br>si festeggia la &#8220;Repubblica di Pozzo&#8221;<br>Con musica e chioschi enogastronomici.<\/p>\n\n\n\n<p>&nbsp;<\/p>\n\n\n\n<figure class=\"wp-block-image\"><a href=\"http:\/\/www.maranovalpolicella.it\/a\/?page_id=703\"><img decoding=\"async\" src=\"http:\/\/www.maranovalpolicella.it\/immagini\/pozzo\/smarc-01.jpg\" alt=\"\"\/><\/a><\/figure>\n\n\n\n<p><\/p>\n\n\n\n<h4 class=\"wp-block-heading\"><a href=\"http:\/\/www.maranovalpolicella.it\/a\/?page_id=706\">SAN MARCO La chiesetta<\/a>&nbsp; &nbsp; &nbsp; &nbsp; &nbsp;&nbsp;<a href=\"http:\/\/www.maranovalpolicella.it\/a\/?page_id=708\">SAN MARCO interno<\/a><\/h4>\n\n\n\n<p>&nbsp;<\/p>\n","protected":false},"excerpt":{"rendered":"<p>Vicus Oliveto,con ogni&nbsp;probabilit\u00e0&nbsp;era l&#8217;antico nomedella localit\u00e0 Pozzo.Visualizzazione ingrandita della mappa Nel&nbsp;X&nbsp;secolo compaiono Fasanara, che nel&nbsp;1058&nbsp;viene definito&nbsp;vicus,&nbsp;Oliveto, che con ogni probabilit\u00e0 \u00e8 da identificare con la localit\u00e0 Pozzo. &nbsp; Molto probabilmente questa struttura, alla luce delle piccole tracce di pittura ancora riscontrabili, una volta era un capitello. Con l&#8217;innalzamento della sede stradale il capitello scompariva in &hellip; <\/p>\n<p><a class=\"more-link btn\" href=\"https:\/\/www.maranovalpolicella.it\/a\/contrade\/valgatara\/pozzo\/\">Continua a leggere<\/a><\/p>\n","protected":false},"author":2,"featured_media":0,"parent":84,"menu_order":0,"comment_status":"open","ping_status":"open","template":"","meta":{"footnotes":""},"class_list":["post-240","page","type-page","status-publish","hentry","nodate","item-wrap"],"_links":{"self":[{"href":"https:\/\/www.maranovalpolicella.it\/a\/wp-json\/wp\/v2\/pages\/240","targetHints":{"allow":["GET"]}}],"collection":[{"href":"https:\/\/www.maranovalpolicella.it\/a\/wp-json\/wp\/v2\/pages"}],"about":[{"href":"https:\/\/www.maranovalpolicella.it\/a\/wp-json\/wp\/v2\/types\/page"}],"author":[{"embeddable":true,"href":"https:\/\/www.maranovalpolicella.it\/a\/wp-json\/wp\/v2\/users\/2"}],"replies":[{"embeddable":true,"href":"https:\/\/www.maranovalpolicella.it\/a\/wp-json\/wp\/v2\/comments?post=240"}],"version-history":[{"count":6,"href":"https:\/\/www.maranovalpolicella.it\/a\/wp-json\/wp\/v2\/pages\/240\/revisions"}],"predecessor-version":[{"id":6830,"href":"https:\/\/www.maranovalpolicella.it\/a\/wp-json\/wp\/v2\/pages\/240\/revisions\/6830"}],"up":[{"embeddable":true,"href":"https:\/\/www.maranovalpolicella.it\/a\/wp-json\/wp\/v2\/pages\/84"}],"wp:attachment":[{"href":"https:\/\/www.maranovalpolicella.it\/a\/wp-json\/wp\/v2\/media?parent=240"}],"curies":[{"name":"wp","href":"https:\/\/api.w.org\/{rel}","templated":true}]}}