{"id":292,"date":"2012-10-04T01:18:31","date_gmt":"2012-10-03T23:18:31","guid":{"rendered":"http:\/\/www.maranovalpolicella.it\/a\/?page_id=292"},"modified":"2025-01-03T17:55:44","modified_gmt":"2025-01-03T16:55:44","slug":"presepe-vivente-san-rocco","status":"publish","type":"page","link":"https:\/\/www.maranovalpolicella.it\/a\/associazioni\/presepe-vivente-san-rocco\/","title":{"rendered":"Presepe Vivente &#8211; S.Rocco"},"content":{"rendered":"<p><a href=\"http:\/\/www.maranovalpolicella.it\/associazioni\/presepe\/sanrocco.jpg\" data-lbwps-width=\"795\" data-lbwps-height=\"521\" data-lbwps-srcsmall=\"http:\/\/www.maranovalpolicella.it\/associazioni\/presepe\/sanrocco.jpg\"><img loading=\"lazy\" decoding=\"async\" class=\"aligncenter\" src=\"http:\/\/www.maranovalpolicella.it\/associazioni\/presepe\/sanrocco.jpg\" alt=\"\" width=\"795\" height=\"521\" \/><\/a><\/p>\n<p><strong><span style=\"color: #66ccff;\"><a href=\"http:\/\/www.maranovalpolicella.it\/associazioni\/presepe\/natale2006-01.htm\" target=\"_blank\" rel=\"noopener\"><span style=\"color: #714e48;\">LE\u00a0 FOTO\u00a0\u00a0 DEL\u00a0 NATALE 2006<\/span><\/a><\/span><\/strong><\/p>\n<p><strong><span style=\"color: #66ccff;\"><a href=\"http:\/\/www.maranovalpolicella.it\/associazioni\/presepe\/natale2007\/presepe\/index.htm\" target=\"_blank\" rel=\"noopener\"><span style=\"color: #714e48;\">LE\u00a0 FOTO\u00a0\u00a0 DEL\u00a0 NATALE 2007<\/span><\/a><\/span><\/strong><\/p>\n\n\n<p>Canto della Stella di Natale<\/p>\n\n\n\n<p>E sotto questa stela risplendente,<br>comparve i tre re magi dall&#8217;oriente;<br>e allora i tre re magi si son messi a camminar<br>e uniti insieme,<br>la stella li guid\u00f2 a Gerusalemme;<br>e apena che in cit\u00e0 son arrivati,<br>da re Erode se son presentati<br>e gli hanno domand\u00e0 per piacer di vero cuore<br>ind\u00f2 l\u2019\u00e8 nato, ind\u00f2 l\u2019\u00e8 nato, questo Re d\u2019amore.<br>E gli hanno domand\u00e0, domand\u00e0 per cortesia<br>ind\u00f2 l\u2019\u00e8 nato, ind\u00f2 l\u2019\u00e8 nato questo Re Messia.<br>Casa casa benedeta empienime la sacchetta,<br>impienimela ben ben che vegnarem anche stano che ven.<br>E noi pregaremo Dio che el ve mantengna sani<br>e per tutti gli altri anni noi ritornen ancor.<\/p>\n\n\n\n<p>In Do Sol7&nbsp; o Re La Sol<\/p>\n","protected":false},"excerpt":{"rendered":"<p>LE\u00a0 FOTO\u00a0\u00a0 DEL\u00a0 NATALE 2006 LE\u00a0 FOTO\u00a0\u00a0 DEL\u00a0 NATALE 2007 Canto della Stella di Natale E sotto questa stela risplendente,comparve i tre re magi dall&#8217;oriente;e allora i tre re magi si son messi a camminare uniti insieme,la stella li guid\u00f2 a Gerusalemme;e apena che in cit\u00e0 son arrivati,da re Erode se son presentatie gli hanno &hellip; <\/p>\n<p><a class=\"more-link btn\" href=\"https:\/\/www.maranovalpolicella.it\/a\/associazioni\/presepe-vivente-san-rocco\/\">Continua a leggere<\/a><\/p>\n","protected":false},"author":2,"featured_media":0,"parent":59,"menu_order":0,"comment_status":"open","ping_status":"open","template":"","meta":{"footnotes":""},"class_list":["post-292","page","type-page","status-publish","hentry","nodate","item-wrap"],"_links":{"self":[{"href":"https:\/\/www.maranovalpolicella.it\/a\/wp-json\/wp\/v2\/pages\/292","targetHints":{"allow":["GET"]}}],"collection":[{"href":"https:\/\/www.maranovalpolicella.it\/a\/wp-json\/wp\/v2\/pages"}],"about":[{"href":"https:\/\/www.maranovalpolicella.it\/a\/wp-json\/wp\/v2\/types\/page"}],"author":[{"embeddable":true,"href":"https:\/\/www.maranovalpolicella.it\/a\/wp-json\/wp\/v2\/users\/2"}],"replies":[{"embeddable":true,"href":"https:\/\/www.maranovalpolicella.it\/a\/wp-json\/wp\/v2\/comments?post=292"}],"version-history":[{"count":6,"href":"https:\/\/www.maranovalpolicella.it\/a\/wp-json\/wp\/v2\/pages\/292\/revisions"}],"predecessor-version":[{"id":6568,"href":"https:\/\/www.maranovalpolicella.it\/a\/wp-json\/wp\/v2\/pages\/292\/revisions\/6568"}],"up":[{"embeddable":true,"href":"https:\/\/www.maranovalpolicella.it\/a\/wp-json\/wp\/v2\/pages\/59"}],"wp:attachment":[{"href":"https:\/\/www.maranovalpolicella.it\/a\/wp-json\/wp\/v2\/media?parent=292"}],"curies":[{"name":"wp","href":"https:\/\/api.w.org\/{rel}","templated":true}]}}