{"id":306,"date":"2012-10-04T11:14:30","date_gmt":"2012-10-04T09:14:30","guid":{"rendered":"http:\/\/www.maranovalpolicella.it\/a\/?page_id=306"},"modified":"2018-12-12T19:07:10","modified_gmt":"2018-12-12T18:07:10","slug":"disclaimer","status":"publish","type":"page","link":"https:\/\/www.maranovalpolicella.it\/a\/privacy-policy\/disclaimer\/","title":{"rendered":"Disclaimer"},"content":{"rendered":"<div>\n<h1 style=\"text-align: justify;\">Disclaimer<\/h1>\n<div style=\"text-align: justify;\">by admin<\/div>\n<\/div>\n<div style=\"text-align: justify;\"><\/div>\n<div style=\"text-align: justify;\"><\/div>\n<div>\n<p style=\"text-align: justify;\">Questo blog non rappresenta una testata giornalistica in quanto viene aggiornato senza nessuna periodicit\u00e0.<br \/>\nNon pu\u00f2 pertanto considerarsi un prodotto editoriale ai sensi della legge n. 62 del 7.03.2001.<br \/>\nGli autori, inoltre, non hanno alcuna responsabilit\u00e0 per quanto riguarda i siti ai quali \u00e8 possibile accedere tramite i collegamenti posti all\u2019interno del sito stesso, forniti come semplice servizio agli utenti della rete.<br \/>\nIl fatto che il blog fornisca questi collegamenti non implica l\u2019approvazione dei siti stessi, sulla cui qualit\u00e0, contenuti e grafica \u00e8 declinata ogni responsabilit\u00e0.<br \/>\nGli autori&nbsp;dichiarano di non essere responsabili per i commenti inseriti nei post. Eventuali commenti dei lettori lesivi dell\u2019immagine o della onorabilit\u00e0 di persone terze non sono da attribuirsi&nbsp;agli autori nemmeno se il commento viene espresso in forma anonima o criptata. I commenti offensivi, su richiesta della parte lesa, saranno rimossi.<br \/>\nInfine, chiunque possa vantare diritti d\u2019autore su immagini, testi o filmati contenuti in questo blog, pu\u00f2 segnalarlo utilizzando la pagina&nbsp;<a href=\"http:\/\/www.maranovalpolicella.it\/a\/?page_id=66\"><strong>info<\/strong><\/a>, per vedere ripristinato il proprio primato.<\/p>\n<div style=\"text-align: justify;\"><\/div>\n<\/div>\n","protected":false},"excerpt":{"rendered":"<p>Disclaimer by admin Questo blog non rappresenta una testata giornalistica in quanto viene aggiornato senza nessuna periodicit\u00e0. Non pu\u00f2 pertanto considerarsi un prodotto editoriale ai sensi della legge n. 62 del 7.03.2001. Gli autori, inoltre, non hanno alcuna responsabilit\u00e0 per quanto riguarda i siti ai quali \u00e8 possibile accedere tramite i collegamenti posti all\u2019interno del &hellip; <\/p>\n<p><a class=\"more-link btn\" href=\"https:\/\/www.maranovalpolicella.it\/a\/privacy-policy\/disclaimer\/\">Continua a leggere<\/a><\/p>\n","protected":false},"author":2,"featured_media":0,"parent":3051,"menu_order":99,"comment_status":"open","ping_status":"closed","template":"","meta":{"footnotes":""},"class_list":["post-306","page","type-page","status-publish","hentry","nodate","item-wrap"],"_links":{"self":[{"href":"https:\/\/www.maranovalpolicella.it\/a\/wp-json\/wp\/v2\/pages\/306","targetHints":{"allow":["GET"]}}],"collection":[{"href":"https:\/\/www.maranovalpolicella.it\/a\/wp-json\/wp\/v2\/pages"}],"about":[{"href":"https:\/\/www.maranovalpolicella.it\/a\/wp-json\/wp\/v2\/types\/page"}],"author":[{"embeddable":true,"href":"https:\/\/www.maranovalpolicella.it\/a\/wp-json\/wp\/v2\/users\/2"}],"replies":[{"embeddable":true,"href":"https:\/\/www.maranovalpolicella.it\/a\/wp-json\/wp\/v2\/comments?post=306"}],"version-history":[{"count":6,"href":"https:\/\/www.maranovalpolicella.it\/a\/wp-json\/wp\/v2\/pages\/306\/revisions"}],"predecessor-version":[{"id":3069,"href":"https:\/\/www.maranovalpolicella.it\/a\/wp-json\/wp\/v2\/pages\/306\/revisions\/3069"}],"up":[{"embeddable":true,"href":"https:\/\/www.maranovalpolicella.it\/a\/wp-json\/wp\/v2\/pages\/3051"}],"wp:attachment":[{"href":"https:\/\/www.maranovalpolicella.it\/a\/wp-json\/wp\/v2\/media?parent=306"}],"curies":[{"name":"wp","href":"https:\/\/api.w.org\/{rel}","templated":true}]}}