{"id":360,"date":"2012-10-10T22:25:41","date_gmt":"2012-10-10T20:25:41","guid":{"rendered":"http:\/\/www.maranovalpolicella.it\/a\/?page_id=360"},"modified":"2012-10-19T21:12:16","modified_gmt":"2012-10-19T19:12:16","slug":"oratorio-di-san-carlo","status":"publish","type":"page","link":"https:\/\/www.maranovalpolicella.it\/a\/territorio\/chiese-e-oratori\/oratorio-di-san-carlo\/","title":{"rendered":"Oratorio di San Carlo"},"content":{"rendered":"<p style=\"text-align: justify;\"><a href=\"http:\/\/www.maranovalpolicella.it\/immagini\/marano\/canzago-05.jpg\" data-lbwps-width=\"700\" data-lbwps-height=\"525\" data-lbwps-srcsmall=\"http:\/\/www.maranovalpolicella.it\/immagini\/marano\/canzago-05.jpg\"><img loading=\"lazy\" decoding=\"async\" class=\"alignleft\" src=\"http:\/\/www.maranovalpolicella.it\/immagini\/marano\/canzago-05.jpg\" alt=\"\" width=\"265\" height=\"199\" \/><\/a>La prima attestazione dell\u2019esistenza dell\u2019oratorio intitolato a San Carlo, in <a href=\"http:\/\/www.maranovalpolicella.it\/a\/?page_id=132\">localit\u00e0 Canzago<\/a> di Marano, risale al 1723, quando i conti Porta scrivono al vescovo di Verona per ottenere il permesso di erigere una chiesa sulla loro propriet\u00e0, essendo il paese situato \u00abtra monti alpestri\u00bb e a notevole distanza dalla chiesa parrocchiale, le vie spesso malridotte, disastrose e impraticabili per cui la loro abitazione, \u00abin Villa Marano\u00bb, avrebbe potuto essere un comodo punto di riferimento per le altre famiglie del luogo. Quattro giorni dopo \u2013 14 aprile 1723 \u2013 i fratelli Porta informano il vescovo di aver gi\u00e0 ricevuto la licenza di poter costruire l\u2019oratorio dal doge con ducale 10 aprile 1723 e si impegnano a erigerlo e a dedicarlo a San Carlo Borromeo.<\/p>\n<p style=\"text-align: justify;\"><a href=\"http:\/\/www.maranovalpolicella.it\/immagini\/marano\/canzago-06.jpg\" data-lbwps-width=\"525\" data-lbwps-height=\"700\" data-lbwps-srcsmall=\"http:\/\/www.maranovalpolicella.it\/immagini\/marano\/canzago-06.jpg\"><img loading=\"lazy\" decoding=\"async\" class=\"alignright\" src=\"http:\/\/www.maranovalpolicella.it\/immagini\/marano\/canzago-06.jpg\" alt=\"\" width=\"189\" height=\"252\" \/><\/a>Il 18 aprile 1723 un collaboratore del vescovo invia don Carlo Corrado a visitare il fabbricato destinato a diventare oratorio e a informarsi sul parere del parroco di Marano. L\u2019inviato nota che il luogo \u00e8 decente, sono gi\u00e0 state costruite le fondamenta e la porta \u00e8 rivolta all\u2019antistante strada. Avuto il benestare del parroco, il 26 aprile 1723 i conti ottengono di poter completare la costruzione dell\u2019oratorio. L\u2019edificio si apre, sulla strada esterna, ad accogliere tutta la societ\u00e0 contradale gravitante attorno alla villa. Mentre il palazzo dominicale, nella persistenza dell\u2019impianto seicentesco, conserva un aspetto ancora sostanzialmente severo, nella facciata della chiesetta trovano sfogo le divagazioni ornamentali in senso barocco-rococ\u00f2, finalizzate forse, in chiave psicologica, a conferire al luogo sacro un aspetto confidenziale e invitante.<\/p>\n<p style=\"text-align: justify;\"><a href=\"http:\/\/www.maranovalpolicella.it\/immagini\/marano\/sancarlo-01.jpg\" data-lbwps-width=\"600\" data-lbwps-height=\"450\" data-lbwps-srcsmall=\"http:\/\/www.maranovalpolicella.it\/immagini\/marano\/sancarlo-01.jpg\"><img loading=\"lazy\" decoding=\"async\" class=\"aligncenter\" title=\"San Carlo - dipinto sulla cupola della parrocchiale\" src=\"http:\/\/www.maranovalpolicella.it\/immagini\/marano\/sancarlo-01.jpg\" alt=\"\" width=\"216\" height=\"162\" \/><\/a>Al di sopra di semplici finestre laterali e di un portale dal cornicione mistilineo, si eleva una curiosa cimasa dalle ampie curvature concave, che sostiene la finestra superiore. La singolare facciata \u00e8 peraltro chiusa da un classicistico frontone triangolare. L\u2019interno della chiesetta presenta, nella versione graziosa e antimonumentale del rococ\u00f2, un altare di marmi policromi con porte laterali dalle elaborate cimase.<\/p>\n<p style=\"text-align: justify;\">(tratto dal libro edito dal comune, Marano Valpolicella, 1999)<\/p>\n<p style=\"text-align: justify;\"><a href=\"http:\/\/www.maranovalpolicella.it\/a\/?page_id=132\">Canzago<\/a><\/p>\n","protected":false},"excerpt":{"rendered":"<p>La prima attestazione dell\u2019esistenza dell\u2019oratorio intitolato a San Carlo, in localit\u00e0 Canzago di Marano, risale al 1723, quando i conti Porta scrivono al vescovo di Verona per ottenere il permesso di erigere una chiesa sulla loro propriet\u00e0, essendo il paese situato \u00abtra monti alpestri\u00bb e a notevole distanza dalla chiesa parrocchiale, le vie spesso malridotte, &hellip; <\/p>\n<p><a class=\"more-link btn\" href=\"https:\/\/www.maranovalpolicella.it\/a\/territorio\/chiese-e-oratori\/oratorio-di-san-carlo\/\">Continua a leggere<\/a><\/p>\n","protected":false},"author":2,"featured_media":0,"parent":358,"menu_order":0,"comment_status":"open","ping_status":"open","template":"","meta":{"footnotes":""},"class_list":["post-360","page","type-page","status-publish","hentry","nodate","item-wrap"],"_links":{"self":[{"href":"https:\/\/www.maranovalpolicella.it\/a\/wp-json\/wp\/v2\/pages\/360","targetHints":{"allow":["GET"]}}],"collection":[{"href":"https:\/\/www.maranovalpolicella.it\/a\/wp-json\/wp\/v2\/pages"}],"about":[{"href":"https:\/\/www.maranovalpolicella.it\/a\/wp-json\/wp\/v2\/types\/page"}],"author":[{"embeddable":true,"href":"https:\/\/www.maranovalpolicella.it\/a\/wp-json\/wp\/v2\/users\/2"}],"replies":[{"embeddable":true,"href":"https:\/\/www.maranovalpolicella.it\/a\/wp-json\/wp\/v2\/comments?post=360"}],"version-history":[{"count":10,"href":"https:\/\/www.maranovalpolicella.it\/a\/wp-json\/wp\/v2\/pages\/360\/revisions"}],"predecessor-version":[{"id":471,"href":"https:\/\/www.maranovalpolicella.it\/a\/wp-json\/wp\/v2\/pages\/360\/revisions\/471"}],"up":[{"embeddable":true,"href":"https:\/\/www.maranovalpolicella.it\/a\/wp-json\/wp\/v2\/pages\/358"}],"wp:attachment":[{"href":"https:\/\/www.maranovalpolicella.it\/a\/wp-json\/wp\/v2\/media?parent=360"}],"curies":[{"name":"wp","href":"https:\/\/api.w.org\/{rel}","templated":true}]}}