{"id":3806,"date":"2021-11-22T10:44:23","date_gmt":"2021-11-22T09:44:23","guid":{"rendered":"https:\/\/www.maranovalpolicella.it\/a\/?page_id=3806"},"modified":"2022-08-02T18:50:56","modified_gmt":"2022-08-02T16:50:56","slug":"sincadi-di-marano","status":"publish","type":"page","link":"https:\/\/www.maranovalpolicella.it\/a\/territorio\/sincadi-di-marano\/","title":{"rendered":"Sindaci di Marano"},"content":{"rendered":"\n<p>Giambattista Buella   1867 primo sindaco<br>Antonio Campagnola   1870-1877<br>Francesco Lavarini     1877-1889<br>Ferdinando Candiani   1890-1892<br>Giovanni Tommasi   1892-1895<br>Francesco Lonardi     1895-1899<br>Luigi Vaona    1899-1905<br>Francesco Lonardi  1905-1914<br>Paolo Vaona     1914-1920<br>Carlo Zancanaro   1920-1921<br>Giuseppe Zardini   1921-1926<br>Cesare Campagnola    1926-1932   podest\u00e0<br>Roberto Barbetta    1932-1935        podest\u00e0<br>Attilio Maoli   1935-1937                     podest\u00e0<br>Francesco Castellani  1937-1938   podest\u00e0<br>Guido Campagnola  1938-1945      podest\u00e0<br>Luigi Spada 1945-1946<br>Giuseppe Zardini  1946-1951<br>Luigi Campagnola  1951-1960<br>Luigi Borghetti   1960-1969<br>Sante Degani  1969-1970<br>Gian Maria Tommasi   1970-1976<br>Luigi De Nardi    1976-1985<br>Pietro Clementi   1985-1999<br>Simone Venturini<br>Giovanni Viviani<br>Giuseppe Zardini<br><\/p>\n","protected":false},"excerpt":{"rendered":"<p>Giambattista Buella 1867 primo sindacoAntonio Campagnola 1870-1877Francesco Lavarini 1877-1889Ferdinando Candiani 1890-1892Giovanni Tommasi 1892-1895Francesco Lonardi 1895-1899Luigi Vaona 1899-1905Francesco Lonardi 1905-1914Paolo Vaona 1914-1920Carlo Zancanaro 1920-1921Giuseppe Zardini 1921-1926Cesare Campagnola 1926-1932 podest\u00e0Roberto Barbetta 1932-1935 podest\u00e0Attilio Maoli 1935-1937 podest\u00e0Francesco Castellani 1937-1938 podest\u00e0Guido Campagnola 1938-1945 podest\u00e0Luigi Spada 1945-1946Giuseppe Zardini 1946-1951Luigi Campagnola 1951-1960Luigi Borghetti 1960-1969Sante Degani 1969-1970Gian Maria Tommasi 1970-1976Luigi De Nardi &hellip; <\/p>\n<p><a class=\"more-link btn\" href=\"https:\/\/www.maranovalpolicella.it\/a\/territorio\/sincadi-di-marano\/\">Continua a leggere<\/a><\/p>\n","protected":false},"author":2,"featured_media":0,"parent":42,"menu_order":-1,"comment_status":"closed","ping_status":"closed","template":"","meta":{"footnotes":""},"class_list":["post-3806","page","type-page","status-publish","hentry","nodate","item-wrap"],"_links":{"self":[{"href":"https:\/\/www.maranovalpolicella.it\/a\/wp-json\/wp\/v2\/pages\/3806","targetHints":{"allow":["GET"]}}],"collection":[{"href":"https:\/\/www.maranovalpolicella.it\/a\/wp-json\/wp\/v2\/pages"}],"about":[{"href":"https:\/\/www.maranovalpolicella.it\/a\/wp-json\/wp\/v2\/types\/page"}],"author":[{"embeddable":true,"href":"https:\/\/www.maranovalpolicella.it\/a\/wp-json\/wp\/v2\/users\/2"}],"replies":[{"embeddable":true,"href":"https:\/\/www.maranovalpolicella.it\/a\/wp-json\/wp\/v2\/comments?post=3806"}],"version-history":[{"count":7,"href":"https:\/\/www.maranovalpolicella.it\/a\/wp-json\/wp\/v2\/pages\/3806\/revisions"}],"predecessor-version":[{"id":6358,"href":"https:\/\/www.maranovalpolicella.it\/a\/wp-json\/wp\/v2\/pages\/3806\/revisions\/6358"}],"up":[{"embeddable":true,"href":"https:\/\/www.maranovalpolicella.it\/a\/wp-json\/wp\/v2\/pages\/42"}],"wp:attachment":[{"href":"https:\/\/www.maranovalpolicella.it\/a\/wp-json\/wp\/v2\/media?parent=3806"}],"curies":[{"name":"wp","href":"https:\/\/api.w.org\/{rel}","templated":true}]}}