{"id":439,"date":"2012-10-16T23:08:11","date_gmt":"2012-10-16T21:08:11","guid":{"rendered":"http:\/\/www.maranovalpolicella.it\/a\/?page_id=439"},"modified":"2012-10-19T21:13:38","modified_gmt":"2012-10-19T19:13:38","slug":"villa-lorenzi-a-canzago","status":"publish","type":"page","link":"https:\/\/www.maranovalpolicella.it\/a\/territorio\/ville-e-case-padronali\/villa-lorenzi-a-canzago\/","title":{"rendered":"Villa Lorenzi a Canzago"},"content":{"rendered":"<p style=\"text-align: justify;\"><a href=\"http:\/\/www.maranovalpolicella.it\/immagini\/marano\/canzag-08.jpg\" data-lbwps-width=\"300\" data-lbwps-height=\"217\" data-lbwps-srcsmall=\"http:\/\/www.maranovalpolicella.it\/immagini\/marano\/canzag-08.jpg\"><img loading=\"lazy\" decoding=\"async\" class=\"alignleft\" src=\"http:\/\/www.maranovalpolicella.it\/immagini\/marano\/canzag-08.jpg\" alt=\"\" width=\"300\" height=\"217\" \/><\/a>La grande stagione dell\u2019architettura neoclassica veronese di Cristofoli, Trezza e Barbieri, lasci\u00f2 tracce visibili anche sul territorio, specie\u00a0nell&#8217;architettura\u00a0delle ville. Villa Lorenzi, ora Benati, a Canzago di Marano, che domina da posizione emergente la vallata, ne \u00e8 una delle testimonianze. Essa testimonia anche il vasto consenso che il gusto neoclassico incontr\u00f2 presso il patriziato veronese. Progettata nel 1790 da Luigi Trezza\u00a0 e portata a termine nel 1792, la villa scaturisce in realt\u00e0 da un emblematico aggiornamento stilistico di una precedente dimora padronale.<br \/>\nCostituito da un lungo blocco parallelepipedo, l\u2019edificio si innesta, quasi come un corpo estraneo, a se stante, fra le propaggini dei preesistenti edifici rusticali, con i quali, bench\u00e9 fisicamente contiguo, non ricerca pi\u00f9 alcuna integrazione architettonica. Il lessico aulico dell\u2019architettura neoclassica sancisce, fra Sette e Ottocento, la definitiva frattura fra il mondo aristocratico e il mondo rurale.<br \/>\nSulla lunga facciata si concentra l\u2019ostentazione dei segni architettonici del rango sociale. In alto al centro, affilato e asettico, emerge il frontone triangolare. E pi\u00f9 sotto si allineano i tre ordini di finestre raccordate da un ritmo costante, spezzato solo dall\u2019apertura del portale e dal finestrone arcuato che d\u00e0 sul salone. Al piano nobile, la sequenza di finestre \u00e8 arricchita dal ritmo alterno dei frontoncini curvi e triangolari, mentre pi\u00f9 sopra si dispongono le<a href=\"http:\/\/www.maranovalpolicella.it\/immagini\/marano\/canzago-09.jpg\" data-lbwps-width=\"640\" data-lbwps-height=\"480\" data-lbwps-srcsmall=\"http:\/\/www.maranovalpolicella.it\/immagini\/marano\/canzago-09.jpg\"><img loading=\"lazy\" decoding=\"async\" class=\"alignright\" src=\"http:\/\/www.maranovalpolicella.it\/immagini\/marano\/canzago-09.jpg\" alt=\"\" width=\"269\" height=\"202\" \/><\/a> piccole finestre del piano attico, a coronamento della facciata.Luigi Trezza ripropone in villa Lorenzi schemi gi\u00e0 lungamente praticati e di matrice dichiaratamente urbana. La penetrazione in campagna del modello del palazzo cittadino contribuisce a irrigidire il prospetto in un\u2019immobile bidimensionalit\u00e0, appena sfumata dal lieve aggetto della frazione centrale e dalla tenue vibrazione luministica dell\u2019inserto in bugnato a piano terra.<\/p>\n<p style=\"text-align: justify;\">(tratto dal libro edito dal comune, Marano Valpolicella, 1999)<\/p>\n<p style=\"text-align: justify;\">\n","protected":false},"excerpt":{"rendered":"<p>La grande stagione dell\u2019architettura neoclassica veronese di Cristofoli, Trezza e Barbieri, lasci\u00f2 tracce visibili anche sul territorio, specie\u00a0nell&#8217;architettura\u00a0delle ville. Villa Lorenzi, ora Benati, a Canzago di Marano, che domina da posizione emergente la vallata, ne \u00e8 una delle testimonianze. Essa testimonia anche il vasto consenso che il gusto neoclassico incontr\u00f2 presso il patriziato veronese. Progettata &hellip; <\/p>\n<p><a class=\"more-link btn\" href=\"https:\/\/www.maranovalpolicella.it\/a\/territorio\/ville-e-case-padronali\/villa-lorenzi-a-canzago\/\">Continua a leggere<\/a><\/p>\n","protected":false},"author":2,"featured_media":0,"parent":377,"menu_order":0,"comment_status":"open","ping_status":"open","template":"","meta":{"footnotes":""},"class_list":["post-439","page","type-page","status-publish","hentry","nodate","item-wrap"],"_links":{"self":[{"href":"https:\/\/www.maranovalpolicella.it\/a\/wp-json\/wp\/v2\/pages\/439","targetHints":{"allow":["GET"]}}],"collection":[{"href":"https:\/\/www.maranovalpolicella.it\/a\/wp-json\/wp\/v2\/pages"}],"about":[{"href":"https:\/\/www.maranovalpolicella.it\/a\/wp-json\/wp\/v2\/types\/page"}],"author":[{"embeddable":true,"href":"https:\/\/www.maranovalpolicella.it\/a\/wp-json\/wp\/v2\/users\/2"}],"replies":[{"embeddable":true,"href":"https:\/\/www.maranovalpolicella.it\/a\/wp-json\/wp\/v2\/comments?post=439"}],"version-history":[{"count":5,"href":"https:\/\/www.maranovalpolicella.it\/a\/wp-json\/wp\/v2\/pages\/439\/revisions"}],"predecessor-version":[{"id":441,"href":"https:\/\/www.maranovalpolicella.it\/a\/wp-json\/wp\/v2\/pages\/439\/revisions\/441"}],"up":[{"embeddable":true,"href":"https:\/\/www.maranovalpolicella.it\/a\/wp-json\/wp\/v2\/pages\/377"}],"wp:attachment":[{"href":"https:\/\/www.maranovalpolicella.it\/a\/wp-json\/wp\/v2\/media?parent=439"}],"curies":[{"name":"wp","href":"https:\/\/api.w.org\/{rel}","templated":true}]}}