{"id":6881,"date":"2026-04-26T15:09:23","date_gmt":"2026-04-26T13:09:23","guid":{"rendered":"https:\/\/www.maranovalpolicella.it\/a\/?page_id=6881"},"modified":"2026-04-26T15:09:23","modified_gmt":"2026-04-26T13:09:23","slug":"fornale","status":"publish","type":"page","link":"https:\/\/www.maranovalpolicella.it\/a\/contrade\/purano\/fornale\/","title":{"rendered":"Fornal\u00e8"},"content":{"rendered":"<p>Nel Comune di Marano, in luogo appartato, appena sopra l\u2019antico abitato di Purano e a questo collegato da brevissimo tratto di strada in forte salita (meglio sarebbe dire una mulattiera), sta la corte di Fornaledo, toponimo assai antico ma tuttora conservato nell\u2019attuale intitolazione della strada in questione. La corte \u00e8 assolutamente isolata dalla contrada di Purano che si pu\u00f2 ammirare ai piedi da questo balcone panoramico dal quale, oltre la contrada, si gode di una splendida vista di tutta la vallata di Fumane e delle propaggini del monte Pastello, essendo appunto Purano, pur nel Comune di Marano, collocato sul versante orientale del bacino imbrifero della valle dei Progni, la pi\u00f9 incisa e la pi\u00f9 panoramicamente spettacolare delle tre vallate valpolicellesi.<\/p>\n<p>Appena sotto la corte di Fornaledo, ma assai conurbata con le pi\u00f9 o meno recenti espansioni della contrada di Purano, sta la porzione con tutta probabilit\u00e0 storicamente, artisticamente e architettonicamente pi\u00f9 interessante di tale contrada; la parte cio\u00e8 che \u00e8 ancora indicata dagli abitanti come la Villa, toponimo che, se di origini medioevali, ricorderebbe appunto un agglomerato relativamente consistente di abitazioni, servite da una chiesa, quella di San Giorgio, nata poco discosta da questo nucleo primitivo e attorno alla quale si sono poi, nel tempo, venute addensando altre costruzioni.<\/p>\n<div><\/div>\n<h2><strong>Fornaledo: le prime attestazioni<\/strong><\/h2>\n<p>Il toponimo Fornaledo, pi\u00f9 precisamente Farnaledo (ma pu\u00f2 essere un errore di trascrizione del documento originale che pi\u00f9 non esiste e del quale possediamo soltanto una copia molto tarda) compare una prima volta in una carta del 1 aprile 908 con la quale Austroberto, abate di Santa Maria in Organo, concede al chierico Giovanni, che le aveva chieste, e a Giselberga, del castello di Verona, due <em>colonicae<\/em> in Valpolicella, oltre che una in Valpantena, e ci\u00f2 fino alla loro morte, con l\u2019obbligo di pagare due soldi per la festa di San Zeno dell\u20198 dicembre e, dopo la morte di Giovanni, di restituire una parte degli stessi beni al monastero, nonch\u00e9 di pagare a Giselberga il censo di due denari alla chiesa di Santa Maria Antica per l\u2019enfiteusi dell\u2019altra parte. La colonica di Fornaledo, aggiunge il documento, era retta in quel momento da Gisemberto, arimanno, cio\u00e8 un uomo libero, vivente secondo la legge longobarda.<\/p>\n<p>Per <em>colonica<\/em> si deve intendere una unit\u00e0 di conduzione agricola costituita da una o pi\u00f9 case, dall\u2019orto, dall\u2019aia e da terre coltivate: una vera e propria azienda agricola con un colono conduttore residente, in grado di attendere ai lavori agricoli durante tutto l\u2019anno.<\/p>\n<div><\/div>\n<h2><strong>Il primo Fornal\u00e8<\/strong><\/h2>\n<p>Cinque secoli dopo, il toponimo riappare nel testamento del 1410 di <strong>Giovanni detto da Fornaledo<\/strong>, figlio del fu Pietro, dettato:<\/p>\n<blockquote><p>\u00abin villa Marani vallis Pulicelle, in contrada Purani, in domo habitationis testatoris\u00bb<\/p><\/blockquote>\n<p>Il testamento \u00e8 redatto sopra una panca, sotto il portico della sua casa, probabilmente dotata di portico e loggia. Giovanni chiede di essere sepolto nella chiesa di San Giorgio di Purano e dispone lasciti di pane, vino e prodotti agricoli ai poveri per dieci anni dopo la sua morte.<\/p>\n<p>Alla moglie Savia lascia otto pecore, l\u2019uso della camera da letto e una serie di derrate annuali (vino, frumento, segale, spelta, olio, legumi, carne di maiale). Nomina erede universale il nipote Domenico, figlio del defunto Nicol\u00f2.<\/p>\n<p>Il testamento mostra un agricoltore benestante, proprietario di casa, con produzione di vino, olio, cereali, legumi e allevamento di bestiame.<\/p>\n<div><\/div>\n<h2><strong>Le propriet\u00e0 di San Leonardo<\/strong><\/h2>\n<p>Dopo un lungo silenzio documentario, Fornaledo ricompare nel 1440 in una permuta tra il monastero di San Leonardo in Monte Donico e il drappiere Matteo di Gregorio. Tra i beni ceduti dal monastero vi sono:<\/p>\n<ul>\n<li>\u00abuna <em>pecia terre casaliva<\/em> con casa murata, coperta di coppi e <em>solarata<\/em>, con corte e orto\u00bb<\/li>\n<li>un\u2019altra \u00ab<em>pecia terre casaliva<\/em> con una muralea e corte davanti\u00bb<\/li>\n<\/ul>\n<p>Nel 1469 gli stessi beni vengono concessi in locazione perpetua a membri della famiglia Fornaledo.<\/p>\n<div><\/div>\n<h2><strong>Un unico complesso di edifici<\/strong><\/h2>\n<p>I documenti del 1469 mostrano che le due case con corte erano contigue e formavano un unico complesso, abitato dai Fornal\u00e8. Nel 1511 Bernardino del fu Nicol\u00f2 Fornaledo detta testamento nella sua camera da letto, lasciando una delle case al figlio Bartolomeo.<\/p>\n<div><\/div>\n<h2><strong>La ristrutturazione del 1568<\/strong><\/h2>\n<p>Verso la fine del Cinquecento la corte viene profondamente rinnovata. Una data incisa (1568) sulla chiave dell\u2019arco del portale conferma l\u2019intervento, coerente con lo stile rinascimentale veronese.<\/p>\n<div><\/div>\n<h2><strong>Dai Fornal\u00e8 ai Borghetti<\/strong><\/h2>\n<p>I registri parrocchiali mostrano che:<\/p>\n<ul>\n<li>i Fornal\u00e8 abitano e vengono sepolti a Purano fino alla fine del Settecento<\/li>\n<li>i Borghetti, originari di Santa Minerva, compaiono a Purano solo dal 1825<\/li>\n<\/ul>\n<p>Il Catasto austriaco del 1840 registra la casa n. 752 intestata a <strong>Fiorio Borghetti<\/strong>, confermando il passaggio di propriet\u00e0 tra fine Settecento e inizio Ottocento.<\/p>\n","protected":false},"excerpt":{"rendered":"<p>Nel Comune di Marano, in luogo appartato, appena sopra l\u2019antico abitato di Purano e a questo collegato da brevissimo tratto di strada in forte salita (meglio sarebbe dire una mulattiera), sta la corte di Fornaledo, toponimo assai antico ma tuttora conservato nell\u2019attuale intitolazione della strada in questione. La corte \u00e8 assolutamente isolata dalla contrada di &hellip; <\/p>\n<p><a class=\"more-link btn\" href=\"https:\/\/www.maranovalpolicella.it\/a\/contrade\/purano\/fornale\/\">Continua a leggere<\/a><\/p>\n","protected":false},"author":3,"featured_media":0,"parent":72,"menu_order":0,"comment_status":"closed","ping_status":"closed","template":"","meta":{"footnotes":""},"class_list":["post-6881","page","type-page","status-publish","hentry","nodate","item-wrap"],"_links":{"self":[{"href":"https:\/\/www.maranovalpolicella.it\/a\/wp-json\/wp\/v2\/pages\/6881","targetHints":{"allow":["GET"]}}],"collection":[{"href":"https:\/\/www.maranovalpolicella.it\/a\/wp-json\/wp\/v2\/pages"}],"about":[{"href":"https:\/\/www.maranovalpolicella.it\/a\/wp-json\/wp\/v2\/types\/page"}],"author":[{"embeddable":true,"href":"https:\/\/www.maranovalpolicella.it\/a\/wp-json\/wp\/v2\/users\/3"}],"replies":[{"embeddable":true,"href":"https:\/\/www.maranovalpolicella.it\/a\/wp-json\/wp\/v2\/comments?post=6881"}],"version-history":[{"count":1,"href":"https:\/\/www.maranovalpolicella.it\/a\/wp-json\/wp\/v2\/pages\/6881\/revisions"}],"predecessor-version":[{"id":6882,"href":"https:\/\/www.maranovalpolicella.it\/a\/wp-json\/wp\/v2\/pages\/6881\/revisions\/6882"}],"up":[{"embeddable":true,"href":"https:\/\/www.maranovalpolicella.it\/a\/wp-json\/wp\/v2\/pages\/72"}],"wp:attachment":[{"href":"https:\/\/www.maranovalpolicella.it\/a\/wp-json\/wp\/v2\/media?parent=6881"}],"curies":[{"name":"wp","href":"https:\/\/api.w.org\/{rel}","templated":true}]}}