{"id":703,"date":"2012-10-31T23:04:02","date_gmt":"2012-10-31T22:04:02","guid":{"rendered":"http:\/\/www.maranovalpolicella.it\/a\/?page_id=703"},"modified":"2015-05-02T23:55:41","modified_gmt":"2015-05-02T21:55:41","slug":"san-marco-a-pozzo","status":"publish","type":"page","link":"https:\/\/www.maranovalpolicella.it\/a\/territorio\/chiese-e-oratori\/san-marco-a-pozzo\/","title":{"rendered":"San Marco al Pozzo"},"content":{"rendered":"<p style=\"text-align: justify;\"><strong><span style=\"color: #003300; font-family: Verdana, Arial, Helvetica, sans-serif; font-size: small;\"><a href=\"http:\/\/www.maranovalpolicella.it\/immagini\/pozzo\/smarco-07.jpg\" data-lbwps-width=\"700\" data-lbwps-height=\"525\" data-lbwps-srcsmall=\"http:\/\/www.maranovalpolicella.it\/immagini\/pozzo\/smarco-07.jpg\"><img loading=\"lazy\" decoding=\"async\" class=\"alignleft\" src=\"http:\/\/www.maranovalpolicella.it\/immagini\/pozzo\/smarco-07.jpg\" alt=\"\" width=\"294\" height=\"221\" \/><\/a>\u00c8 una delle molte chiesette romaniche della Valpolicella nascoste fra i campi e le corti: venendo da Verona e da San Floriano se ne vede il campaniletto a punta guardando sulla sinistra all&#8217;ingresso del paese, poco prima del cartello stradale di Valgatara e ci si arriva in poco pi\u00f9 di 100 metri in contrada Pozzo. In mezzo a un prato, occupato fino a 200 anni fa dal cimitero, si innalza con la stessa struttura di sette secoli fa, la semplice facciata a capanna, il campaniletto. Da notare sul fianco sud una bella Crocifissione ad affresco e in un angolo del muro sud una lapide romana con l&#8217;iscrizione IOVI OM.\u00a0<\/span><\/strong><strong><span style=\"color: #003300; font-family: Verdana, Arial, Helvetica, sans-serif; font-size: small;\">L&#8217;interno ad un&#8217;unica navata con tetto a capriate \u00e8 stato decorato a pi\u00f9 riprese nel corso dei secoli: gli affreschi sono pi\u00f9 o meno della fine del &#8216;300, inizio del &#8216;400; la cappella del lato nord \u00e8 stata aperta verso la fine del &#8216;500, mentre la bella pala firmata dal fiammingo Michel Meeves \u00e8 di una cinquantina d&#8217;anni pi\u00f9 tarda. La chiesa \u00e8 stata interamente restaurata recentemente dalla Amministrazione Comunale di Marano.<\/span><\/strong><\/p>\n<p style=\"text-align: justify;\"><a href=\"http:\/\/www.maranovalpolicella.it\/immagini\/pozzo\/smarco-09.jpg\" data-lbwps-width=\"500\" data-lbwps-height=\"198\" data-lbwps-srcsmall=\"http:\/\/www.maranovalpolicella.it\/immagini\/pozzo\/smarco-09.jpg\"><img loading=\"lazy\" decoding=\"async\" class=\"aligncenter\" src=\"http:\/\/www.maranovalpolicella.it\/immagini\/pozzo\/smarco-09.jpg\" alt=\"\" width=\"500\" height=\"198\" \/><\/a><\/p>\n<p style=\"text-align: justify;\"><a href=\"http:\/\/www.maranovalpolicella.it\/immagini\/pozzo\/smarco-08.jpg\" data-lbwps-width=\"700\" data-lbwps-height=\"525\" data-lbwps-srcsmall=\"http:\/\/www.maranovalpolicella.it\/immagini\/pozzo\/smarco-08.jpg\"><img loading=\"lazy\" decoding=\"async\" class=\"alignleft\" style=\"background-color: #e6f9ff;\" src=\"http:\/\/www.maranovalpolicella.it\/immagini\/pozzo\/smarco-08.jpg\" alt=\"\" width=\"252\" height=\"189\" \/><\/a><\/p>\n<div><\/div>\n<h4><a href=\"http:\/\/www.maranovalpolicella.it\/a\/?page_id=706\">SAN MARCO La chiesetta<\/a>\u00a0 \u00a0 \u00a0 \u00a0 \u00a0\u00a0<a href=\"http:\/\/www.maranovalpolicella.it\/a\/?page_id=708\">SAN MARCO interno<\/a>\u00a0 \u00a0 \u00a0 \u00a0&#8211; \u00a0 \u00a0<a href=\"http:\/\/www.maranovalpolicella.it\/a\/?page_id=240\">Pozzo<\/a><\/h4>\n<p style=\"text-align: justify;\"><strong><span style=\"color: #003300; font-family: Verdana, Arial, Helvetica, sans-serif; font-size: small;\"><br \/>\n<\/span><\/strong><\/p>\n<p>&nbsp;<\/p>\n","protected":false},"excerpt":{"rendered":"<p>\u00c8 una delle molte chiesette romaniche della Valpolicella nascoste fra i campi e le corti: venendo da Verona e da San Floriano se ne vede il campaniletto a punta guardando sulla sinistra all&#8217;ingresso del paese, poco prima del cartello stradale di Valgatara e ci si arriva in poco pi\u00f9 di 100 metri in contrada Pozzo. &hellip; <\/p>\n<p><a class=\"more-link btn\" href=\"https:\/\/www.maranovalpolicella.it\/a\/territorio\/chiese-e-oratori\/san-marco-a-pozzo\/\">Continua a leggere<\/a><\/p>\n","protected":false},"author":2,"featured_media":0,"parent":358,"menu_order":0,"comment_status":"open","ping_status":"open","template":"","meta":{"footnotes":""},"class_list":["post-703","page","type-page","status-publish","hentry","nodate","item-wrap"],"_links":{"self":[{"href":"https:\/\/www.maranovalpolicella.it\/a\/wp-json\/wp\/v2\/pages\/703","targetHints":{"allow":["GET"]}}],"collection":[{"href":"https:\/\/www.maranovalpolicella.it\/a\/wp-json\/wp\/v2\/pages"}],"about":[{"href":"https:\/\/www.maranovalpolicella.it\/a\/wp-json\/wp\/v2\/types\/page"}],"author":[{"embeddable":true,"href":"https:\/\/www.maranovalpolicella.it\/a\/wp-json\/wp\/v2\/users\/2"}],"replies":[{"embeddable":true,"href":"https:\/\/www.maranovalpolicella.it\/a\/wp-json\/wp\/v2\/comments?post=703"}],"version-history":[{"count":10,"href":"https:\/\/www.maranovalpolicella.it\/a\/wp-json\/wp\/v2\/pages\/703\/revisions"}],"predecessor-version":[{"id":2403,"href":"https:\/\/www.maranovalpolicella.it\/a\/wp-json\/wp\/v2\/pages\/703\/revisions\/2403"}],"up":[{"embeddable":true,"href":"https:\/\/www.maranovalpolicella.it\/a\/wp-json\/wp\/v2\/pages\/358"}],"wp:attachment":[{"href":"https:\/\/www.maranovalpolicella.it\/a\/wp-json\/wp\/v2\/media?parent=703"}],"curies":[{"name":"wp","href":"https:\/\/api.w.org\/{rel}","templated":true}]}}