{"id":74,"date":"2012-10-04T00:02:02","date_gmt":"2012-10-03T22:02:02","guid":{"rendered":"http:\/\/www.maranovalpolicella.it\/a\/?page_id=74"},"modified":"2026-05-01T15:49:41","modified_gmt":"2026-05-01T13:49:41","slug":"crocetta","status":"publish","type":"page","link":"https:\/\/www.maranovalpolicella.it\/a\/contrade\/crocetta\/","title":{"rendered":"Crocetta"},"content":{"rendered":"<p style=\"text-align: justify;\"><strong><a href=\"https:\/\/www.maranovalpolicella.it\/a\/?da_image=6744\"><img loading=\"lazy\" decoding=\"async\" class=\"alignleft\" src=\"http:\/\/www.maranovalpolicella.it\/immagini\/crosetta\/crocetta.gif\" alt=\"\" width=\"120\" height=\"256\" \/><\/a>&#8220;Crosetta&#8221; &#8211; Crocetta &#8211; qui si incrociano: la strada che sale da Marano per Pezza e San Rocco, la strada che scende sull&#8217;altro versante a Fumane e per Purano, la strada che costeggia il crinale verso La Tenda in direzione San Pietro in Cariano.<br \/>\nIn questi ultimi anni si pu\u00f2 dire che si \u00e8 conquistata il titolo di &#8220;frazione&#8221; <a href=\"http:\/\/www.maranovalpolicella.it\/immagini\/crosetta\/crocetta-01.JPG\" data-lbwps-width=\"800\" data-lbwps-height=\"600\" data-lbwps-srcsmall=\"http:\/\/www.maranovalpolicella.it\/immagini\/crosetta\/crocetta-01.JPG\"><img loading=\"lazy\" decoding=\"async\" class=\"alignright\" src=\"http:\/\/www.maranovalpolicella.it\/immagini\/crosetta\/crocetta-01.JPG\" alt=\"\" width=\"288\" height=\"216\" \/><\/a>viste le numerose abitazioni costruite, con tanto di ristorante e pizzeria.<\/strong><\/p>\n<p style=\"text-align: justify;\">Poco lontano dalla localit\u00e0 Crocetta, in direzione Purano, si trova una vecchia miniera di ferro-manganese. Abbandonata da tempo, \u00e8 composta da tre gallerie; sfruttata nella seconda met\u00e0 del secolo XIX.<\/p>\n<p style=\"text-align: center;\"><a href=\"http:\/\/www.maranovalpolicella.it\/a\/?page_id=786\"><img loading=\"lazy\" decoding=\"async\" class=\"aligncenter\" src=\"http:\/\/www.maranovalpolicella.it\/immagini\/crosetta\/crocetta-02.JPG\" alt=\"\" width=\"216\" height=\"288\" \/><\/a><\/p>\n<p align=\"center\"><strong>Colonnetta votiva con iscrizione<\/strong><\/p>\n<p align=\"center\"><strong>LISANDRO SCHARTASI FECE PER SUA DIVOSIONE ANO 1639<\/strong><\/p>\n<p style=\"text-align: justify;\">altitudine m 410 s.m.<\/p>\n<p style=\"text-align: justify;\">censimento 2001 &#8211; famiglie\u00a0 nr.12<br \/>\ncensimento 2001 &#8211; abitanti\u00a0\u00a0 nr.37<\/p>\n<p><iframe loading=\"lazy\" src=\"http:\/\/maps.google.it\/maps?f=q&amp;source=embed&amp;hl=it&amp;geocode=&amp;q=Crocetta,+Marano+di+Valpolicella&amp;aq=0&amp;sll=45.561134,10.901871&amp;sspn=0.007512,0.013711&amp;gl=it&amp;ie=UTF8&amp;hq=&amp;hnear=Crocetta,+Verona,+Veneto&amp;layer=c&amp;cbll=45.551895,10.908261&amp;panoid=TJrr_8R5aiscOTSGKOVCzg&amp;cbp=13,192.57,,0,5.07&amp;t=m&amp;ll=45.547777,10.908179&amp;spn=0.014426,0.036478&amp;z=14&amp;output=svembed\" width=\"425\" height=\"240\" frameborder=\"0\" marginwidth=\"0\" marginheight=\"0\" scrolling=\"no\"><\/iframe><br \/>\n<small><a style=\"color: #0000ff; text-align: left;\" href=\"http:\/\/maps.google.it\/maps?f=q&amp;source=embed&amp;hl=it&amp;geocode=&amp;q=Crocetta,+Marano+di+Valpolicella&amp;aq=0&amp;sll=45.561134,10.901871&amp;sspn=0.007512,0.013711&amp;gl=it&amp;ie=UTF8&amp;hq=&amp;hnear=Crocetta,+Verona,+Veneto&amp;layer=c&amp;cbll=45.551895,10.908261&amp;panoid=TJrr_8R5aiscOTSGKOVCzg&amp;cbp=13,192.57,,0,5.07&amp;t=m&amp;ll=45.547777,10.908179&amp;spn=0.014426,0.036478&amp;z=14\">Visualizzazione ingrandita della mappa<\/a><\/small><\/p>\n","protected":false},"excerpt":{"rendered":"<p>&#8220;Crosetta&#8221; &#8211; Crocetta &#8211; qui si incrociano: la strada che sale da Marano per Pezza e San Rocco, la strada che scende sull&#8217;altro versante a Fumane e per Purano, la strada che costeggia il crinale verso La Tenda in direzione San Pietro in Cariano. In questi ultimi anni si pu\u00f2 dire che si \u00e8 conquistata &hellip; <\/p>\n<p><a class=\"more-link btn\" href=\"https:\/\/www.maranovalpolicella.it\/a\/contrade\/crocetta\/\">Continua a leggere<\/a><\/p>\n","protected":false},"author":2,"featured_media":0,"parent":10,"menu_order":10,"comment_status":"open","ping_status":"closed","template":"","meta":{"footnotes":""},"class_list":["post-74","page","type-page","status-publish","hentry","nodate","item-wrap"],"_links":{"self":[{"href":"https:\/\/www.maranovalpolicella.it\/a\/wp-json\/wp\/v2\/pages\/74","targetHints":{"allow":["GET"]}}],"collection":[{"href":"https:\/\/www.maranovalpolicella.it\/a\/wp-json\/wp\/v2\/pages"}],"about":[{"href":"https:\/\/www.maranovalpolicella.it\/a\/wp-json\/wp\/v2\/types\/page"}],"author":[{"embeddable":true,"href":"https:\/\/www.maranovalpolicella.it\/a\/wp-json\/wp\/v2\/users\/2"}],"replies":[{"embeddable":true,"href":"https:\/\/www.maranovalpolicella.it\/a\/wp-json\/wp\/v2\/comments?post=74"}],"version-history":[{"count":10,"href":"https:\/\/www.maranovalpolicella.it\/a\/wp-json\/wp\/v2\/pages\/74\/revisions"}],"predecessor-version":[{"id":6918,"href":"https:\/\/www.maranovalpolicella.it\/a\/wp-json\/wp\/v2\/pages\/74\/revisions\/6918"}],"up":[{"embeddable":true,"href":"https:\/\/www.maranovalpolicella.it\/a\/wp-json\/wp\/v2\/pages\/10"}],"wp:attachment":[{"href":"https:\/\/www.maranovalpolicella.it\/a\/wp-json\/wp\/v2\/media?parent=74"}],"curies":[{"name":"wp","href":"https:\/\/api.w.org\/{rel}","templated":true}]}}