{"id":76,"date":"2012-10-04T00:02:28","date_gmt":"2012-10-03T22:02:28","guid":{"rendered":"http:\/\/www.maranovalpolicella.it\/a\/?page_id=76"},"modified":"2026-04-07T11:09:35","modified_gmt":"2026-04-07T09:09:35","slug":"marano","status":"publish","type":"page","link":"https:\/\/www.maranovalpolicella.it\/a\/contrade\/marano\/","title":{"rendered":"Marano"},"content":{"rendered":"<div class=\"wp-block-image\">\n<figure class=\"alignleft is-resized\"><a href=\"https:\/\/www.maranovalpolicella.it\/a\/?da_image=6744\"><img decoding=\"async\" src=\"http:\/\/www.maranovalpolicella.it\/immagini\/marano\/marano.gif\" alt=\"\" style=\"width:176px;height:auto\"\/><\/a><\/figure>\n<\/div>\n\n<div class=\"wp-block-image\">\n<figure class=\"alignright is-resized\"><a href=\"http:\/\/www.maranovalpolicella.it\/immagini\/marano\/marano-03.jpg\" data-lbwps-width=\"800\" data-lbwps-height=\"600\" data-lbwps-srcsmall=\"http:\/\/www.maranovalpolicella.it\/immagini\/marano\/marano-03.jpg\"><img decoding=\"async\" src=\"http:\/\/www.maranovalpolicella.it\/immagini\/marano\/marano-03.jpg\" alt=\"\" style=\"width:397px;height:auto\"\/><\/a><\/figure>\n<\/div>\n\n\n<p>Solo per chi veniva da &#8220;fuori&#8221; era identificato come capoluogo e chiamato Marano di Valpolicella, per noi del posto era solo &#8220;La Cesa&#8221;. La sua importanza era solo dovuta alla chiesa parrocchiale, il&nbsp;municipio infatti era, come \u00e8 tuttora,&nbsp; a &#8220;Porta&#8221;. Poi le scuole dalle frazioni sono state portate a Marano, nuove case sono state costruite, Porta non si \u00e8 pi\u00f9 trovata staccata; da frazione si \u00e8 passati ad un vero capoluogo. Dal 1922 accanto alla vecchia chiesa ne \u00e8 stata costruita una nuova, con pianta a croce greca ed un grande cupola. Dalla pianura, ancora prima di entrare in valle, si nota l&#8217;enorme mole della chiesa<\/p>\n\n\n<div class=\"wp-block-image\">\n<figure class=\"alignleft is-resized\"><a href=\"http:\/\/www.maranovalpolicella.it\/immagini\/marano\/marano-05.jpg\" data-lbwps-width=\"800\" data-lbwps-height=\"600\" data-lbwps-srcsmall=\"http:\/\/www.maranovalpolicella.it\/immagini\/marano\/marano-05.jpg\"><img decoding=\"async\" src=\"http:\/\/www.maranovalpolicella.it\/immagini\/marano\/marano-05.jpg\" alt=\"\" style=\"width:457px;height:auto\"\/><\/a><\/figure>\n<\/div>\n\n<div class=\"wp-block-image\">\n<figure class=\"alignright is-resized\"><a href=\"http:\/\/www.maranovalpolicella.it\/immagini\/marano\/marano-04.jpg\" data-lbwps-width=\"800\" data-lbwps-height=\"600\" data-lbwps-srcsmall=\"http:\/\/www.maranovalpolicella.it\/immagini\/marano\/marano-04.jpg\"><img decoding=\"async\" src=\"http:\/\/www.maranovalpolicella.it\/immagini\/marano\/marano-04.jpg\" alt=\"\" style=\"width:390px;height:auto\"\/><\/a><\/figure>\n<\/div>\n\n\n<p>La tradizione popolare ci narra come il console C. Mario che l&#8217;anno102 a.c. aveva trionfato dei Teutoni, saputo che le vicende di guerra del collega Lutazio Catulo, andavano poco bene, da Roma, mosse contro i Cimbri che&nbsp;arrivati sopra Trento scendevano dalle Alpi, slittando sugli scudi. C. Mario ricongiuntosi al collega di\u00e8 battaglia ai Cimbri, e ne riport\u00f2 vittoria. Pi\u00f9 di 100 mila ne furono uccisi e 60 mila caddero prigionieri. I Veronesi che molto avevano aiutato la vittoria, uscirono ad incontrar Mario ed in trionfo lo condussero in citt\u00e0. Fermatosi qui ordin\u00f2 la fabbrica di un castello in Valpolicella, che in onor del suo nome fu chiamato Mariano. La leggenda&nbsp;popolare mostra ancora i ruderi del Castello nella localit\u00e0 &lt;&lt;Castellon&gt;&gt; in Marano alto e spiegherebbe l\u2019origine del nome dato al nostro Comune.<\/p>\n\n\n\n<p>(da scritti del sac. Michele Castellani &#8211; maestron)<\/p>\n\n\n\n<p>censimento 2001 &#8211; abitanti&nbsp;&nbsp; nr. 243 &nbsp; &nbsp; &nbsp; &nbsp; &nbsp; &nbsp; &nbsp; &nbsp; &nbsp; &nbsp; &nbsp; &nbsp; &nbsp; &nbsp;&nbsp;<a href=\"http:\/\/www.maranovalpolicella.it\/a\/?page_id=332\">Vescovo mons. Amari<\/a><\/p>\n\n\n\n<p>censimento 2001 &#8211; famiglie&nbsp; nr. 84<\/p>\n\n\n\n<p>altitudine 355 metri s.m.<\/p>\n\n\n\n<p><iframe loading=\"lazy\" src=\"http:\/\/maps.google.it\/maps?f=q&amp;source=embed&amp;hl=it&amp;geocode=&amp;q=Marano+di+Valpolicella&amp;aq=0&amp;sll=45.559016,10.912166&amp;sspn=0.007437,0.013711&amp;gl=it&amp;ie=UTF8&amp;hq=&amp;hnear=Marano+di+Valpolicella,+Verona,+Veneto&amp;layer=c&amp;cbll=45.555613,10.914007&amp;panoid=xxvMHyCSO-GDLm22fmUdKA&amp;cbp=13,67.63,,0,2.82&amp;t=m&amp;ll=45.551443,10.91393&amp;spn=0.014425,0.036478&amp;z=14&amp;output=svembed\" width=\"425\" height=\"240\" frameborder=\"0\" marginwidth=\"0\" marginheight=\"0\" scrolling=\"no\"><\/iframe><br><small><a style=\"color: #0000ff; text-align: left;\" href=\"http:\/\/maps.google.it\/maps?f=q&amp;source=embed&amp;hl=it&amp;geocode=&amp;q=Marano+di+Valpolicella&amp;aq=0&amp;sll=45.559016,10.912166&amp;sspn=0.007437,0.013711&amp;gl=it&amp;ie=UTF8&amp;hq=&amp;hnear=Marano+di+Valpolicella,+Verona,+Veneto&amp;layer=c&amp;cbll=45.555613,10.914007&amp;panoid=xxvMHyCSO-GDLm22fmUdKA&amp;cbp=13,67.63,,0,2.82&amp;t=m&amp;ll=45.551443,10.91393&amp;spn=0.014425,0.036478&amp;z=14\">Visualizzazione ingrandita della mappa<\/a><\/small><\/p>\n","protected":false},"excerpt":{"rendered":"<p>Solo per chi veniva da &#8220;fuori&#8221; era identificato come capoluogo e chiamato Marano di Valpolicella, per noi del posto era solo &#8220;La Cesa&#8221;. La sua importanza era solo dovuta alla chiesa parrocchiale, il&nbsp;municipio infatti era, come \u00e8 tuttora,&nbsp; a &#8220;Porta&#8221;. Poi le scuole dalle frazioni sono state portate a Marano, nuove case sono state costruite, &hellip; <\/p>\n<p><a class=\"more-link btn\" href=\"https:\/\/www.maranovalpolicella.it\/a\/contrade\/marano\/\">Continua a leggere<\/a><\/p>\n","protected":false},"author":2,"featured_media":0,"parent":10,"menu_order":1,"comment_status":"open","ping_status":"closed","template":"","meta":{"footnotes":""},"class_list":["post-76","page","type-page","status-publish","hentry","nodate","item-wrap"],"_links":{"self":[{"href":"https:\/\/www.maranovalpolicella.it\/a\/wp-json\/wp\/v2\/pages\/76","targetHints":{"allow":["GET"]}}],"collection":[{"href":"https:\/\/www.maranovalpolicella.it\/a\/wp-json\/wp\/v2\/pages"}],"about":[{"href":"https:\/\/www.maranovalpolicella.it\/a\/wp-json\/wp\/v2\/types\/page"}],"author":[{"embeddable":true,"href":"https:\/\/www.maranovalpolicella.it\/a\/wp-json\/wp\/v2\/users\/2"}],"replies":[{"embeddable":true,"href":"https:\/\/www.maranovalpolicella.it\/a\/wp-json\/wp\/v2\/comments?post=76"}],"version-history":[{"count":19,"href":"https:\/\/www.maranovalpolicella.it\/a\/wp-json\/wp\/v2\/pages\/76\/revisions"}],"predecessor-version":[{"id":6794,"href":"https:\/\/www.maranovalpolicella.it\/a\/wp-json\/wp\/v2\/pages\/76\/revisions\/6794"}],"up":[{"embeddable":true,"href":"https:\/\/www.maranovalpolicella.it\/a\/wp-json\/wp\/v2\/pages\/10"}],"wp:attachment":[{"href":"https:\/\/www.maranovalpolicella.it\/a\/wp-json\/wp\/v2\/media?parent=76"}],"curies":[{"name":"wp","href":"https:\/\/api.w.org\/{rel}","templated":true}]}}