{"id":773,"date":"2012-11-01T12:14:47","date_gmt":"2012-11-01T11:14:47","guid":{"rendered":"http:\/\/www.maranovalpolicella.it\/a\/?page_id=773"},"modified":"2012-11-01T12:19:01","modified_gmt":"2012-11-01T11:19:01","slug":"madonna-col-bambino","status":"publish","type":"page","link":"https:\/\/www.maranovalpolicella.it\/a\/territorio\/capitelli\/madonna-col-bambino\/","title":{"rendered":"Madonna col Bambino"},"content":{"rendered":"<p><strong>Madonna col Bambino &#8211; <a href=\"http:\/\/www.maranovalpolicella.it\/a\/?page_id=82\">Paverno<\/a><\/strong><\/p>\n<p><strong>Madonna con Bambino tra i santi Rocco e Bartolomeo (1575).<\/strong><\/p>\n<p align=\"justify\"><strong><a href=\"http:\/\/www.maranovalpolicella.it\/immagini\/paverno\/paverno-02.jpg\" data-lbwps-width=\"480\" data-lbwps-height=\"640\" data-lbwps-srcsmall=\"http:\/\/www.maranovalpolicella.it\/immagini\/paverno\/paverno-02.jpg\"><img loading=\"lazy\" decoding=\"async\" class=\"alignleft\" src=\"http:\/\/www.maranovalpolicella.it\/immagini\/paverno\/paverno-02.jpg\" alt=\"\" width=\"288\" height=\"384\" \/><\/a>Probabilmente la data ZUGNIO 1575 dipinta sopra uno sprazzo d&#8217;intonaco non \u00e8 riferibile all&#8217;affresco. Ci\u00f2 non toglie vetust\u00e0 al testo, collocato in una nicchia murale. Alla vergine quasi s&#8217;aggrappa un Bambino dall&#8217;espressione spaurita. Ai lati, due santi imponenti conferiscono solidit\u00e0 all&#8217;impianto iconografico.<br \/>\nNella medesima frazione, fino a qualche anno fa era possibile distinguere in una nicchia locata sopra un&#8217;osteria tracce di un affresco.<\/strong><\/p>\n<p align=\"justify\">(Pitture murali in lessinia di Caporal &#8211; Rama)<\/p>\n<p align=\"justify\"><span style=\"font-family: RotisSansSerif;\">Edicola affrescata collocata nel muro di ingresso di un\u2019antica casa a corte di Paverno: in alto, la data\u00a0<\/span><span style=\"font-family: RotisSansSerif-Italic;\"><em>7 zugnjo 1575<\/em><\/span><span style=\"font-family: RotisSansSerif;\">. Raffigura la\u00a0<\/span><span style=\"font-family: RotisSansSerif-Italic;\"><em>Madonna con il Bambino tra San Bartolomeo e San Rocco<\/em><\/span><span style=\"font-family: RotisSansSerif;\">.<br \/>\nA rendere preziosa questa testimonianza storica non \u00e8 solo la data, ma il fatto di trovarsi all\u2019ingresso della corte e di raffigurare due protettori contro le malattie in epoca di ricorrenti pestilenze.<\/span><\/p>\n","protected":false},"excerpt":{"rendered":"<p>Madonna col Bambino &#8211; Paverno Madonna con Bambino tra i santi Rocco e Bartolomeo (1575). Probabilmente la data ZUGNIO 1575 dipinta sopra uno sprazzo d&#8217;intonaco non \u00e8 riferibile all&#8217;affresco. Ci\u00f2 non toglie vetust\u00e0 al testo, collocato in una nicchia murale. Alla vergine quasi s&#8217;aggrappa un Bambino dall&#8217;espressione spaurita. Ai lati, due santi imponenti conferiscono solidit\u00e0 &hellip; <\/p>\n<p><a class=\"more-link btn\" href=\"https:\/\/www.maranovalpolicella.it\/a\/territorio\/capitelli\/madonna-col-bambino\/\">Continua a leggere<\/a><\/p>\n","protected":false},"author":2,"featured_media":0,"parent":739,"menu_order":0,"comment_status":"open","ping_status":"open","template":"","meta":{"footnotes":""},"class_list":["post-773","page","type-page","status-publish","hentry","nodate","item-wrap"],"_links":{"self":[{"href":"https:\/\/www.maranovalpolicella.it\/a\/wp-json\/wp\/v2\/pages\/773","targetHints":{"allow":["GET"]}}],"collection":[{"href":"https:\/\/www.maranovalpolicella.it\/a\/wp-json\/wp\/v2\/pages"}],"about":[{"href":"https:\/\/www.maranovalpolicella.it\/a\/wp-json\/wp\/v2\/types\/page"}],"author":[{"embeddable":true,"href":"https:\/\/www.maranovalpolicella.it\/a\/wp-json\/wp\/v2\/users\/2"}],"replies":[{"embeddable":true,"href":"https:\/\/www.maranovalpolicella.it\/a\/wp-json\/wp\/v2\/comments?post=773"}],"version-history":[{"count":2,"href":"https:\/\/www.maranovalpolicella.it\/a\/wp-json\/wp\/v2\/pages\/773\/revisions"}],"predecessor-version":[{"id":778,"href":"https:\/\/www.maranovalpolicella.it\/a\/wp-json\/wp\/v2\/pages\/773\/revisions\/778"}],"up":[{"embeddable":true,"href":"https:\/\/www.maranovalpolicella.it\/a\/wp-json\/wp\/v2\/pages\/739"}],"wp:attachment":[{"href":"https:\/\/www.maranovalpolicella.it\/a\/wp-json\/wp\/v2\/media?parent=773"}],"curies":[{"name":"wp","href":"https:\/\/api.w.org\/{rel}","templated":true}]}}