{"id":80,"date":"2012-10-04T00:02:57","date_gmt":"2012-10-03T22:02:57","guid":{"rendered":"http:\/\/www.maranovalpolicella.it\/a\/?page_id=80"},"modified":"2026-05-01T15:52:42","modified_gmt":"2026-05-01T13:52:42","slug":"gnirega","status":"publish","type":"page","link":"https:\/\/www.maranovalpolicella.it\/a\/contrade\/gnirega\/","title":{"rendered":"Gnirega"},"content":{"rendered":"<p style=\"text-align: justify;\"><a href=\"http:\/\/www.maranovalpolicella.it\/immagini\/gnirega\/gnirega-03.jpg\" data-lbwps-width=\"800\" data-lbwps-height=\"600\" data-lbwps-srcsmall=\"http:\/\/www.maranovalpolicella.it\/immagini\/gnirega\/gnirega-03.jpg\"><img loading=\"lazy\" decoding=\"async\" class=\"alignleft\" src=\"http:\/\/www.maranovalpolicella.it\/immagini\/gnirega\/gnirega-03.jpg\" alt=\"\" width=\"288\" height=\"216\" \/><\/a>Dalla chiesa parrocchiale di Valgatara, salendo la valle di Marano a destra si arriva, oltrepassato il Perl\u00e8,\u00a0 a Gnirega. Poi la strada prosegue per le Marognole e le Biniele, avvicinandosi a Pazzi.<\/p>\n<p style=\"text-align: justify;\"><span style=\"font-family: AGaramond-Regular;\"><strong>Nel\u00a0<\/strong><\/span><strong><span style=\"font-family: AGaramondExp-Regular;\">XII\u00a0<\/span><\/strong><span style=\"font-family: AGaramond-Regular;\"><strong>secolo compare nella documentazione Maregnago; nel secolo successivo sono menzionate Gnirega e Pozzo.<\/strong><\/span><\/p>\n<p style=\"text-align: justify;\">La contrada di Gnirega \u00e8 una delle pi\u00f9 antiche di Valgatara e ha conservato l&#8217;impianto originario con <a href=\"https:\/\/www.maranovalpolicella.it\/a\/?da_image=6744\"><img loading=\"lazy\" decoding=\"async\" class=\"alignright\" src=\"http:\/\/www.maranovalpolicella.it\/immagini\/gnirega\/gnirega.gif\" alt=\"\" width=\"120\" height=\"256\" \/><\/a>una fila di corti allineate lungo la strada, alcune con degli eleganti portali ad arco in tufo. L&#8217;altro lato della strada \u00e8 occupato dal fianco e dai rustici di Villa Nicolini, ora Clementi, presente dal &#8216;500. Della met\u00e0 dell&#8217;800 \u00e8 la cappellina sul lato nord della contrada. Sullo stesso lato si trova una bella fontana pubblica, ora in disuso, ma che un tempo forniva acqua potabile per tutte le famiglie e serviva per abbeverare gli animali e per il bucato. L&#8217;alto serbatoio era dotato di un meccanismo per dividere l&#8217;acqua equamente fra gli abitanti della contrada e i padroni della villa.<br \/>\n<a href=\"http:\/\/www.maranovalpolicella.it\/immagini\/gnirega\/gnirega-02.jpg\" data-lbwps-width=\"800\" data-lbwps-height=\"600\" data-lbwps-srcsmall=\"http:\/\/www.maranovalpolicella.it\/immagini\/gnirega\/gnirega-02.jpg\"><img loading=\"lazy\" decoding=\"async\" class=\"alignleft\" src=\"http:\/\/www.maranovalpolicella.it\/immagini\/gnirega\/gnirega-02.jpg\" alt=\"\" width=\"288\" height=\"216\" \/><\/a>Quattro vasche addossate al muro che finisce con una torretta costruita tempo fa per la ripartizione dell&#8217;acqua tra gli abitanti di Gnirega e il proprietario <a href=\"http:\/\/www.maranovalpolicella.it\/immagini\/gnirega\/gnirega-04.jpg\" data-lbwps-width=\"480\" data-lbwps-height=\"640\" data-lbwps-srcsmall=\"http:\/\/www.maranovalpolicella.it\/immagini\/gnirega\/gnirega-04.jpg\"><img loading=\"lazy\" decoding=\"async\" class=\"alignright\" src=\"http:\/\/www.maranovalpolicella.it\/immagini\/gnirega\/gnirega-04.jpg\" alt=\"\" width=\"173\" height=\"230\" \/><\/a>della adiacente villa.<\/p>\n<p>altitudine 303 metri s.m.<\/p>\n<p>censimento 2001 &#8211; <a href=\"http:\/\/www.maranovalpolicella.it\/immagini\/gnirega\/gnirega-05.jpg\" data-lbwps-width=\"700\" data-lbwps-height=\"525\" data-lbwps-srcsmall=\"http:\/\/www.maranovalpolicella.it\/immagini\/gnirega\/gnirega-05.jpg\"><img loading=\"lazy\" decoding=\"async\" class=\"alignleft\" src=\"http:\/\/www.maranovalpolicella.it\/immagini\/gnirega\/gnirega-05.jpg\" alt=\"\" width=\"252\" height=\"189\" \/><\/a>famiglie\u00a0 nr.10<br \/>\ncensimento 2001 &#8211; abitanti\u00a0\u00a0 nr.34<br \/>\n<iframe loading=\"lazy\" src=\"http:\/\/maps.google.it\/maps?f=q&amp;source=embed&amp;hl=it&amp;geocode=&amp;q=gnirega+MARANO+DI+VALPOLICELLA&amp;aq=&amp;sll=45.543051,10.928435&amp;sspn=0.003757,0.006856&amp;gl=it&amp;ie=UTF8&amp;hq=&amp;hnear=Gnirega,+Verona,+Veneto&amp;layer=c&amp;cbll=45.539115,10.920469&amp;panoid=xbJONPPuE-prsKlxKWr6Ow&amp;cbp=13,51.45,,0,2.15&amp;t=m&amp;ll=45.531906,10.92586&amp;spn=0.01443,0.036478&amp;z=14&amp;output=svembed\" width=\"425\" height=\"240\" frameborder=\"0\" marginwidth=\"0\" marginheight=\"0\" scrolling=\"no\"><\/iframe><br \/>\n<small><a style=\"color: #0000ff; text-align: left;\" href=\"http:\/\/maps.google.it\/maps?f=q&amp;source=embed&amp;hl=it&amp;geocode=&amp;q=gnirega+MARANO+DI+VALPOLICELLA&amp;aq=&amp;sll=45.543051,10.928435&amp;sspn=0.003757,0.006856&amp;gl=it&amp;ie=UTF8&amp;hq=&amp;hnear=Gnirega,+Verona,+Veneto&amp;layer=c&amp;cbll=45.539115,10.920469&amp;panoid=xbJONPPuE-prsKlxKWr6Ow&amp;cbp=13,51.45,,0,2.15&amp;t=m&amp;ll=45.531906,10.92586&amp;spn=0.01443,0.036478&amp;z=14\">Visualizzazione ingrandita della mappa<\/a><\/small><\/p>\n","protected":false},"excerpt":{"rendered":"<p>Dalla chiesa parrocchiale di Valgatara, salendo la valle di Marano a destra si arriva, oltrepassato il Perl\u00e8,\u00a0 a Gnirega. Poi la strada prosegue per le Marognole e le Biniele, avvicinandosi a Pazzi. Nel\u00a0XII\u00a0secolo compare nella documentazione Maregnago; nel secolo successivo sono menzionate Gnirega e Pozzo. La contrada di Gnirega \u00e8 una delle pi\u00f9 antiche di &hellip; <\/p>\n<p><a class=\"more-link btn\" href=\"https:\/\/www.maranovalpolicella.it\/a\/contrade\/gnirega\/\">Continua a leggere<\/a><\/p>\n","protected":false},"author":2,"featured_media":0,"parent":10,"menu_order":11,"comment_status":"open","ping_status":"closed","template":"","meta":{"footnotes":""},"class_list":["post-80","page","type-page","status-publish","hentry","nodate","item-wrap"],"_links":{"self":[{"href":"https:\/\/www.maranovalpolicella.it\/a\/wp-json\/wp\/v2\/pages\/80","targetHints":{"allow":["GET"]}}],"collection":[{"href":"https:\/\/www.maranovalpolicella.it\/a\/wp-json\/wp\/v2\/pages"}],"about":[{"href":"https:\/\/www.maranovalpolicella.it\/a\/wp-json\/wp\/v2\/types\/page"}],"author":[{"embeddable":true,"href":"https:\/\/www.maranovalpolicella.it\/a\/wp-json\/wp\/v2\/users\/2"}],"replies":[{"embeddable":true,"href":"https:\/\/www.maranovalpolicella.it\/a\/wp-json\/wp\/v2\/comments?post=80"}],"version-history":[{"count":9,"href":"https:\/\/www.maranovalpolicella.it\/a\/wp-json\/wp\/v2\/pages\/80\/revisions"}],"predecessor-version":[{"id":6928,"href":"https:\/\/www.maranovalpolicella.it\/a\/wp-json\/wp\/v2\/pages\/80\/revisions\/6928"}],"up":[{"embeddable":true,"href":"https:\/\/www.maranovalpolicella.it\/a\/wp-json\/wp\/v2\/pages\/10"}],"wp:attachment":[{"href":"https:\/\/www.maranovalpolicella.it\/a\/wp-json\/wp\/v2\/media?parent=80"}],"curies":[{"name":"wp","href":"https:\/\/api.w.org\/{rel}","templated":true}]}}