{"id":84,"date":"2012-10-04T00:03:39","date_gmt":"2012-10-03T22:03:39","guid":{"rendered":"http:\/\/www.maranovalpolicella.it\/a\/?page_id=84"},"modified":"2026-04-07T19:19:56","modified_gmt":"2026-04-07T17:19:56","slug":"valgatara","status":"publish","type":"page","link":"https:\/\/www.maranovalpolicella.it\/a\/contrade\/valgatara\/","title":{"rendered":"Valgatara"},"content":{"rendered":"<div class=\"wp-block-image\">\n<figure class=\"alignleft is-resized\"><a href=\"http:\/\/www.maranovalpolicella.it\/immagini\/valgatara\/valgatara-03.jpg\" data-lbwps-width=\"800\" data-lbwps-height=\"600\" data-lbwps-srcsmall=\"http:\/\/www.maranovalpolicella.it\/immagini\/valgatara\/valgatara-03.jpg\"><img decoding=\"async\" src=\"http:\/\/www.maranovalpolicella.it\/immagini\/valgatara\/valgatara-03.jpg\" alt=\"\" style=\"width:444px;height:auto\"\/><\/a><\/figure>\n<\/div>\n\n<div class=\"wp-block-image\">\n<figure class=\"alignright is-resized\"><a href=\"http:\/\/www.maranovalpolicella.it\/immagini\/valgatara\/valgatara-01.jpg\" data-lbwps-width=\"800\" data-lbwps-height=\"600\" data-lbwps-srcsmall=\"http:\/\/www.maranovalpolicella.it\/immagini\/valgatara\/valgatara-01.jpg\"><img decoding=\"async\" src=\"http:\/\/www.maranovalpolicella.it\/immagini\/valgatara\/valgatara-01.jpg\" alt=\"\" style=\"width:410px;height:auto\"\/><\/a><\/figure>\n<\/div>\n\n<div class=\"wp-block-image\">\n<figure class=\"alignleft is-resized\"><a href=\"https:\/\/www.maranovalpolicella.it\/a\/?da_image=6744\"><img decoding=\"async\" src=\"http:\/\/www.maranovalpolicella.it\/immagini\/valgatara\/valgatara.gif\" alt=\"\" style=\"width:157px;height:auto\"\/><\/a><\/figure>\n<\/div>\n\n\n<p>\u00e8 il nucleo abitativo pi\u00f9 numeroso del comune. Con gli ampliamenti e nuove costruzioni, tenendo conto delle frazioni vicine, qui vi risiede circa la met\u00e0 della popolazione del comune di Marano.&nbsp; Anche quando la sua importanza non era dovuta al numero di abitanti, la frazione ha sempre cercato una sua identit\u00e0 e sempre confrontata alla pari con il capoluogo. Se guardiamo alla&nbsp; storia passata, tentativi di&nbsp; autonomia&nbsp; o&nbsp; percorsi&nbsp;&nbsp; diversi,&nbsp; sono&nbsp;stati cercati.&nbsp; Forse non \u00e8 mai stata comune, nel senso attuale della parola, ma in un documento del 1506, si parla di una convenzione tra sacerdoti della pieve di San Floriano &#8221; et communenm et homines de Vargataria&#8221;. Molto probabilmente si parla di &#8220;comunit\u00e0 e uomini (capifamiglia) di Valgatara&#8221; ma che sicuramente era organizzata in &#8220;vicinia&#8221; presieduta da un &#8220;massaro&#8221;. Dopo circa trecento anni, nel 1797, viene concessa alla parrocchia di Valgatara l&#8217;autonomia dalla pieve di San Floriano. La voglia di distinguersi \u00e8 ancora ben presente nei nativi, per esempio questo si nota nell&#8217;indicare Valgatara di Valpolicella, tralasciando il comune.&nbsp;Una delle ipotesi circa l&#8217;origine del nome Valgatara, sembra legata alla sconfitta dei Visigoti di Alarico avvenuta in queste terre ad opera del generale&nbsp; romano Onorio. Inizialmente indicata come Vallis Gothorum, poi per corruzione Valgatara. &nbsp; &nbsp; &nbsp;(da La Vicinia di Valgatara di E. Ferrari)<\/p>\n\n\n<div class=\"wp-block-image\">\n<figure class=\"alignleft is-resized\"><a href=\"http:\/\/www.maranovalpolicella.it\/immagini\/valgatara\/valgatara-06.jpg\" data-lbwps-width=\"800\" data-lbwps-height=\"600\" data-lbwps-srcsmall=\"http:\/\/www.maranovalpolicella.it\/immagini\/valgatara\/valgatara-06.jpg\"><img decoding=\"async\" src=\"http:\/\/www.maranovalpolicella.it\/immagini\/valgatara\/valgatara-06.jpg\" alt=\"\" style=\"width:405px;height:auto\"\/><\/a><\/figure>\n<\/div>\n\n\n<p>Per Valgatara, possiamo indicare con una buona dose di probabilit\u00e0 le contrade esistenti agli inizi del XIV secolo. \u00c8 lecito ipotizzare, ma non possiamo affermarlo con certezza, che alcune delle sedi oggi non pi\u00f9 abitate siano state abbandonate a seguito della crisi demografica che colp\u00ec anche la Valpolicella \u2013 come tutto il territorio veronese, e anzi tutta Europa \u2013 nella seconda met\u00e0 del Trecento. Nel XII secolo compare nella documentazione Maregnago; nel secolo successivo sono menzionate Gnirega e Pozzo. Quest\u2019ultima contrada aveva probabilmente soppiantato il vicus Olivedo risalente al IX secolo. Il monastero di San Colombano di Bobbio possedeva alcune case a Valgatara nel luogo Segno o Insigne, non ubicabile. In questo periodo erano sicuramente abitate anche le contrade precedentemente attestate: Cadiloi, Paverno, Baurago, Malini. I centri demici presenti erano dunque numerosi, ma, a quanto consta, nessuno di essi era denominato Valgatara. Fu il Comune cittadino, al momento di stilare l\u2019elenco delle ville districte nel 1184, a unificare sotto la denominazione di \u2018Valgatara\u2019 questa pluralit\u00e0 di piccoli centri abitati sparsi nel fondovalle e sulle pendici collinari. A questo proposito risulta particolarmente significativo il fatto che la piazza del Comune, dove si radunava la vicinia di Valgatara, ubicata nel XIII secolo a Maregnago, non confinasse con abitazioni ma con il progno, un \u2018vaio\u2019 e un prato (VARANINI 1985, 37).<br>Le localit\u00e0 che costituivano il principale punto di riferimento (pertinentie) generalmente corrispondevano alle ville elencate dal Comune di Verona; le ore sono invece localit\u00e0 minori, le vere e proprie contrade (Domus Luporum, Prognoli, Puthey, ecc.), oppure i luoghi chiamati con un proprio nome.<br>Ore in pertinenza di Valgatara: Paradisi, Barzonali, Cadeloi detta anche Mulini, Querelarum, Glare, Boni, Paverno, Pratorum de subtus, Ortorum, Grone, Vallis, Munego, Pozzo detto anche Santo Stefano, Montis, Maregnago, Bozi sive Gonpi (ASVr, VIII Vari, reg. 216, passim). [f.a.]<\/p>\n\n\n\n<p>(tratto dal libro edito dal comune, Marano Valpolicella, 1999)<\/p>\n\n\n<div class=\"wp-block-image\">\n<figure class=\"alignleft is-resized\"><a href=\"http:\/\/www.maranovalpolicella.it\/immagini\/valgatara\/valgatara-07.jpg\" data-lbwps-width=\"865\" data-lbwps-height=\"600\" data-lbwps-srcsmall=\"http:\/\/www.maranovalpolicella.it\/immagini\/valgatara\/valgatara-07.jpg\"><img decoding=\"async\" src=\"http:\/\/www.maranovalpolicella.it\/immagini\/valgatara\/valgatara-07.jpg\" alt=\"\" style=\"aspect-ratio:1.4416946085475544;width:441px;height:auto\"\/><\/a><\/figure>\n<\/div>\n\n\n<p>altitudine 176 metri s.m.<\/p>\n\n\n\n<p>censimento 2001 &#8211; famiglie&nbsp; nr. 382<\/p>\n\n\n\n<p>censimento 2001 &#8211; abitanti&nbsp;&nbsp; nr. 1084<\/p>\n\n\n\n<p><a href=\"http:\/\/www.maranovalpolicella.it\/a\/?page_id=420\">Altre &nbsp; foto di Valgatara<\/a><\/p>\n\n\n\n<p><iframe loading=\"lazy\" src=\"http:\/\/maps.google.it\/maps?f=q&amp;source=embed&amp;hl=it&amp;geocode=&amp;q=Valgatara,+Marano+di+Valpolicella+VR&amp;aq=0&amp;sll=45.534732,10.912063&amp;sspn=0.00741,0.013711&amp;ie=UTF8&amp;hq=&amp;hnear=Valgatara,+Verona,+Veneto&amp;t=h&amp;layer=c&amp;cbll=45.533214,10.912856&amp;panoid=cFVTsP2Cfc2gQ2_Bw4Xhpw&amp;cbp=13,73.97,,0,-2.39&amp;ll=45.52908,10.912814&amp;spn=0.014431,0.036478&amp;z=14&amp;output=svembed\" width=\"425\" height=\"240\" frameborder=\"0\" marginwidth=\"0\" marginheight=\"0\" scrolling=\"no\"><\/iframe><br><small><a style=\"color: #0000ff; text-align: left;\" href=\"http:\/\/maps.google.it\/maps?f=q&amp;source=embed&amp;hl=it&amp;geocode=&amp;q=Valgatara,+Marano+di+Valpolicella+VR&amp;aq=0&amp;sll=45.534732,10.912063&amp;sspn=0.00741,0.013711&amp;ie=UTF8&amp;hq=&amp;hnear=Valgatara,+Verona,+Veneto&amp;t=h&amp;layer=c&amp;cbll=45.533214,10.912856&amp;panoid=cFVTsP2Cfc2gQ2_Bw4Xhpw&amp;cbp=13,73.97,,0,-2.39&amp;ll=45.52908,10.912814&amp;spn=0.014431,0.036478&amp;z=14\">Visualizzazione ingrandita della mappa<\/a><\/small><\/p>\n","protected":false},"excerpt":{"rendered":"<p>\u00e8 il nucleo abitativo pi\u00f9 numeroso del comune. Con gli ampliamenti e nuove costruzioni, tenendo conto delle frazioni vicine, qui vi risiede circa la met\u00e0 della popolazione del comune di Marano.&nbsp; Anche quando la sua importanza non era dovuta al numero di abitanti, la frazione ha sempre cercato una sua identit\u00e0 e sempre confrontata alla &hellip; <\/p>\n<p><a class=\"more-link btn\" href=\"https:\/\/www.maranovalpolicella.it\/a\/contrade\/valgatara\/\">Continua a leggere<\/a><\/p>\n","protected":false},"author":2,"featured_media":0,"parent":10,"menu_order":2,"comment_status":"open","ping_status":"closed","template":"","meta":{"footnotes":""},"class_list":["post-84","page","type-page","status-publish","hentry","nodate","item-wrap"],"_links":{"self":[{"href":"https:\/\/www.maranovalpolicella.it\/a\/wp-json\/wp\/v2\/pages\/84","targetHints":{"allow":["GET"]}}],"collection":[{"href":"https:\/\/www.maranovalpolicella.it\/a\/wp-json\/wp\/v2\/pages"}],"about":[{"href":"https:\/\/www.maranovalpolicella.it\/a\/wp-json\/wp\/v2\/types\/page"}],"author":[{"embeddable":true,"href":"https:\/\/www.maranovalpolicella.it\/a\/wp-json\/wp\/v2\/users\/2"}],"replies":[{"embeddable":true,"href":"https:\/\/www.maranovalpolicella.it\/a\/wp-json\/wp\/v2\/comments?post=84"}],"version-history":[{"count":19,"href":"https:\/\/www.maranovalpolicella.it\/a\/wp-json\/wp\/v2\/pages\/84\/revisions"}],"predecessor-version":[{"id":6819,"href":"https:\/\/www.maranovalpolicella.it\/a\/wp-json\/wp\/v2\/pages\/84\/revisions\/6819"}],"up":[{"embeddable":true,"href":"https:\/\/www.maranovalpolicella.it\/a\/wp-json\/wp\/v2\/pages\/10"}],"wp:attachment":[{"href":"https:\/\/www.maranovalpolicella.it\/a\/wp-json\/wp\/v2\/media?parent=84"}],"curies":[{"name":"wp","href":"https:\/\/api.w.org\/{rel}","templated":true}]}}