{"id":866,"date":"2012-11-01T19:46:59","date_gmt":"2012-11-01T18:46:59","guid":{"rendered":"http:\/\/www.maranovalpolicella.it\/a\/?page_id=866"},"modified":"2012-11-01T19:46:59","modified_gmt":"2012-11-01T18:46:59","slug":"sacra-famiglia","status":"publish","type":"page","link":"https:\/\/www.maranovalpolicella.it\/a\/territorio\/chiese-e-oratori\/sacra-famiglia\/","title":{"rendered":"Sacra Famiglia"},"content":{"rendered":"<p style=\"text-align: justify;\">Sacra Famiglia &#8211; Badin<\/p>\n<p style=\"text-align: justify;\"><span style=\"font-family: AGaramond-Regular;\"><a href=\"http:\/\/www.maranovalpolicella.it\/immagini\/rugolin\/badin-03.jpg\" data-lbwps-width=\"640\" data-lbwps-height=\"480\" data-lbwps-srcsmall=\"http:\/\/www.maranovalpolicella.it\/immagini\/rugolin\/badin-03.jpg\"><img loading=\"lazy\" decoding=\"async\" class=\"alignleft\" src=\"http:\/\/www.maranovalpolicella.it\/immagini\/rugolin\/badin-03.jpg\" alt=\"\" width=\"269\" height=\"202\" \/><\/a>La costruzione dell\u2019oratorio della Sacra Famiglia, voluta dal sacerdote don Angelo Simeoni, inizi\u00f2 nel luglio del\u00a0<\/span><span style=\"font-family: AGaramondExp-Regular;\">1926\u00a0<\/span><span style=\"font-family: AGaramond-Regular;\">con la posa della prima pietra, ma sarebbe terminata solo dopo quattro lunghi anni e non in modo conforme alle disposizioni del fondatore, per un banale malinteso nell\u2019interpretazione del progetto e soprattutto nella lettura delle misure, dove i piedi divennero metri.<br \/>\nDifatti il nostro sacerdote, quando dagli Stati Uniti si rec\u00f2\u00a0<\/span><span style=\"font-family: AGaramondExp-Regular;\">fi<\/span><span style=\"font-family: AGaramond-Regular;\">nalmente in quel di Badin, rimase sbalordito alla vista di quella chiesa enorme e invero anche un po\u2019 sgraziata nelle proporzioni, che non rispondeva di certo al suo progetto di una semplice cappelletta all\u2019interno della villa di famiglia. Ma tant\u2019\u00e8: il \u2018danno\u2019 era ormai stato compiuto e non restava che far buon viso a cattiva sorte, prendendo le cose con\u00a0<\/span><span style=\"font-family: AGaramondExp-Regular;\">fi<\/span><span style=\"font-family: AGaramond-Regular;\">loso<\/span><span style=\"font-family: AGaramondExp-Regular;\">fi<\/span><span style=\"font-family: AGaramond-Regular;\">a e non senza un pizzico di umorismo: \u00abInvece di una Cappellina inserita nella villa, mi avete costruita una Cattedrale!\u00bb (F<\/span><span style=\"font-family: AGaramondExp-Regular;\">ERRARI 1983,137, 142<\/span><span style=\"font-family: AGaramond-Regular;\">).<\/span><br \/>\n<span style=\"font-family: AGaramond-Regular;\">Il tempio, ora di propriet\u00e0 della famiglia Bonazzi, \u00e8 in stile neoclassico: la facciata \u00e8 a capanna, segnata da due<a href=\"http:\/\/www.maranovalpolicella.it\/immagini\/rugolin\/badin-04.jpg\" data-lbwps-width=\"640\" data-lbwps-height=\"480\" data-lbwps-srcsmall=\"http:\/\/www.maranovalpolicella.it\/immagini\/rugolin\/badin-04.jpg\"><img loading=\"lazy\" decoding=\"async\" class=\"alignright\" src=\"http:\/\/www.maranovalpolicella.it\/immagini\/rugolin\/badin-04.jpg\" alt=\"\" width=\"269\" height=\"202\" \/><\/a> coppie di lesene su cui poggiano l\u2019architrave e quindi un triangolare frontone timpanato; nel mezzo l\u2019ingresso principale sormontato pure da cuspide e da una\u00a0<\/span><span style=\"font-family: AGaramondExp-Regular;\">fi<\/span><span style=\"font-family: AGaramond-Regular;\">nestra circolare o occhio. Su entrambi i lati e sull\u2019abside una successione di tre ampie\u00a0<\/span><span style=\"font-family: AGaramondExp-Regular;\">fi<\/span><span style=\"font-family: AGaramond-Regular;\">nestre con arco a sestoribassato.<\/span><br \/>\n<span style=\"font-family: AGaramond-Regular;\">L\u2019interno presenta un\u2019unica tozza navata che conduce attraverso l\u2019arco trionfale a un\u2019abside poligonale sopraelevata e chiusa da una balaustrata, dove sta l\u2019unico altare marmoreo in stile barocco con gruppo scultoreo ligneo ra<\/span><span style=\"font-family: AGaramondExp-Regular;\">ffi<\/span><span style=\"font-family: AGaramond-Regular;\">gurante la\u00a0<span style=\"font-family: AGaramond-Italic;\"><em>Sacra Famiglia<\/em><\/span>. Sui due lati dell\u2019arco trionfale, poggianti su piccole mense, le statue pure lignee di\u00a0<span style=\"font-family: AGaramond-Italic;\"><em>Santa Teresa\u00a0<\/em><\/span>e di\u00a0<span style=\"font-family: AGaramond-Italic;\"><em>Sant\u2019Antonio da Padova<\/em><\/span>.<\/span><\/p>\n<p style=\"text-align: justify;\">(tratto dal libro edito dal comune, Marano Valpolicella, 1999)<\/p>\n","protected":false},"excerpt":{"rendered":"<p>Sacra Famiglia &#8211; Badin La costruzione dell\u2019oratorio della Sacra Famiglia, voluta dal sacerdote don Angelo Simeoni, inizi\u00f2 nel luglio del\u00a01926\u00a0con la posa della prima pietra, ma sarebbe terminata solo dopo quattro lunghi anni e non in modo conforme alle disposizioni del fondatore, per un banale malinteso nell\u2019interpretazione del progetto e soprattutto nella lettura delle misure, &hellip; <\/p>\n<p><a class=\"more-link btn\" href=\"https:\/\/www.maranovalpolicella.it\/a\/territorio\/chiese-e-oratori\/sacra-famiglia\/\">Continua a leggere<\/a><\/p>\n","protected":false},"author":2,"featured_media":0,"parent":358,"menu_order":0,"comment_status":"open","ping_status":"open","template":"","meta":{"footnotes":""},"class_list":["post-866","page","type-page","status-publish","hentry","nodate","item-wrap"],"_links":{"self":[{"href":"https:\/\/www.maranovalpolicella.it\/a\/wp-json\/wp\/v2\/pages\/866","targetHints":{"allow":["GET"]}}],"collection":[{"href":"https:\/\/www.maranovalpolicella.it\/a\/wp-json\/wp\/v2\/pages"}],"about":[{"href":"https:\/\/www.maranovalpolicella.it\/a\/wp-json\/wp\/v2\/types\/page"}],"author":[{"embeddable":true,"href":"https:\/\/www.maranovalpolicella.it\/a\/wp-json\/wp\/v2\/users\/2"}],"replies":[{"embeddable":true,"href":"https:\/\/www.maranovalpolicella.it\/a\/wp-json\/wp\/v2\/comments?post=866"}],"version-history":[{"count":1,"href":"https:\/\/www.maranovalpolicella.it\/a\/wp-json\/wp\/v2\/pages\/866\/revisions"}],"predecessor-version":[{"id":867,"href":"https:\/\/www.maranovalpolicella.it\/a\/wp-json\/wp\/v2\/pages\/866\/revisions\/867"}],"up":[{"embeddable":true,"href":"https:\/\/www.maranovalpolicella.it\/a\/wp-json\/wp\/v2\/pages\/358"}],"wp:attachment":[{"href":"https:\/\/www.maranovalpolicella.it\/a\/wp-json\/wp\/v2\/media?parent=866"}],"curies":[{"name":"wp","href":"https:\/\/api.w.org\/{rel}","templated":true}]}}