{"id":887,"date":"2012-11-01T21:32:10","date_gmt":"2012-11-01T20:32:10","guid":{"rendered":"http:\/\/www.maranovalpolicella.it\/a\/?page_id=887"},"modified":"2022-09-11T15:30:46","modified_gmt":"2022-09-11T13:30:46","slug":"santa-maria-in-valverde","status":"publish","type":"page","link":"https:\/\/www.maranovalpolicella.it\/a\/territorio\/chiese-e-oratori\/santa-maria-in-valverde\/","title":{"rendered":"Santa Maria in Valverde"},"content":{"rendered":"<h4 style=\"text-align: justify;\"><a href=\"http:\/\/www.maranovalpolicella.it\/immagini\/santamaria\/smaria-02.jpg\" data-lbwps-width=\"900\" data-lbwps-height=\"600\" data-lbwps-srcsmall=\"http:\/\/www.maranovalpolicella.it\/immagini\/santamaria\/smaria-02.jpg\"><img loading=\"lazy\" decoding=\"async\" class=\"alignleft\" src=\"http:\/\/www.maranovalpolicella.it\/immagini\/santamaria\/smaria-02.jpg\" alt=\"\" width=\"324\" height=\"216\" \/><\/a>Oltrepassato Marano, posto nel cuore della Valpolicella, attorno una fertile piana torrentizia, fiancheggiata da ameni rilievi lungo i confini con le valli di Fumane e Negrar, si arriva ai piedi del monte Castelon. E&#8217; il rilievo pi\u00f9 importante costituito da una cresta alta 580 metri, dalla cui sommit\u00e0 l&#8217;occhio pu\u00f2 spaziare su vastissimo orizzonte: dalle colline a sud del lago di Garda fino al monte Baldo, dal monte Carega sui Lessini\u00a0e dalle ultime propaggini di questi fino alla lontana <a href=\"http:\/\/www.maranovalpolicella.it\/immagini\/santamaria\/smaria-03.jpg\" data-lbwps-width=\"800\" data-lbwps-height=\"599\" data-lbwps-srcsmall=\"http:\/\/www.maranovalpolicella.it\/immagini\/santamaria\/smaria-03.jpg\"><img loading=\"lazy\" decoding=\"async\" class=\"alignright\" src=\"http:\/\/www.maranovalpolicella.it\/immagini\/santamaria\/smaria-03.jpg\" alt=\"\" width=\"288\" height=\"215\" \/><\/a>pianura. Sul vertice del Castelon sorgeva un castello fatto erigere, secondo la tradizione, dal console Caio Mario dopo aver vinto i Cimbri; il castello, passato poi agli Scaligeri, fu abbattuto nel 1325. Sul pendio del Castelon sorgeva un tempio dedicato alla dea Minerva. probabilmente sulle rovine del tempio o almeno nelle vicinanze, molto pi\u00f9 tardi sarebbe stata costruita l&#8217;attuale chiesa di Santa Maria Valverde. La chiesa che dall&#8217;alto di un colle domina l&#8217;abitato di Pezza e Purano, ha un&#8217;origine molto antica. L&#8217;attuale risale al 1682, come si pu\u00f2 rilevare dall&#8217;iscrizione posta sopra il barocco altare maggiore; sub\u00ec ampliamenti e modifiche che la portano alla struttura di oggi. La pianta della chiesa \u00e8 a tre navate e a tre absidi. Nell&#8217;interno \u00e8 venerata la miracolosa statua lignea della Madonna con le mani giunte e <a href=\"http:\/\/www.maranovalpolicella.it\/immagini\/santamaria\/smaria-04.jpg\" data-lbwps-width=\"800\" data-lbwps-height=\"600\" data-lbwps-srcsmall=\"http:\/\/www.maranovalpolicella.it\/immagini\/santamaria\/smaria-04.jpg\"><img loading=\"lazy\" decoding=\"async\" class=\"alignleft\" src=\"http:\/\/www.maranovalpolicella.it\/immagini\/santamaria\/smaria-04.jpg\" alt=\"\" width=\"288\" height=\"216\" \/><\/a>il bambino adagiato sulle ginocchia, risalente al 1516, che reca sulla parte posteriore del piedistallo la scritta: &#8220;Questa Madonna ha fatto fare la compagnia de Santa Maria de Valverda de Castelo da Maran de MDXVI&#8221;. La festivit\u00e0 pi\u00f9 solenne che si celebra \u00e8 la cosiddetta &#8220;festa de San Marco&#8221; nella domenica successiva il 25 aprile, preceduta dal triduo e conclusa con la solenne processione attorno al Monte Castelon per invocare protezione sui raccolti della terra. Ultimamente questa \u00e8 diventata l&#8217;occasione per molti, che si sono da tempo trasferiti da Marano, per ritornare ed incontrarsi.<\/h4>\n<h3 align=\"LEFT\">Santa Maria di Minerbe<\/h3>\n<p align=\"justify\"><span style=\"font-family: AGaramond-Regular;\"><strong>questo era il\u00a0 nome originario della localit\u00e0, risale ad un&#8217;epoca antica, compare gi\u00e0 in documenti a partire dal 1184 nella forma\u00a0<span style=\"font-family: AGaramond-Italic;\"><em>Menervii.<\/em><\/span><\/strong><\/span><\/p>\n<p>Restauro Campanile e tetto della chiesa <a href=\"http:\/\/www.impresafraccaroli.com\/portfolio\/santa-maria-in-valverde-marano-di-valpolicella-campanile-e-coperture\/\">SANTA MARIA IN VALVERDE &#8211; MARANO DI VALPOLICELLA &#8211; CAMPANILE E COPERTURE &#8211; Impresafraccaroli.com<\/a><\/p>\n","protected":false},"excerpt":{"rendered":"<p>Oltrepassato Marano, posto nel cuore della Valpolicella, attorno una fertile piana torrentizia, fiancheggiata da ameni rilievi lungo i confini con le valli di Fumane e Negrar, si arriva ai piedi del monte Castelon. E&#8217; il rilievo pi\u00f9 importante costituito da una cresta alta 580 metri, dalla cui sommit\u00e0 l&#8217;occhio pu\u00f2 spaziare su vastissimo orizzonte: dalle &hellip; <\/p>\n<p><a class=\"more-link btn\" href=\"https:\/\/www.maranovalpolicella.it\/a\/territorio\/chiese-e-oratori\/santa-maria-in-valverde\/\">Continua a leggere<\/a><\/p>\n","protected":false},"author":2,"featured_media":0,"parent":358,"menu_order":0,"comment_status":"open","ping_status":"open","template":"","meta":{"footnotes":""},"class_list":["post-887","page","type-page","status-publish","hentry","nodate","item-wrap"],"_links":{"self":[{"href":"https:\/\/www.maranovalpolicella.it\/a\/wp-json\/wp\/v2\/pages\/887","targetHints":{"allow":["GET"]}}],"collection":[{"href":"https:\/\/www.maranovalpolicella.it\/a\/wp-json\/wp\/v2\/pages"}],"about":[{"href":"https:\/\/www.maranovalpolicella.it\/a\/wp-json\/wp\/v2\/types\/page"}],"author":[{"embeddable":true,"href":"https:\/\/www.maranovalpolicella.it\/a\/wp-json\/wp\/v2\/users\/2"}],"replies":[{"embeddable":true,"href":"https:\/\/www.maranovalpolicella.it\/a\/wp-json\/wp\/v2\/comments?post=887"}],"version-history":[{"count":32,"href":"https:\/\/www.maranovalpolicella.it\/a\/wp-json\/wp\/v2\/pages\/887\/revisions"}],"predecessor-version":[{"id":6362,"href":"https:\/\/www.maranovalpolicella.it\/a\/wp-json\/wp\/v2\/pages\/887\/revisions\/6362"}],"up":[{"embeddable":true,"href":"https:\/\/www.maranovalpolicella.it\/a\/wp-json\/wp\/v2\/pages\/358"}],"wp:attachment":[{"href":"https:\/\/www.maranovalpolicella.it\/a\/wp-json\/wp\/v2\/media?parent=887"}],"curies":[{"name":"wp","href":"https:\/\/api.w.org\/{rel}","templated":true}]}}