{"id":894,"date":"2012-11-01T21:46:53","date_gmt":"2012-11-01T20:46:53","guid":{"rendered":"http:\/\/www.maranovalpolicella.it\/a\/?page_id=894"},"modified":"2017-04-27T15:31:53","modified_gmt":"2017-04-27T13:31:53","slug":"madonna-col-bambino","status":"publish","type":"page","link":"https:\/\/www.maranovalpolicella.it\/a\/territorio\/chiese-e-oratori\/santa-maria-in-valverde\/madonna-col-bambino\/","title":{"rendered":"Madonna col Bambino"},"content":{"rendered":"<p style=\"text-align: justify;\">Santa Maria in Valverde<\/p>\n<h4 style=\"text-align: justify;\"><a href=\"http:\/\/www.maranovalpolicella.it\/immagini\/santamaria\/madonna-05.jpg\" data-lbwps-width=\"800\" data-lbwps-height=\"600\" data-lbwps-srcsmall=\"http:\/\/www.maranovalpolicella.it\/immagini\/santamaria\/madonna-05.jpg\"><img loading=\"lazy\" decoding=\"async\" class=\"alignleft\" src=\"http:\/\/www.maranovalpolicella.it\/immagini\/santamaria\/madonna-05.jpg\" alt=\"\" width=\"288\" height=\"216\" \/><\/a><span style=\"font-family: AGaramond-Regular;\">Nell\u2019oratorio di Santa Maria della Valverde di Marano \u00e8 documentata la presenza di una confraternita laicale di devozione mariana, ricordata per la prima volta nella visita pastorale gibertina del\u00a0<\/span><span style=\"font-family: AGaramondExp-Regular;\">1530\u00a0<\/span><span style=\"font-family: AGaramond-Regular;\">(F<\/span><span style=\"font-family: AGaramondExp-Regular;\">ASANI 1989<\/span><span style=\"font-family: AGaramond-Regular;\">, II,\u00a0<\/span><span style=\"font-family: AGaramondExp-Regular;\">613<\/span><span style=\"font-family: AGaramond-Regular;\">). In quel periodo la compagnia \u00e8\u00a0<\/span><span style=\"font-family: AGaramond-Italic;\"><em>nullius valoris\u00a0<\/em><\/span><span style=\"font-family: AGaramond-Regular;\">e ha alcuni arredi. Nella successiva visita del\u00a0<\/span><span style=\"font-family: AGaramondExp-Regular;\">1532\u00a0<\/span><span style=\"font-family: AGaramond-Regular;\">la societ\u00e0 \u00e8 retta da u<\/span><span style=\"font-family: AGaramondExp-Regular;\">ffi<\/span><span style=\"font-family: AGaramond-Regular;\">ciali aventi le stesse mansioni di quelli delle altre pie unioni.\u00a0<a href=\"http:\/\/www.maranovalpolicella.it\/immagini\/santamaria\/madonna-01.jpg\" data-lbwps-width=\"560\" data-lbwps-height=\"800\" data-lbwps-srcsmall=\"http:\/\/www.maranovalpolicella.it\/immagini\/santamaria\/madonna-01.jpg\"><img loading=\"lazy\" decoding=\"async\" class=\"alignright\" src=\"http:\/\/www.maranovalpolicella.it\/immagini\/santamaria\/madonna-01.jpg\" alt=\"\" width=\"202\" height=\"288\" \/><\/a><br \/>\nFinalit\u00e0 della compagnia \u00e8 quella di occuparsi della chiesa, di abbellirla con una pala d\u2019altare,\u00a0<span style=\"font-family: AGaramond-Regular;\">un armadio in cui riporre i paramenti, collocati in sacrestia, e di celebrare messe in occasione delle festivit\u00e0 mariane. Soltanto nella visita pastorale del\u00a0<\/span><span style=\"font-family: AGaramondExp-Regular;\">1605\u00a0<\/span><span style=\"font-family: AGaramond-Regular;\">(ASCDVr,\u00a0<\/span><span style=\"font-family: AGaramond-Italic;\"><em>VP Carlotti<\/em><\/span><span style=\"font-family: AGaramond-Regular;\">, reg. XVII, cc.\u00a0<\/span><span style=\"font-family: AGaramondExp-Regular;\">102, 115<\/span><span style=\"font-family: AGaramond-Regular;\">) si apprende che l\u2019altare maggiore \u00e8 dedicato alla Vergine, \u00e8 consacrato assieme alla chiesa, come testimoniano le croci dipinte sulle pareti, \u00e8 stato utilizzato per le celebrazioni ed \u00e8 in buone condizioni. Nel\u00a0<\/span><span style=\"font-family: AGaramondExp-Regular;\">1764\u00a0<\/span><span style=\"font-family: AGaramond-Regular;\">(<\/span><span style=\"font-family: AGaramond-Italic;\"><em>Ivi<\/em><\/span><span style=\"font-family: AGaramond-Regular;\">,\u00a0<\/span><span style=\"font-family: AGaramond-Italic;\"><em>VP Giustiniani<\/em><\/span><span style=\"font-family: AGaramond-Regular;\">, reg. LXXVI, c.\u00a0<\/span><span style=\"font-family: AGaramondExp-Regular;\">13<\/span><span style=\"font-family: AGaramond-Regular;\">) l\u2019oratorio appare dedicato alla Beata Vergine Maria Annunciata; l\u2019altare, marmoreo, ha una pala dedicata alla Madonna ed \u00e8 mantenuto dalla omonima confraternita.<\/span><\/span><\/h4>\n<p>&nbsp;<\/p>\n<h4 style=\"text-align: justify;\"><a href=\"http:\/\/www.maranovalpolicella.it\/immagini\/santamaria\/madon-02.jpg\" data-lbwps-width=\"200\" data-lbwps-height=\"80\" data-lbwps-srcsmall=\"http:\/\/www.maranovalpolicella.it\/immagini\/santamaria\/madon-02.jpg\"><img loading=\"lazy\" decoding=\"async\" class=\"alignleft\" src=\"http:\/\/www.maranovalpolicella.it\/immagini\/santamaria\/madon-02.jpg\" alt=\"\" width=\"200\" height=\"80\" \/><\/a>La bella statua lignea della Madonna con il Bambino, fatta scolpire dalla Compagnia di Santa Maria di Valverde di Castello di Marano. L&#8217;iscrizione sul piedistallo della statua riporta l&#8217;anno 1516.<\/h4>\n<p>&nbsp;<\/p>\n<p><a href=\"http:\/\/www.maranovalpolicella.it\/immagini\/santamaria\/madonna-06.jpg\" data-lbwps-width=\"700\" data-lbwps-height=\"525\" data-lbwps-srcsmall=\"http:\/\/www.maranovalpolicella.it\/immagini\/santamaria\/madonna-06.jpg\">\u00a0<img loading=\"lazy\" decoding=\"async\" src=\"http:\/\/www.maranovalpolicella.it\/immagini\/santamaria\/madonna-06.jpg\" alt=\"\" width=\"235\" height=\"176\" \/><\/a>\u00a0<a href=\"http:\/\/www.maranovalpolicella.it\/immagini\/santamaria\/madonna-03.jpg\" data-lbwps-width=\"800\" data-lbwps-height=\"600\" data-lbwps-srcsmall=\"http:\/\/www.maranovalpolicella.it\/immagini\/santamaria\/madonna-03.jpg\"><img loading=\"lazy\" decoding=\"async\" src=\"http:\/\/www.maranovalpolicella.it\/immagini\/santamaria\/madonna-03.jpg\" alt=\"\" width=\"235\" height=\"176\" \/><\/a>\u00a0<a href=\"http:\/\/www.maranovalpolicella.it\/immagini\/santamaria\/madonna-04.jpg\" data-lbwps-width=\"800\" data-lbwps-height=\"659\" data-lbwps-srcsmall=\"http:\/\/www.maranovalpolicella.it\/immagini\/santamaria\/madonna-04.jpg\"><img loading=\"lazy\" decoding=\"async\" src=\"http:\/\/www.maranovalpolicella.it\/immagini\/santamaria\/madonna-04.jpg\" alt=\"\" width=\"212\" height=\"175\" \/><\/a><\/p>\n<h3>Le visite pastorali gibertine e nuove sculture\u00a0per il Maestro di San Giorgio<\/h3>\n<p style=\"text-align: justify;\">All\u2019interno del sostanziale anonimato che\u00a0connota il panorama della scultura lignea veronese\u00a0tra la fine del Quattrocento e i primi\u00a0decenni del Cinquecento, qualche tempo fa mi era\u00a0capitato di riunire un gruppo di Madonne, spesso\u00a0prive del Ges\u00fa Bambino disteso in grembo, sparse ai\u00a0quattro canti del contado di Verona, che pirandellianamente\u00a0mi limitavo a considerare \u00abin cerca di autore\u00a0\u00bb. Si tratta di sculture di buon artigianato, riconducibili alla mano di uno stesso intagliatore sulla base\u00a0di punti di contatto tipologici, ancor pi\u00fa che per somiglianze\u00a0stilistiche, al quale in questa sede daremo\u00a0il nome di <strong>Maestro di San Giorgio di Valpolicella<\/strong>.<br \/>\nUn polittico dipinto da Domenico dagli Orologi\u00a0e la Madonna di San Giorgio di Valpolicella<br \/>\nNell\u2019impossibilit\u00e0 di collegare con sicurezza documentazione d\u2019archivio e monumenti, e nell\u2019attesa\u00a0che qualche nuova testimonianza permetta di compiere\u00a0passi in avanti nella conoscenza pi\u00fa in generale\u00a0di questo ambito negletto dagli studi storico-artistici,\u00a0mi era parso utile riunire questo catalogo richiamando\u00a0alla mente le carte rese note da Alessandra Zamperini\u00a0circa la commissione di \u00abunam anchonam ligneam\u00a0cum quinque figuris et ymaginibus rellevatis\u00a0beate Virginis Marie in medio et a lateribus sanctorum\u00a0Petri, Georgii, Antonii abbatis ac beate Catharine\u00bb da parte del parroco di San Giorgio di Valpolicella,\u00a0Corrado de Landis2.<br \/>\nDi questa commissione rimane notizia in due testamenti\u00a0dettati dal religioso nel 1476 e nel 1483, allorch\u00e9\u00a0l\u2019ancona si trovava nella bottega di Domenico\u00a0dagli Orologi pictor in attesa della dipintura. Il polittico\u00a0venne sicuramente consegnato al committente\u00a0o ai suoi successori, in quanto sappiamo che nel 1708\u00a0era esposto sulla mensa dell\u2019altare maggiore (\u00abAd altare\u00a0maius. Palla seu icon ligneus inauratus cum\u00a0quinque figuris Beatissime Virginis, S. Georgii, S. Petri\u00a0Apostoli, S. Antonii Abbatis et S. Catharine Martiris\u00a0\u00bb) e che, dal 1718, venne spostato \u00abad fornicem\u00a0Evangelii iuxta Baptisterium\u00bb. Nonostante la presenza\u00a0sul basamento della data 1515, ridipinta ma probabile\u00a0testimonianza di un\u2019iscrizione originale perduta,<br \/>\nZamperini proponeva di identificare la parte centrale\u00a0del polittico nella Madonna col Bambino attualmente\u00a0conservata nella sala capitolare della chiesa collegiata\u00a0valpolicellese.<br \/>\n<span style=\"color: #993300;\"><strong>Ma la fortuna in questa vallata di un simile modello,\u00a0testimoniata dalla Madonna del santuario di\u00a0Santa Maria Valverde a Marano e da quella della parrocchiale\u00a0di Santa Maria della Misericordia a Gargagnago,\u00a0datate rispettivamente 1516 e 1517<\/strong><\/span> \u2013 cui ora si\u00a0pu\u00f2 aggiungere un\u2019altra opera datata, ovvero il Sant\u2019Antonio\u00a0abate nell\u2019omonima chiesa di Morgnaga,\u00a0presso Gardone Riviera, del 1518 (segnalazione di Luca\u00a0Fabbri) \u2013 induceva alla cautela circa questa identificazione 3.<\/p>\n<p style=\"text-align: justify;\">(annuario della Valpolicella 2012-2013)<\/p>\n","protected":false},"excerpt":{"rendered":"<p>Santa Maria in Valverde Nell\u2019oratorio di Santa Maria della Valverde di Marano \u00e8 documentata la presenza di una confraternita laicale di devozione mariana, ricordata per la prima volta nella visita pastorale gibertina del\u00a01530\u00a0(FASANI 1989, II,\u00a0613). In quel periodo la compagnia \u00e8\u00a0nullius valoris\u00a0e ha alcuni arredi. Nella successiva visita del\u00a01532\u00a0la societ\u00e0 \u00e8 retta da ufficiali aventi &hellip; <\/p>\n<p><a class=\"more-link btn\" href=\"https:\/\/www.maranovalpolicella.it\/a\/territorio\/chiese-e-oratori\/santa-maria-in-valverde\/madonna-col-bambino\/\">Continua a leggere<\/a><\/p>\n","protected":false},"author":2,"featured_media":0,"parent":887,"menu_order":0,"comment_status":"open","ping_status":"open","template":"","meta":{"footnotes":""},"class_list":["post-894","page","type-page","status-publish","hentry","nodate","item-wrap"],"_links":{"self":[{"href":"https:\/\/www.maranovalpolicella.it\/a\/wp-json\/wp\/v2\/pages\/894","targetHints":{"allow":["GET"]}}],"collection":[{"href":"https:\/\/www.maranovalpolicella.it\/a\/wp-json\/wp\/v2\/pages"}],"about":[{"href":"https:\/\/www.maranovalpolicella.it\/a\/wp-json\/wp\/v2\/types\/page"}],"author":[{"embeddable":true,"href":"https:\/\/www.maranovalpolicella.it\/a\/wp-json\/wp\/v2\/users\/2"}],"replies":[{"embeddable":true,"href":"https:\/\/www.maranovalpolicella.it\/a\/wp-json\/wp\/v2\/comments?post=894"}],"version-history":[{"count":15,"href":"https:\/\/www.maranovalpolicella.it\/a\/wp-json\/wp\/v2\/pages\/894\/revisions"}],"predecessor-version":[{"id":2993,"href":"https:\/\/www.maranovalpolicella.it\/a\/wp-json\/wp\/v2\/pages\/894\/revisions\/2993"}],"up":[{"embeddable":true,"href":"https:\/\/www.maranovalpolicella.it\/a\/wp-json\/wp\/v2\/pages\/887"}],"wp:attachment":[{"href":"https:\/\/www.maranovalpolicella.it\/a\/wp-json\/wp\/v2\/media?parent=894"}],"curies":[{"name":"wp","href":"https:\/\/api.w.org\/{rel}","templated":true}]}}