{"id":917,"date":"2012-11-01T22:31:10","date_gmt":"2012-11-01T21:31:10","guid":{"rendered":"http:\/\/www.maranovalpolicella.it\/a\/?page_id=917"},"modified":"2022-05-07T14:31:06","modified_gmt":"2022-05-07T12:31:06","slug":"tromboni-di-s-maria","status":"publish","type":"page","link":"https:\/\/www.maranovalpolicella.it\/a\/associazioni\/tromboni-di-s-maria\/","title":{"rendered":"Tromboni di S.Maria"},"content":{"rendered":"<p style=\"text-align: justify;\"><strong><a href=\"http:\/\/www.maranovalpolicella.it\/immagini\/santamaria\/tromboni-03.jpg\" data-lbwps-width=\"800\" data-lbwps-height=\"600\" data-lbwps-srcsmall=\"http:\/\/www.maranovalpolicella.it\/immagini\/santamaria\/tromboni-03.jpg\"><img loading=\"lazy\" decoding=\"async\" class=\"alignleft\" src=\"http:\/\/www.maranovalpolicella.it\/immagini\/santamaria\/tromboni-03.jpg\" alt=\"\" width=\"288\" height=\"216\" \/><\/a>I tromboni sono pezzi di artiglieria ad avancarica, originari della montagna ed opera di pazienti artigiani. Si rifanno gli archibugi o le colubrine del 1600 e del 1700.<\/strong><strong><span style=\"font-family: AGaramond-Regular;\">\u00a0Queste armi, cui vengono assegnati nomi assai caratteristici, pesano circa\u00a0<span style=\"font-family: AGaramondExp-Regular;\">50\u00a0<\/span>kg e sono composte da un grosso calcio di legno con base assai larga e da una canna la cui bocca si apre verso l\u2019esterno richiamando la forma d\u2019una campana. Gli esemplari pi\u00f9 belli, opera di valenti artigiani, hanno la parte lignea\u00a0<a href=\"http:\/\/www.maranovalpolicella.it\/immagini\/santamaria\/tromboni-04.jpg\" data-lbwps-width=\"800\" data-lbwps-height=\"600\" data-lbwps-srcsmall=\"http:\/\/www.maranovalpolicella.it\/immagini\/santamaria\/tromboni-04.jpg\"><img loading=\"lazy\" decoding=\"async\" class=\"alignright\" src=\"http:\/\/www.maranovalpolicella.it\/immagini\/santamaria\/tromboni-04.jpg\" alt=\"\" width=\"288\" height=\"216\" \/><\/a><span style=\"font-family: AGaramondExp-Regular;\">fi<\/span>nemente decorata e abbellita da parti metalliche, mentre la sezione terminale della canna reca in fusione rilievi di\u00a0<span style=\"font-family: AGaramondExp-Regular;\">fi<\/span>gure e di\u00a0<span style=\"font-family: AGaramondExp-Regular;\">fi<\/span>ori.<\/span><\/strong><\/p>\n<p><strong><span style=\"font-family: AGaramond-Regular;\">Manifestazioni folkloristiche diffuse nella montagna veronese soprattutto nell\u2019Ottocento e nella prima met\u00e0 del Novecento: era infatti consuetudine accompagnare particolari solennit\u00e0 religiose, feste e sagre tradizionali con lo sparo a salve dei cosiddetti\u00a0<span style=\"font-family: AGaramond-Italic;\"><em>trombini<\/em><\/span>, o\u00a0<span style=\"font-family: AGaramond-Italic;\"><em>tromboni<\/em><\/span>, o ancora\u00a0<span style=\"font-family: AGaramond-Italic;\"><em>pistoni<\/em><\/span>, la cui struttura richiama gli archibugi o le colubrine del Sei e Settecento.\u00a0<strong>Il caricamento viene eseguito dagli specialisti versando nella canna l&#8217;esplosivo, che viene compresso con un legno e una <a href=\"http:\/\/www.maranovalpolicella.it\/immagini\/santamaria\/tromboni-07.jpg\" data-lbwps-width=\"500\" data-lbwps-height=\"675\" data-lbwps-srcsmall=\"http:\/\/www.maranovalpolicella.it\/immagini\/santamaria\/tromboni-07.jpg\"><img loading=\"lazy\" decoding=\"async\" class=\"alignleft\" src=\"http:\/\/www.maranovalpolicella.it\/immagini\/santamaria\/tromboni-07.jpg\" alt=\"\" width=\"180\" height=\"243\" \/><\/a>mazza pure di legno: un lavoro delicato. Lo sparo \u00e8 quanto mai di pi\u00f9 caratteristico si possa sentire, e costituisce la parte pi\u00f9 spettacolare.\u00a0<strong>Come si vede dalle foto, l&#8217;uomo punta a terra il trombone. Premuto il grilletto, con l&#8217;esplosione fumosa e fragorosa, sfruttando la forza di rinculo, solleva il pezzo girando su se stesso.<\/strong><strong><span style=\"font-family: AGaramond-Regular;\"><br \/>\nTuttavia poteva succedere che, per l\u2019errata dosatura della polvere da sparo, l\u2019arma scoppiasse, con evidente pericolo del proprietario e delle persone a lui vicine, com\u2019\u00e8 ricordato appunto dal\u00a0<span style=\"font-family: AGaramond-Italic;\"><em>ex voto\u00a0<\/em><\/span>di Marano.\u00a0<\/span><\/strong><\/strong><\/span><\/strong><\/p>\n<p style=\"text-align: justify;\">A Marano (dove, come si \u00e8 visto, i trombini sono attestati almeno dalla seconda met\u00e0 del Settecento) l\u2019antica processione della statua della Madonna intorno al\u00a0<span style=\"font-family: AGaramond-Italic;\"><em>Castelon\u00a0<\/em><\/span>si concludeva ogni anno (a partire almeno dal\u00a0<span style=\"font-family: AGaramondExp-Regular;\">1826<\/span>) con tali esplosioni dall\u2019alto del monte che domina per un vasto raggio la Valpolicella.<\/p>\n<p style=\"text-align: justify;\"><strong>Il 13 maggio 1925 , alle ore 15, mentre sfilava la processione intorno al castelon, il detto\u00a0<\/strong><\/p>\n<p><a href=\"http:\/\/www.maranovalpolicella.it\/immagini\/santamaria\/tromboni-02.jpg\" data-lbwps-width=\"798\" data-lbwps-height=\"434\" data-lbwps-srcsmall=\"http:\/\/www.maranovalpolicella.it\/immagini\/santamaria\/tromboni-02.jpg\"><img loading=\"lazy\" decoding=\"async\" class=\"alignright\" style=\"margin-top: 0.4em;\" src=\"http:\/\/www.maranovalpolicella.it\/immagini\/santamaria\/tromboni-02.jpg\" alt=\"\" width=\"287\" height=\"156\" \/><\/a><\/p>\n<p style=\"text-align: justify;\"><strong>&lt;&lt;Tomelin&gt;&gt; (cos\u00ec era chiamato uno dei &#8220;tromboni &#8220;) and\u00f2 in frantumi, lasciando per\u00f2 illesi quelli dello sparo e i loro compagni.\u00a0<\/strong><strong><span style=\"font-family: AGaramond-Regular;\">Un tal fatto viene attribuito a grazia singolare della portentosa Madonna di Santa Maria di Marano e di questo ritratto si lascia ai posteri riconoscente memoria del fatto miracoloso\u00bb. I protagonisti dell\u2019accaduto furono Giacomino Borghetti, Celeste Lavarini, Giuseppe e Angelo Lonardi, Anselmo Brunelli, Michele Spada, Domenico Fasoli.<\/span><\/strong><\/p>\n<p style=\"text-align: center;\"><span style=\"color: #800000; font-size: large;\">&lt;&lt;Al\u00a0<\/span><span style=\"color: #800000; font-size: large;\">vedermi<\/span><span style=\"color: #800000; font-size: large;\">\u00a0ti spavento<br \/>\nse mi provi sarai contento<br \/>\nsii onesto nel cargare<br \/>\nse non vuoi in terra andare.<br \/>\nIl piacer che tu mi fai<br \/>\nsempre in spalla<br \/>\nin terra mai&gt;&gt;.<\/span><\/p>\n<p>\u00a0<a href=\"http:\/\/www.maranovalpolicella.it\/immagini\/santamaria\/tromboni-05.jpg\" data-lbwps-width=\"800\" data-lbwps-height=\"600\" data-lbwps-srcsmall=\"http:\/\/www.maranovalpolicella.it\/immagini\/santamaria\/tromboni-05.jpg\"><img loading=\"lazy\" decoding=\"async\" src=\"http:\/\/www.maranovalpolicella.it\/immagini\/santamaria\/tromboni-05.jpg\" alt=\"\" width=\"336\" height=\"252\" \/><\/a>\u00a0 \u00a0<a href=\"http:\/\/www.maranovalpolicella.it\/immagini\/santamaria\/tromboni-06.jpg\" data-lbwps-width=\"800\" data-lbwps-height=\"600\" data-lbwps-srcsmall=\"http:\/\/www.maranovalpolicella.it\/immagini\/santamaria\/tromboni-06.jpg\"><img loading=\"lazy\" decoding=\"async\" src=\"http:\/\/www.maranovalpolicella.it\/immagini\/santamaria\/tromboni-06.jpg\" alt=\"\" width=\"336\" height=\"252\" \/><\/a><\/p>\n<p><strong><a href=\"http:\/\/www.earmi.it\/varie\/pistoni.htm\" target=\"_blank\" rel=\"noopener\">Per saperne di pi\u00f9 su pistoni e pistonieri, trombini e trombonieri<\/a><\/strong><\/p>\n","protected":false},"excerpt":{"rendered":"<p>I tromboni sono pezzi di artiglieria ad avancarica, originari della montagna ed opera di pazienti artigiani. Si rifanno gli archibugi o le colubrine del 1600 e del 1700.\u00a0Queste armi, cui vengono assegnati nomi assai caratteristici, pesano circa\u00a050\u00a0kg e sono composte da un grosso calcio di legno con base assai larga e da una canna la &hellip; <\/p>\n<p><a class=\"more-link btn\" href=\"https:\/\/www.maranovalpolicella.it\/a\/associazioni\/tromboni-di-s-maria\/\">Continua a leggere<\/a><\/p>\n","protected":false},"author":2,"featured_media":0,"parent":59,"menu_order":0,"comment_status":"open","ping_status":"open","template":"","meta":{"footnotes":""},"class_list":["post-917","page","type-page","status-publish","hentry","nodate","item-wrap"],"_links":{"self":[{"href":"https:\/\/www.maranovalpolicella.it\/a\/wp-json\/wp\/v2\/pages\/917","targetHints":{"allow":["GET"]}}],"collection":[{"href":"https:\/\/www.maranovalpolicella.it\/a\/wp-json\/wp\/v2\/pages"}],"about":[{"href":"https:\/\/www.maranovalpolicella.it\/a\/wp-json\/wp\/v2\/types\/page"}],"author":[{"embeddable":true,"href":"https:\/\/www.maranovalpolicella.it\/a\/wp-json\/wp\/v2\/users\/2"}],"replies":[{"embeddable":true,"href":"https:\/\/www.maranovalpolicella.it\/a\/wp-json\/wp\/v2\/comments?post=917"}],"version-history":[{"count":4,"href":"https:\/\/www.maranovalpolicella.it\/a\/wp-json\/wp\/v2\/pages\/917\/revisions"}],"predecessor-version":[{"id":3824,"href":"https:\/\/www.maranovalpolicella.it\/a\/wp-json\/wp\/v2\/pages\/917\/revisions\/3824"}],"up":[{"embeddable":true,"href":"https:\/\/www.maranovalpolicella.it\/a\/wp-json\/wp\/v2\/pages\/59"}],"wp:attachment":[{"href":"https:\/\/www.maranovalpolicella.it\/a\/wp-json\/wp\/v2\/media?parent=917"}],"curies":[{"name":"wp","href":"https:\/\/api.w.org\/{rel}","templated":true}]}}