{"id":924,"date":"2012-11-01T22:44:22","date_gmt":"2012-11-01T21:44:22","guid":{"rendered":"http:\/\/www.maranovalpolicella.it\/a\/?page_id=924"},"modified":"2012-11-03T14:29:08","modified_gmt":"2012-11-03T13:29:08","slug":"i-botti-dei-tromboni","status":"publish","type":"page","link":"https:\/\/www.maranovalpolicella.it\/a\/territorio\/chiese-e-oratori\/santa-maria-in-valverde\/i-botti-dei-tromboni\/","title":{"rendered":"I botti dei tromboni"},"content":{"rendered":"<p style=\"text-align: justify;\">I TROMBONI non sono colubrine, n\u00e9 archibugi, n\u00e9 spingarde ma fuciloni a salve per botti propiziatori, nati a met\u00e0 del millennio scorso come segnalatori di nemici in arrivo, dissuasori delle fiere ed allarmi per temporali in arrivo, ma anche note di festa per avvenimenti importanti della vita dell&#8217;alta collina scaligera e vicentina. Pesanti anche 50-60 chili, imbracciati all\u2019incontrario per lo scenografico rinculo sulla spalla sinistra, appartengono a 12 famiglie storiche di Marano.B.F.<\/p>\n<p><a href=\"http:\/\/www.maranovalpolicella.it\/temi\/smaria\/trombo1.jpg\" data-lbwps-width=\"494\" data-lbwps-height=\"674\" data-lbwps-srcsmall=\"http:\/\/www.maranovalpolicella.it\/temi\/smaria\/trombo1.jpg\"><img loading=\"lazy\" decoding=\"async\" class=\"aligncenter\" src=\"http:\/\/www.maranovalpolicella.it\/temi\/smaria\/trombo1.jpg\" alt=\"\" width=\"445\" height=\"607\" \/><\/a><\/p>\n<p style=\"text-align: justify;\">MARANO. Domenica al piccolo santuario si svolge la manifestazione tra canti e rosari<\/p>\n<p style=\"text-align: justify;\">I botti dei tromboni per la festa di Valverde<\/p>\n<p style=\"text-align: justify;\">Bartolo Fracaroli<br \/>\nL\u2019associazione di Santa Maria ha fatto rinascere quasi dieci anni fa la cerimonia religiosa. Ci saranno anche i trombini della Val d\u2019Illasi<br \/>\ngiornale l&#8217;Arena Venerd\u00ec 23 Aprile 2010 PROVINCIA, pagina 32<br \/>\nI tromboni di Santa Maria Valverde schierati sul sagrato: domenica arriveranno per la processioneUn piccolo santuario sul crinale che divide la valle di Fumane da quella di Marano di Valpolicella, a 591 metri di quota, e un colle mozzo che una strada campestre circonda, partendo da una piazzetta dallo splendido panorama fino al Garda e agli Appennini.<br \/>\nSono Santa Maria Valverde (o di Minerbe) ed il monte Castellon sui quali dopodomani alle 16, come ogni anno da almeno un secolo, si svolge una spettacolare processione, tra fede e folclore, il giorno di San Marco, per onorare la Madonna portandola a benedire la Valpolicella su una sedia gestatoria nella sua bella statua della fine del XV secolo, protetta da un baldacchino.<br \/>\nTra canti e rosari all&#8217;improvviso eromperanno, dalla cima del colle, i botti fragorosi della confraternita dei tromboni, cugini dei trombini della val d&#8217;Illasi, che a loro volta saranno alla cerimonia.<br \/>\nLa manifestazione religiosa \u00e8 molto sentita in entrambe le vallate. In circa venti minuti, a piedi, arriveranno i fedeli e gli abitanti di Pezza, San Rocco e Purano, pi\u00f9 i maranesi ed i fumanesi per quello che \u00e8 un rito di rinnovata fiducia nel futuro e una conferma di fede ai limiti del profano. Gli scoppi si sentono fino sul monte Pastello che segna la sinistra Adige, e nella valle di Negrar oltre alla Lessinia Occidentale. La solenne processione si snoda tra cipressi, ciliegi e mandorli in fiore. Quello di Santa Maria Valverde \u00e8 un sito storico, con tracce ancora in studio (e in scavo) dell&#8217;et\u00e0 del bronzo, di quella romana (un tempio di Minerva) ed un castello scaligero raso al suolo proprio da Cangrande, quando un suo nipote tent\u00f2 di togliergli il potere su Verona. La chiesa esisteva da prima del 1600, quando fu rifatta in tre navate.<br \/>\nDal 15 maggio 2001 l&#8217;associazione Tromboni di Santa Maria Valverde, presieduta dal generale in pensione Tullio Campagnola di Purano, ex comandante degli alpini d&#8217;artiglieria da montagna (\u00abMi proponevo d&#8217;insegnargli a far funzionare bene i cannoni ma anche di farne degli ottimi cittadini d&#8217;un paese finalmente civile\u00bb), ha fatto rinascere la fragorosa manifestazione.<br \/>\nDopo il triduo di preparazione liturgica, i trombonieri prima della processione si confessano e ricevono la comunione durante la messa, poi sparano quando la Madonna esce a spalla dalla chiesa, durante il periplo del colle che dura un&#8217;ora e al suo rientro.<br \/>\nIn canonica, al santuario-eremo, \u00e8 esposta una grande foto: due tromboni che esplosero alla cerimonia del 1925, lasciando tutti incolumi i presenti.<br \/>\nUn miracolo e un moderno ex-voto per grazia ricevuta?<br \/>\nPer prudenza non si usano pi\u00f9 i mascoli, che erano dei piccoli mortai di bronzo, o di ferro, del XVII secolo, sempre innocui, ma con un difetto: quando la solita carica a polvere nera veniva fatta esplodere con una miccia corta, balzavano in aria come capretti. Non si poteva rischiare un&#8217;altra foto ricordo.<\/p>\n","protected":false},"excerpt":{"rendered":"<p>I TROMBONI non sono colubrine, n\u00e9 archibugi, n\u00e9 spingarde ma fuciloni a salve per botti propiziatori, nati a met\u00e0 del millennio scorso come segnalatori di nemici in arrivo, dissuasori delle fiere ed allarmi per temporali in arrivo, ma anche note di festa per avvenimenti importanti della vita dell&#8217;alta collina scaligera e vicentina. Pesanti anche 50-60 &hellip; <\/p>\n<p><a class=\"more-link btn\" href=\"https:\/\/www.maranovalpolicella.it\/a\/territorio\/chiese-e-oratori\/santa-maria-in-valverde\/i-botti-dei-tromboni\/\">Continua a leggere<\/a><\/p>\n","protected":false},"author":2,"featured_media":0,"parent":887,"menu_order":0,"comment_status":"open","ping_status":"open","template":"","meta":{"footnotes":""},"class_list":["post-924","page","type-page","status-publish","hentry","nodate","item-wrap"],"_links":{"self":[{"href":"https:\/\/www.maranovalpolicella.it\/a\/wp-json\/wp\/v2\/pages\/924","targetHints":{"allow":["GET"]}}],"collection":[{"href":"https:\/\/www.maranovalpolicella.it\/a\/wp-json\/wp\/v2\/pages"}],"about":[{"href":"https:\/\/www.maranovalpolicella.it\/a\/wp-json\/wp\/v2\/types\/page"}],"author":[{"embeddable":true,"href":"https:\/\/www.maranovalpolicella.it\/a\/wp-json\/wp\/v2\/users\/2"}],"replies":[{"embeddable":true,"href":"https:\/\/www.maranovalpolicella.it\/a\/wp-json\/wp\/v2\/comments?post=924"}],"version-history":[{"count":4,"href":"https:\/\/www.maranovalpolicella.it\/a\/wp-json\/wp\/v2\/pages\/924\/revisions"}],"predecessor-version":[{"id":1776,"href":"https:\/\/www.maranovalpolicella.it\/a\/wp-json\/wp\/v2\/pages\/924\/revisions\/1776"}],"up":[{"embeddable":true,"href":"https:\/\/www.maranovalpolicella.it\/a\/wp-json\/wp\/v2\/pages\/887"}],"wp:attachment":[{"href":"https:\/\/www.maranovalpolicella.it\/a\/wp-json\/wp\/v2\/media?parent=924"}],"curies":[{"name":"wp","href":"https:\/\/api.w.org\/{rel}","templated":true}]}}