{"id":1114,"date":"2018-11-26T13:09:22","date_gmt":"2018-11-26T12:09:22","guid":{"rendered":"https:\/\/www.maranovalpolicella.it\/pezza\/?page_id=1114"},"modified":"2018-11-26T13:19:33","modified_gmt":"2018-11-26T12:19:33","slug":"sostenibilita","status":"publish","type":"page","link":"https:\/\/www.maranovalpolicella.it\/pezza\/benvenuti-a-pezza\/sostenibilita\/","title":{"rendered":"Sostenibilit\u00e0"},"content":{"rendered":"<p><a href=\"https:\/\/www.maranovalpolicella.it\/pezza\/wp-content\/uploads\/2018\/11\/Acquisizione-a-schermo-intero-26112018-130808.jpg\" data-lbwps-width=\"762\" data-lbwps-height=\"1080\" data-lbwps-srcsmall=\"https:\/\/www.maranovalpolicella.it\/pezza\/wp-content\/uploads\/2018\/11\/Acquisizione-a-schermo-intero-26112018-130808.jpg\"><img loading=\"lazy\" decoding=\"async\" class=\"aligncenter size-full wp-image-1115\" src=\"https:\/\/www.maranovalpolicella.it\/pezza\/wp-content\/uploads\/2018\/11\/Acquisizione-a-schermo-intero-26112018-130808.jpg\" alt=\"\" width=\"762\" height=\"1080\" srcset=\"https:\/\/www.maranovalpolicella.it\/pezza\/wp-content\/uploads\/2018\/11\/Acquisizione-a-schermo-intero-26112018-130808.jpg 762w, https:\/\/www.maranovalpolicella.it\/pezza\/wp-content\/uploads\/2018\/11\/Acquisizione-a-schermo-intero-26112018-130808-212x300.jpg 212w, https:\/\/www.maranovalpolicella.it\/pezza\/wp-content\/uploads\/2018\/11\/Acquisizione-a-schermo-intero-26112018-130808-722x1024.jpg 722w\" sizes=\"auto, (max-width: 762px) 100vw, 762px\" \/><\/a><\/p>\n<p>La parola sostenibilit\u00e0 racchiude in s\u00e9 una miriadi<br \/>\ndi significati: ambientale, tecnica, finanziaria ed economica,<br \/>\nsociale. Anche l\u2019organizzazione dei Mercatini non pu\u00f2<br \/>\nsfuggire a questo tipo di valutazioni.<br \/>\nDalla sostenibilit\u00e0 tecnica, che si dipana tra impiantistica, collaudo delle<br \/>\ntensostrutture, verifica della staticit\u00e0 dei gazebi e relative autorizzazioni<br \/>\namministrative e legali, a quella finanziaria che subito \u201ccorre a dirigere\u201d alcune<br \/>\nscelte indirizzandole verso costi economici pi\u00f9 \u201caccettabili\u201d.<br \/>\nMa se la sostenibilit\u00e0 sociale dei Mercatini \u00e8 la stessa fonte che li ha originati,<br \/>\nmotivandoli fin dall\u2019inizio quali strumento per poter erogare beneficenza,<br \/>\ngli aspetti ambientali possono magari a un primo sguardo non essere colti.<br \/>\nCome ogni attivit\u00e0 umana, anche i Mercatini producono rifiuti di diversa<br \/>\ntipologia. Dagli elementi di scarto o imballaggio in fase di allestimento delle<br \/>\nstrutture e degli impianti, agli scarti alimentari prodotti durante la preparazione<br \/>\ne cottura dei piatti presenti nel menu, ai rifiuti prodotti in sala ristorante quali<br \/>\nstoviglie, tovaglioli, bicchieri di plastica.<\/p>\n<p><a href=\"https:\/\/www.maranovalpolicella.it\/pezza\/wp-content\/uploads\/2018\/11\/Acquisizione-a-schermo-intero-26112018-131532.jpg\" data-lbwps-width=\"760\" data-lbwps-height=\"1080\" data-lbwps-srcsmall=\"https:\/\/www.maranovalpolicella.it\/pezza\/wp-content\/uploads\/2018\/11\/Acquisizione-a-schermo-intero-26112018-131532.jpg\"><img loading=\"lazy\" decoding=\"async\" class=\"aligncenter size-full wp-image-1121\" src=\"https:\/\/www.maranovalpolicella.it\/pezza\/wp-content\/uploads\/2018\/11\/Acquisizione-a-schermo-intero-26112018-131532.jpg\" alt=\"\" width=\"760\" height=\"1080\" srcset=\"https:\/\/www.maranovalpolicella.it\/pezza\/wp-content\/uploads\/2018\/11\/Acquisizione-a-schermo-intero-26112018-131532.jpg 760w, https:\/\/www.maranovalpolicella.it\/pezza\/wp-content\/uploads\/2018\/11\/Acquisizione-a-schermo-intero-26112018-131532-211x300.jpg 211w, https:\/\/www.maranovalpolicella.it\/pezza\/wp-content\/uploads\/2018\/11\/Acquisizione-a-schermo-intero-26112018-131532-721x1024.jpg 721w\" sizes=\"auto, (max-width: 760px) 100vw, 760px\" \/><\/a><\/p>\n<p>A fronte del successo che questa manifestazione ha raggiunto negli anni (siamo<br \/>\narrivati a 14 quest\u2019anno!!), la quantit\u00e0 di tali rifiuti \u00e8 andata via via aumentando,<br \/>\nsoprattutto per la parte legata alla consumazione dei pasti in sala ristorante.<br \/>\nQualche anno fa venivano prodotti all\u2019incirca 20 sacchi da 120 litri di materiale<br \/>\nplastico (bicchieri, piatti, cellophane d\u2019imballaggio, lattine).<br \/>\nPer il Comitato organizzatore questo rappresentava il retro della medaglia della<br \/>\nbellezza dei Mercatini perch\u00e9 non appariva in linea con il concetto di<br \/>\nsostenibilit\u00e0 nel senso pi\u00f9 ampio e completo.<br \/>\nTre anni fa, dopo un\u2019attenta valutazione delle varie alternative presenti sul<br \/>\nmercato, abbiamo quindi scelto di passare all\u2019utilizzo di stoviglie in melanina<br \/>\nlavabili, abbinate alla posateria in acciaio. In questo modo sono stati<br \/>\ndrasticamente ridotti i consumi di materiale in plastica monouso, quali piatti<br \/>\npiani e fondi, posateria varia. Negli anni successivi poi si \u00e8 spinto ulteriormente<br \/>\nil piede sull\u2019acceleratore di questo cambiamento, arricchendo l\u2019offerta delle<br \/>\nstoviglie lavabili anche con altra posateria (il cucchiaio per la pasta e fagioli ad<br \/>\nesempio!!), alcuni bicchieri in vetro infrangibile e altro.<br \/>\nE i risultati si sono visti subito! In sala ristorante nell\u2019arco della \u201ctre giorni dei<br \/>\nMercatini\u201d sono stati prodotti solo due sacchi di materiale plastico e un sacchetto<br \/>\nda circa 20 litri di secco!!<\/p>\n<p><a href=\"https:\/\/www.maranovalpolicella.it\/pezza\/wp-content\/uploads\/2018\/11\/Acquisizione-a-schermo-intero-26112018-131820.jpg\" data-lbwps-width=\"764\" data-lbwps-height=\"1080\" data-lbwps-srcsmall=\"https:\/\/www.maranovalpolicella.it\/pezza\/wp-content\/uploads\/2018\/11\/Acquisizione-a-schermo-intero-26112018-131820.jpg\"><img loading=\"lazy\" decoding=\"async\" class=\"aligncenter size-full wp-image-1123\" src=\"https:\/\/www.maranovalpolicella.it\/pezza\/wp-content\/uploads\/2018\/11\/Acquisizione-a-schermo-intero-26112018-131820.jpg\" alt=\"\" width=\"764\" height=\"1080\" srcset=\"https:\/\/www.maranovalpolicella.it\/pezza\/wp-content\/uploads\/2018\/11\/Acquisizione-a-schermo-intero-26112018-131820.jpg 764w, https:\/\/www.maranovalpolicella.it\/pezza\/wp-content\/uploads\/2018\/11\/Acquisizione-a-schermo-intero-26112018-131820-212x300.jpg 212w, https:\/\/www.maranovalpolicella.it\/pezza\/wp-content\/uploads\/2018\/11\/Acquisizione-a-schermo-intero-26112018-131820-724x1024.jpg 724w\" sizes=\"auto, (max-width: 764px) 100vw, 764px\" \/><\/a><\/p>\n<p>Questo ottimo risultato in termini di sostenibilit\u00e0 ambientale ha consentito<br \/>\nanche di raggiungere un altro traguardo sotto il profilo di una sostenibilit\u00e0<br \/>\nche possiamo definire \u201cdel comfort\u201d. In effetti gustarsi un bel piatto di trippe o<br \/>\npasta e fagioli oppure \u201clesso e pear\u00e0\u201d e le mitiche verze stufate utilizzando<br \/>\nposate in metallo con un piatto in melanina, quindi rigido e di un certo spessore,<br \/>\n\u00e8 tutt\u2019altra cosa che farlo con piatti e posateria di plastica!<br \/>\nQuest\u2019anno la scure della sostenibilit\u00e0 si abbatte su uno degli ultimi prodotti<br \/>\nche ancora ci rimanevano di plastica: la tradizionale vaschetta di patatine<br \/>\nfritte. La sfida \u00e8 proporla in materiale di cartoncino: ci costa qualcosa in pi\u00f9<br \/>\n(sostenibilit\u00e0 economica) ma risulta pi\u00f9 sostenibile sia per l\u2019ambiente sia per<br \/>\nle vostre mani perch\u00e9 cos\u00ec si scottano meno!! E la scelta \u00e8 stata fatta!<br \/>\nBuon appetito sostenibile!!<\/p>\n","protected":false},"excerpt":{"rendered":"<p>La parola sostenibilit\u00e0 racchiude in s\u00e9 una miriadi di significati: ambientale, tecnica, finanziaria ed economica, sociale. Anche l\u2019organizzazione dei Mercatini non pu\u00f2 sfuggire a questo tipo di valutazioni. Dalla sostenibilit\u00e0 tecnica, che si dipana tra impiantistica, collaudo delle tensostrutture, verifica della staticit\u00e0 dei gazebi e relative autorizzazioni amministrative e legali, a quella finanziaria che subito &hellip; <\/p>\n<p><a class=\"more-link btn\" href=\"https:\/\/www.maranovalpolicella.it\/pezza\/benvenuti-a-pezza\/sostenibilita\/\">Continua a leggere<\/a><\/p>\n","protected":false},"author":2,"featured_media":0,"parent":345,"menu_order":5,"comment_status":"closed","ping_status":"closed","template":"","meta":{"footnotes":""},"class_list":["post-1114","page","type-page","status-publish","hentry","nodate","item-wrap"],"_links":{"self":[{"href":"https:\/\/www.maranovalpolicella.it\/pezza\/wp-json\/wp\/v2\/pages\/1114","targetHints":{"allow":["GET"]}}],"collection":[{"href":"https:\/\/www.maranovalpolicella.it\/pezza\/wp-json\/wp\/v2\/pages"}],"about":[{"href":"https:\/\/www.maranovalpolicella.it\/pezza\/wp-json\/wp\/v2\/types\/page"}],"author":[{"embeddable":true,"href":"https:\/\/www.maranovalpolicella.it\/pezza\/wp-json\/wp\/v2\/users\/2"}],"replies":[{"embeddable":true,"href":"https:\/\/www.maranovalpolicella.it\/pezza\/wp-json\/wp\/v2\/comments?post=1114"}],"version-history":[{"count":4,"href":"https:\/\/www.maranovalpolicella.it\/pezza\/wp-json\/wp\/v2\/pages\/1114\/revisions"}],"predecessor-version":[{"id":1124,"href":"https:\/\/www.maranovalpolicella.it\/pezza\/wp-json\/wp\/v2\/pages\/1114\/revisions\/1124"}],"up":[{"embeddable":true,"href":"https:\/\/www.maranovalpolicella.it\/pezza\/wp-json\/wp\/v2\/pages\/345"}],"wp:attachment":[{"href":"https:\/\/www.maranovalpolicella.it\/pezza\/wp-json\/wp\/v2\/media?parent=1114"}],"curies":[{"name":"wp","href":"https:\/\/api.w.org\/{rel}","templated":true}]}}