{"id":10408,"date":"2025-11-25T17:50:10","date_gmt":"2025-11-25T17:50:10","guid":{"rendered":"https:\/\/www.maranovalpolicella.it\/proloco\/?page_id=10408"},"modified":"2025-11-25T18:50:04","modified_gmt":"2025-11-25T18:50:04","slug":"25-anni-della-pro-loco","status":"publish","type":"page","link":"https:\/\/www.maranovalpolicella.it\/proloco\/?page_id=10408","title":{"rendered":"25 anni della Pro Loco"},"content":{"rendered":"\n<p>25 anni di Pro Loco Marano di Valpolicella<br>2001 \u2013 2026<br>Con l\u2019anno 2026 la Pro Loco di Marano di Valpolicella festeggia un traguardo importante: 25 anni di attivit\u00e0 al servizio della comunit\u00e0. Fondata nel 2001, ha saputo crescere e consolidarsi come punto di riferimento per il nostro territorio, promuovendo con passione la cultura, la musica, le tradizioni e soprattutto il piacere dello stare insieme.<br>In questo quarto di secolo la Pro Loco ha dato vita a numerose iniziative: dalle feste popolari alle rassegne musicali, dalle manifestazioni culturali alle attivit\u00e0 di valorizzazione del patrimonio storico e paesaggistico. Ogni evento \u00e8 stato occasione di incontro, di condivisione e di orgoglio per la nostra comunit\u00e0.<br>Celebrare questo anniversario significa ripercorrere i momenti pi\u00f9 significativi, ricordare i volti, le storie e le energie che hanno reso possibile questo cammino. Sono stati tanti i progetti realizzati, le sfide affrontate e le soddisfazioni raccolte: un mosaico di esperienze che racconta la vitalit\u00e0 di Marano e la forza del volontariato.<br>La guida della Pro Loco, in questi 25 anni, \u00e8 stata affidata a tre presidenti:<\/p>\n\n\n\n<ul class=\"wp-block-list\">\n<li>Luigi Poli, che ha avviato il percorso nei primi mesi di vita dell\u2019associazione;<\/li>\n\n\n\n<li>Dario Degani, presidente per quasi tutto il periodo, che con dedizione e costanza ha accompagnato la crescita della Pro Loco;<\/li>\n\n\n\n<li>Gianpaola Zanotti, attuale presidente, che da un paio d\u2019anni porta avanti con entusiasmo e nuove idee la tradizione di impegno e servizio.<\/li>\n<\/ul>\n\n\n\n<p><\/p>\n\n\n\n<p class=\"has-large-font-size\"><strong>Le origini della Pro Loco di Marano<\/strong><\/p>\n\n\n\n<p>Da tempo, a Marano di Valpolicella, si avvertiva la necessit\u00e0 di una Pro Loco, cos\u00ec come gi\u00e0 esisteva in molti altri comuni d\u2019Italia. L\u2019idea riaffiorava spesso nelle conversazioni di persone impegnate in associazioni culturali, sportive o sociali, e anche tra chi faceva parte dell\u2019amministrazione comunale. Si trattava di un desiderio condiviso: dare vita a un organismo capace di coordinare le energie della comunit\u00e0 e di valorizzare il territorio con iniziative comuni.<br>Per anni, tuttavia, questo progetto rimase sospeso. Nonostante i tentativi di ottenere un appoggio diretto dall\u2019amministrazione comunale, non si riusc\u00ec a trovare un riscontro concreto, neppure da parte dell\u2019allora sindaco Pietro Clementi. L\u2019idea sembrava destinata a restare un sogno.<br>Finalmente, nell\u2019anno 2000, le cose cambiarono. Un gruppo di cittadini determinati riport\u00f2 il tema al centro del dibattito e si inizi\u00f2 a parlare in modo concreto della nascita di una Pro Loco per Marano. Fu un momento di svolta: la consapevolezza che il paese avesse bisogno di un\u2019associazione capace di promuovere cultura, tradizioni e socialit\u00e0 si trasform\u00f2 in volont\u00e0 operativa.<br>Nel febbraio del 2000, presso il notaio Scaduto in San Pietro in Cariano, venne sottoscritto l\u2019atto costitutivo della Pro Loco di Marano. A guidare l\u2019associazione fu nominato un presidente provvisorio, Clementino Ballarini, che tuttavia si dimise subito dopo, per lasciare piena autonomia alla prima assemblea dei soci. In quell\u2019occasione si apr\u00ec la fase delle candidature e venne eletto il primo Consiglio d\u2019Amministrazione, segnando l\u2019inizio ufficiale di un percorso che avrebbe accompagnato la comunit\u00e0 per i successivi venticinque anni.<\/p>\n\n\n\n<h4 class=\"wp-block-heading\"><a href=\"https:\/\/www.facebook.com\/121034127937178\/posts\/350274941679761\/?__cft__[0]=AZXXDFLQG6FSWWNtNcnwgrZbyCtKQQN4ps2YgrSBfkCCI7Fekc_YZguiL19hSxNLS1qGsSmdFQy40hNontbmO4JA96uCg2-1xsICP7ZgjPSYyuPw0tqyqWpdDRO6Eu_98VnMKTD2Qk8zNzJa0INVoGjEMOcUNqm2pdraFScBYXEdIA&amp;__tn__=H-R\">Fondazione (22 settembre 2001)<\/a><\/h4>\n\n\n\n<p><\/p>\n\n\n\n<p>La pro loco di Marano ha festeggiato il suo esordio con una serata di presentazione il 22 settembre 2001. Presso la chiesa di Marano si sono esibiti i cori: Il Vesoto di San Floriano &#8211; La Chiusa di Volargne &#8211; Gli Amici della Musica di Fumane.<\/p>\n","protected":false},"excerpt":{"rendered":"<p>25 anni di Pro Loco Marano di Valpolicella2001 \u2013 2026Con l\u2019anno 2026 la Pro Loco di Marano di Valpolicella festeggia un traguardo importante: 25 anni di attivit\u00e0 al servizio della comunit\u00e0. Fondata nel 2001, ha saputo crescere e consolidarsi come punto di riferimento per il nostro territorio, promuovendo con passione la cultura, la musica, le &hellip; <\/p>\n<p><a class=\"more-link btn\" href=\"https:\/\/www.maranovalpolicella.it\/proloco\/?page_id=10408\">Continua a leggere<\/a><\/p>\n","protected":false},"author":5,"featured_media":0,"parent":0,"menu_order":3,"comment_status":"closed","ping_status":"closed","template":"","meta":{"footnotes":""},"class_list":["post-10408","page","type-page","status-publish","hentry","nodate","item-wrap"],"_links":{"self":[{"href":"https:\/\/www.maranovalpolicella.it\/proloco\/index.php?rest_route=\/wp\/v2\/pages\/10408","targetHints":{"allow":["GET"]}}],"collection":[{"href":"https:\/\/www.maranovalpolicella.it\/proloco\/index.php?rest_route=\/wp\/v2\/pages"}],"about":[{"href":"https:\/\/www.maranovalpolicella.it\/proloco\/index.php?rest_route=\/wp\/v2\/types\/page"}],"author":[{"embeddable":true,"href":"https:\/\/www.maranovalpolicella.it\/proloco\/index.php?rest_route=\/wp\/v2\/users\/5"}],"replies":[{"embeddable":true,"href":"https:\/\/www.maranovalpolicella.it\/proloco\/index.php?rest_route=%2Fwp%2Fv2%2Fcomments&post=10408"}],"version-history":[{"count":4,"href":"https:\/\/www.maranovalpolicella.it\/proloco\/index.php?rest_route=\/wp\/v2\/pages\/10408\/revisions"}],"predecessor-version":[{"id":10413,"href":"https:\/\/www.maranovalpolicella.it\/proloco\/index.php?rest_route=\/wp\/v2\/pages\/10408\/revisions\/10413"}],"wp:attachment":[{"href":"https:\/\/www.maranovalpolicella.it\/proloco\/index.php?rest_route=%2Fwp%2Fv2%2Fmedia&parent=10408"}],"curies":[{"name":"wp","href":"https:\/\/api.w.org\/{rel}","templated":true}]}}