{"id":170,"date":"2012-10-05T21:03:30","date_gmt":"2012-10-05T21:03:30","guid":{"rendered":"http:\/\/www.prolocomarano.it\/v2\/?page_id=170"},"modified":"2025-11-25T17:38:42","modified_gmt":"2025-11-25T17:38:42","slug":"accoglienza","status":"publish","type":"page","link":"https:\/\/www.maranovalpolicella.it\/proloco\/?page_id=170","title":{"rendered":"Tradizione"},"content":{"rendered":"<h3 style=\"text-align: justify;\">Le tradizioni popolari, cio\u00e8 l\u2019insieme delle credenze, delle usanze, dei comportamenti privati e<a href=\"http:\/\/www.maranovalpolicella.it\/associazioni\/propezza\/foto\/Pezza\/images\/pezza_030.jpg\" data-lbwps-width=\"640\" data-lbwps-height=\"436\" data-lbwps-srcsmall=\"http:\/\/www.maranovalpolicella.it\/associazioni\/propezza\/foto\/Pezza\/images\/pezza_030.jpg\"><img loading=\"lazy\" decoding=\"async\" class=\"alignright\" src=\"http:\/\/www.maranovalpolicella.it\/associazioni\/propezza\/foto\/Pezza\/images\/pezza_030.jpg\" alt=\"\" width=\"269\" height=\"183\" \/><\/a> sociali tramandati per generazioni, sono profondamente e rapidamente cambiate con il radicale mutamento delle condizioni di vita, di lavoro, di mentalit\u00e0 introdotto dall\u2019industrializzazione. Per il nostro territorio si pu\u00f2 aggiungere che la spinta alla modernizzazione dello stile di vita \u00e8 stata cos\u00ec forte (soprattutto negli anni 60 e 70) che, per un certo periodo, si \u00e8 fatto di tutto per eliminare ogni traccia di matrici contadine dalla vita quotidiana: ed ecco le casette nuove con le tapparelle, la distruzione o dispersione di mobilio e attrezzature secolari in cambio di formica e plastica, la rimozione della lingua dialettale per un italiano povero, incolore, mai assimilato del tutto.<\/h3>\n<h3 style=\"text-align: justify;\">Negli ultimi anni si vede uno sforzo per recuperare le tradizioni, magari per caratterizzare una sagra o una festa di paese o per valorizzare un prodotto tipico, ma molto resta ancora da fare perch\u00e9, in questo settore come in altri,la Valpolicellaregistra una grande variet\u00e0 e ricchezza che\u00a0 sta irreparabilmente morendo insieme con gli ultimi testimoni di un mondo che, pur essendo sopravvissuto fino a qualche decennio fa, ci sembra perso nella notte dei tempi.<\/h3>\n<h3 style=\"text-align: justify;\">Per una sintetica presentazione delle principali e pi\u00f9 tipiche tradizioni popolari della Valpolicella \u00e8 utile servirsi di due sequenze temporali: il ciclo della vita e il ciclo dell\u2019anno.<\/h3>\n","protected":false},"excerpt":{"rendered":"<p>Le tradizioni popolari, cio\u00e8 l\u2019insieme delle credenze, delle usanze, dei comportamenti privati e sociali tramandati per generazioni, sono profondamente e rapidamente cambiate con il radicale mutamento delle condizioni di vita, di lavoro, di mentalit\u00e0 introdotto dall\u2019industrializzazione. Per il nostro territorio si pu\u00f2 aggiungere che la spinta alla modernizzazione dello stile di vita \u00e8 stata cos\u00ec &hellip; <\/p>\n<p><a class=\"more-link btn\" href=\"https:\/\/www.maranovalpolicella.it\/proloco\/?page_id=170\">Continua a leggere<\/a><\/p>\n","protected":false},"author":4,"featured_media":0,"parent":178,"menu_order":-1,"comment_status":"open","ping_status":"closed","template":"","meta":{"footnotes":""},"class_list":["post-170","page","type-page","status-publish","hentry","nodate","item-wrap"],"_links":{"self":[{"href":"https:\/\/www.maranovalpolicella.it\/proloco\/index.php?rest_route=\/wp\/v2\/pages\/170","targetHints":{"allow":["GET"]}}],"collection":[{"href":"https:\/\/www.maranovalpolicella.it\/proloco\/index.php?rest_route=\/wp\/v2\/pages"}],"about":[{"href":"https:\/\/www.maranovalpolicella.it\/proloco\/index.php?rest_route=\/wp\/v2\/types\/page"}],"author":[{"embeddable":true,"href":"https:\/\/www.maranovalpolicella.it\/proloco\/index.php?rest_route=\/wp\/v2\/users\/4"}],"replies":[{"embeddable":true,"href":"https:\/\/www.maranovalpolicella.it\/proloco\/index.php?rest_route=%2Fwp%2Fv2%2Fcomments&post=170"}],"version-history":[{"count":9,"href":"https:\/\/www.maranovalpolicella.it\/proloco\/index.php?rest_route=\/wp\/v2\/pages\/170\/revisions"}],"predecessor-version":[{"id":10407,"href":"https:\/\/www.maranovalpolicella.it\/proloco\/index.php?rest_route=\/wp\/v2\/pages\/170\/revisions\/10407"}],"up":[{"embeddable":true,"href":"https:\/\/www.maranovalpolicella.it\/proloco\/index.php?rest_route=\/wp\/v2\/pages\/178"}],"wp:attachment":[{"href":"https:\/\/www.maranovalpolicella.it\/proloco\/index.php?rest_route=%2Fwp%2Fv2%2Fmedia&parent=170"}],"curies":[{"name":"wp","href":"https:\/\/api.w.org\/{rel}","templated":true}]}}