{"id":172,"date":"2013-01-05T21:05:37","date_gmt":"2013-01-05T21:05:37","guid":{"rendered":"http:\/\/www.prolocomarano.it\/v2\/?page_id=172"},"modified":"2014-01-29T22:19:17","modified_gmt":"2014-01-29T22:19:17","slug":"associazione","status":"publish","type":"page","link":"https:\/\/www.maranovalpolicella.it\/proloco\/?page_id=172","title":{"rendered":"ProLoco"},"content":{"rendered":"<h3 style=\"text-align: justify;\"><span style=\"font-family: comic sans ms,cursive;\"><a href=\"http:\/\/www.maranovalpolicella.it\/immagini\/marano\/pianaura-02.jpg\" data-lbwps-width=\"477\" data-lbwps-height=\"664\" data-lbwps-srcsmall=\"http:\/\/www.maranovalpolicella.it\/immagini\/marano\/pianaura-02.jpg\"><img loading=\"lazy\" decoding=\"async\" class=\"alignleft\" alt=\"\" src=\"http:\/\/www.maranovalpolicella.it\/immagini\/marano\/pianaura-02.jpg\" width=\"172\" height=\"239\" \/><\/a>Pro loco (et pro bono civium) L\u2019idea di Proloco \u00e8 in genere legata alla promozione di qualche peculiarit\u00e0 del territorio locale, dei suoi prodotti, soprattutto gastronomici: un\u2019istituzione cio\u00e8 che si occupa piuttosto di cose che di persone e il tutto per interessare persone esterne al luogo di azione. La Pro Loco di Marano, fin dalla sua nascita (2001: dieci anni fa) ha rivolto la sua attenzione alla comunit\u00e0 di Marano, proponendo, lungo il corso dell\u2019anno, diversi appuntamenti eventi con lo scopo di ritrovarsi insieme, rinsaldando l\u2019idea di comunit\u00e0, di vivere insieme qualche occasione di rinnovare, ampliare, approfondire le proprie conoscenze, sia a proposito del proprio territorio e immediate vicinanze (solo una comunit\u00e0 che conosce il proprio patrimonio culturale \u00e8 in grado di difenderlo e valorizzarlo), sia allargando lo sguardo al mondo, all\u2019intera vicenda umana, all\u2019arte, alla letteratura, alla musica. Si \u00e8 scelto fin da subito di assumere un ruolo di servizio per la comunit\u00e0, affiancando, supportando, collaborando con le atre numerose istituzioni della vivace comunit\u00e0 di Marano, sotto il segno della ricerca della condivisione, della leggerezza, della disponibilit\u00e0. Tutte le attivit\u00e0 della Pro Loco di Marano vengono progettate, discusse e approvate dal Consiglio di gestione, coordinato e diretto dal Presidente, in riunioni sempre molto affollate e partecipate, in cui i consiglieri non si occupano solo di decidere una particolare iniziativa, ma offrono la loro generosa disponibilit\u00e0 a svolgere mansioni e ruoli esecutivi e organizzativi, secondo attitudini e competenze. Si sono cos\u00ec maturate della capacit\u00e0 semiprofessionali che permettono di sostenere un calendario fitto di impegni, di risolvere con apparente semplicit\u00e0 difficili situazioni logistiche, di assicurare un supporto efficiente in molti appuntamenti culturali e comunitari. La Pro Loco di Marano opera in piena intesa col Comune di Marano e gode del sostegno di Banca Valpolicella Credito Cooperativo di Marano. <\/span><\/h3>\n","protected":false},"excerpt":{"rendered":"<p>Pro loco (et pro bono civium) L\u2019idea di Proloco \u00e8 in genere legata alla promozione di qualche peculiarit\u00e0 del territorio locale, dei suoi prodotti, soprattutto gastronomici: un\u2019istituzione cio\u00e8 che si occupa piuttosto di cose che di persone e il tutto per interessare persone esterne al luogo di azione. La Pro Loco di Marano, fin dalla &hellip; <\/p>\n<p><a class=\"more-link btn\" href=\"https:\/\/www.maranovalpolicella.it\/proloco\/?page_id=172\">Continua a leggere<\/a><\/p>\n","protected":false},"author":4,"featured_media":0,"parent":0,"menu_order":5,"comment_status":"closed","ping_status":"closed","template":"","meta":{"footnotes":""},"class_list":["post-172","page","type-page","status-publish","hentry","nodate","item-wrap"],"_links":{"self":[{"href":"https:\/\/www.maranovalpolicella.it\/proloco\/index.php?rest_route=\/wp\/v2\/pages\/172","targetHints":{"allow":["GET"]}}],"collection":[{"href":"https:\/\/www.maranovalpolicella.it\/proloco\/index.php?rest_route=\/wp\/v2\/pages"}],"about":[{"href":"https:\/\/www.maranovalpolicella.it\/proloco\/index.php?rest_route=\/wp\/v2\/types\/page"}],"author":[{"embeddable":true,"href":"https:\/\/www.maranovalpolicella.it\/proloco\/index.php?rest_route=\/wp\/v2\/users\/4"}],"replies":[{"embeddable":true,"href":"https:\/\/www.maranovalpolicella.it\/proloco\/index.php?rest_route=%2Fwp%2Fv2%2Fcomments&post=172"}],"version-history":[{"count":13,"href":"https:\/\/www.maranovalpolicella.it\/proloco\/index.php?rest_route=\/wp\/v2\/pages\/172\/revisions"}],"predecessor-version":[{"id":2325,"href":"https:\/\/www.maranovalpolicella.it\/proloco\/index.php?rest_route=\/wp\/v2\/pages\/172\/revisions\/2325"}],"wp:attachment":[{"href":"https:\/\/www.maranovalpolicella.it\/proloco\/index.php?rest_route=%2Fwp%2Fv2%2Fmedia&parent=172"}],"curies":[{"name":"wp","href":"https:\/\/api.w.org\/{rel}","templated":true}]}}