{"id":4714,"date":"2014-09-04T20:22:41","date_gmt":"2014-09-04T20:22:41","guid":{"rendered":"http:\/\/www.prolocomarano.it\/v2\/?page_id=4714"},"modified":"2014-09-04T20:34:32","modified_gmt":"2014-09-04T20:34:32","slug":"poesia-in-corte-al-gazzo","status":"publish","type":"page","link":"https:\/\/www.maranovalpolicella.it\/proloco\/?page_id=4714","title":{"rendered":"Poesia in corte al Gazzo"},"content":{"rendered":"<p style=\"color: #723737;\"><strong><span style=\"color: #000080;\">GIOVED\u00cc 7 AGOSTO\u00a0<\/span><\/strong><br \/>\n<strong><span style=\"color: #000080;\">TENUTA S. MARIA VALVERDE \u2013 LOC. GAZZO \u2013 MARANO DI VALPOLICELLA<\/span><\/strong><\/p>\n<p style=\"color: #723737;\">INCONTRO CON SANDRO BAGANZANI<br \/>\nINTRODUCE GIUSEPPE DEGANI.<\/p>\n<p style=\"color: #723737;\"><span style=\"color: #800000;\">Una serata speciale al Gazzo \u00a0di Marano Valpolicella nella corte della tenuta Santa Maria. Il cielo sereno con tante stelle, il silenzio rotto solo dal verso delle rondini, la gente che ascoltava\u00a0con attenzione hanno creato il clima per apprezzare le poesie di Sandro Baganzani.\u00a0Nato\u00a0a Verona nella contrada di Santa Maria in Organo. Si laure\u00f2 in lettere a Bologna con Giovanni Pascoli. Nel 1913 and\u00f2 ad insegnare nel Liceo di Adrano (Catania); si arruol\u00f2 volontario nella Prima Guerra Mondiale con il grado di sottotenente nel 6\u00b0 Reggimento Alpini. Combatt\u00e9 sull\u2019Ortigara, dove fu ferito, guid\u00f2 i suoi soldati sugli altipiani d\u2019Asiago dove fu fatto prigioniero dagli austro-ungarici e fin\u00ec nella prigione di Mauthausen dove rimase 10 mesi; ritorn\u00f2, con il grado di tenente, alla fine del 1918.<\/span><\/p>\n<p style=\"color: #723737;\">Le poesie sono state presentate e lette dal prof. Giuseppe Degani coadiuvato dal prof. Giovanni Viviani.<\/p>\n\n\t\t<style type=\"text\/css\">\n\t\t\t#gallery-1 {\n\t\t\t\tmargin: auto;\n\t\t\t}\n\t\t\t#gallery-1 .gallery-item {\n\t\t\t\tfloat: left;\n\t\t\t\tmargin-top: 10px;\n\t\t\t\ttext-align: center;\n\t\t\t\twidth: 25%;\n\t\t\t}\n\t\t\t#gallery-1 img {\n\t\t\t\tborder: 2px solid #cfcfcf;\n\t\t\t}\n\t\t\t#gallery-1 .gallery-caption {\n\t\t\t\tmargin-left: 0;\n\t\t\t}\n\t\t\t\/* see gallery_shortcode() in wp-includes\/media.php *\/\n\t\t<\/style>\n\t\t<div id='gallery-1' class='gallery galleryid-4714 gallery-columns-4 gallery-size-thumbnail'><dl class='gallery-item'>\n\t\t\t<dt class='gallery-icon landscape'>\n\t\t\t\t<a href='https:\/\/www.maranovalpolicella.it\/proloco\/immagini\/2014\/09\/IMG_1100_resize.jpg'><img loading=\"lazy\" decoding=\"async\" width=\"150\" height=\"150\" src=\"https:\/\/www.maranovalpolicella.it\/proloco\/immagini\/2014\/09\/IMG_1100_resize-150x150.jpg\" class=\"attachment-thumbnail size-thumbnail\" alt=\"\" \/><\/a>\n\t\t\t<\/dt><\/dl><dl class='gallery-item'>\n\t\t\t<dt class='gallery-icon portrait'>\n\t\t\t\t<a href='https:\/\/www.maranovalpolicella.it\/proloco\/immagini\/2014\/09\/IMG_1115_resize.jpg'><img loading=\"lazy\" decoding=\"async\" width=\"150\" height=\"150\" src=\"https:\/\/www.maranovalpolicella.it\/proloco\/immagini\/2014\/09\/IMG_1115_resize-150x150.jpg\" class=\"attachment-thumbnail size-thumbnail\" alt=\"\" \/><\/a>\n\t\t\t<\/dt><\/dl><dl class='gallery-item'>\n\t\t\t<dt class='gallery-icon portrait'>\n\t\t\t\t<a href='https:\/\/www.maranovalpolicella.it\/proloco\/immagini\/2014\/09\/IMG_1099_resize.jpg'><img loading=\"lazy\" decoding=\"async\" width=\"150\" height=\"150\" src=\"https:\/\/www.maranovalpolicella.it\/proloco\/immagini\/2014\/09\/IMG_1099_resize-150x150.jpg\" class=\"attachment-thumbnail size-thumbnail\" alt=\"\" \/><\/a>\n\t\t\t<\/dt><\/dl><dl class='gallery-item'>\n\t\t\t<dt class='gallery-icon landscape'>\n\t\t\t\t<a href='https:\/\/www.maranovalpolicella.it\/proloco\/immagini\/2014\/09\/IMG_1094_resize.jpg'><img loading=\"lazy\" decoding=\"async\" width=\"150\" height=\"150\" src=\"https:\/\/www.maranovalpolicella.it\/proloco\/immagini\/2014\/09\/IMG_1094_resize-150x150.jpg\" class=\"attachment-thumbnail size-thumbnail\" alt=\"\" \/><\/a>\n\t\t\t<\/dt><\/dl><br style=\"clear: both\" \/><dl class='gallery-item'>\n\t\t\t<dt class='gallery-icon landscape'>\n\t\t\t\t<a href='https:\/\/www.maranovalpolicella.it\/proloco\/immagini\/2014\/09\/IMG_1086_resize.jpg'><img loading=\"lazy\" decoding=\"async\" width=\"150\" height=\"150\" src=\"https:\/\/www.maranovalpolicella.it\/proloco\/immagini\/2014\/09\/IMG_1086_resize-150x150.jpg\" class=\"attachment-thumbnail size-thumbnail\" alt=\"\" \/><\/a>\n\t\t\t<\/dt><\/dl><dl class='gallery-item'>\n\t\t\t<dt class='gallery-icon landscape'>\n\t\t\t\t<a href='https:\/\/www.maranovalpolicella.it\/proloco\/immagini\/2014\/09\/IMG_1112_resize.jpg'><img loading=\"lazy\" decoding=\"async\" width=\"150\" height=\"150\" src=\"https:\/\/www.maranovalpolicella.it\/proloco\/immagini\/2014\/09\/IMG_1112_resize-150x150.jpg\" class=\"attachment-thumbnail size-thumbnail\" alt=\"\" \/><\/a>\n\t\t\t<\/dt><\/dl><dl class='gallery-item'>\n\t\t\t<dt class='gallery-icon landscape'>\n\t\t\t\t<a href='https:\/\/www.maranovalpolicella.it\/proloco\/immagini\/2014\/09\/IMG_1107_resize.jpg'><img loading=\"lazy\" decoding=\"async\" width=\"150\" height=\"150\" src=\"https:\/\/www.maranovalpolicella.it\/proloco\/immagini\/2014\/09\/IMG_1107_resize-150x150.jpg\" class=\"attachment-thumbnail size-thumbnail\" alt=\"\" \/><\/a>\n\t\t\t<\/dt><\/dl><dl class='gallery-item'>\n\t\t\t<dt class='gallery-icon landscape'>\n\t\t\t\t<a href='https:\/\/www.maranovalpolicella.it\/proloco\/immagini\/2014\/09\/IMG_1087_resize.jpg'><img loading=\"lazy\" decoding=\"async\" width=\"150\" height=\"150\" src=\"https:\/\/www.maranovalpolicella.it\/proloco\/immagini\/2014\/09\/IMG_1087_resize-150x150.jpg\" class=\"attachment-thumbnail size-thumbnail\" alt=\"\" \/><\/a>\n\t\t\t<\/dt><\/dl><br style=\"clear: both\" \/><dl class='gallery-item'>\n\t\t\t<dt class='gallery-icon landscape'>\n\t\t\t\t<a href='https:\/\/www.maranovalpolicella.it\/proloco\/immagini\/2014\/09\/IMG_1089_resize.jpg'><img loading=\"lazy\" decoding=\"async\" width=\"150\" height=\"150\" src=\"https:\/\/www.maranovalpolicella.it\/proloco\/immagini\/2014\/09\/IMG_1089_resize-150x150.jpg\" class=\"attachment-thumbnail size-thumbnail\" alt=\"\" \/><\/a>\n\t\t\t<\/dt><\/dl><dl class='gallery-item'>\n\t\t\t<dt class='gallery-icon landscape'>\n\t\t\t\t<a href='https:\/\/www.maranovalpolicella.it\/proloco\/immagini\/2014\/09\/IMG_1081_resize.jpg'><img loading=\"lazy\" decoding=\"async\" width=\"150\" height=\"150\" src=\"https:\/\/www.maranovalpolicella.it\/proloco\/immagini\/2014\/09\/IMG_1081_resize-150x150.jpg\" class=\"attachment-thumbnail size-thumbnail\" alt=\"\" \/><\/a>\n\t\t\t<\/dt><\/dl><dl class='gallery-item'>\n\t\t\t<dt class='gallery-icon landscape'>\n\t\t\t\t<a href='https:\/\/www.maranovalpolicella.it\/proloco\/immagini\/2014\/09\/IMG_1090_resize.jpg'><img loading=\"lazy\" decoding=\"async\" width=\"150\" height=\"150\" src=\"https:\/\/www.maranovalpolicella.it\/proloco\/immagini\/2014\/09\/IMG_1090_resize-150x150.jpg\" class=\"attachment-thumbnail size-thumbnail\" alt=\"\" \/><\/a>\n\t\t\t<\/dt><\/dl><dl class='gallery-item'>\n\t\t\t<dt class='gallery-icon landscape'>\n\t\t\t\t<a href='https:\/\/www.maranovalpolicella.it\/proloco\/immagini\/2014\/09\/IMG_1105_resize.jpg'><img loading=\"lazy\" decoding=\"async\" width=\"150\" height=\"150\" src=\"https:\/\/www.maranovalpolicella.it\/proloco\/immagini\/2014\/09\/IMG_1105_resize-150x150.jpg\" class=\"attachment-thumbnail size-thumbnail\" alt=\"\" \/><\/a>\n\t\t\t<\/dt><\/dl><br style=\"clear: both\" \/><dl class='gallery-item'>\n\t\t\t<dt class='gallery-icon landscape'>\n\t\t\t\t<a href='https:\/\/www.maranovalpolicella.it\/proloco\/immagini\/2014\/09\/IMG_1085_resize.jpg'><img loading=\"lazy\" decoding=\"async\" width=\"150\" height=\"150\" src=\"https:\/\/www.maranovalpolicella.it\/proloco\/immagini\/2014\/09\/IMG_1085_resize-150x150.jpg\" class=\"attachment-thumbnail size-thumbnail\" alt=\"\" \/><\/a>\n\t\t\t<\/dt><\/dl><dl class='gallery-item'>\n\t\t\t<dt class='gallery-icon landscape'>\n\t\t\t\t<a href='https:\/\/www.maranovalpolicella.it\/proloco\/immagini\/2014\/09\/IMG_1098_resize.jpg'><img loading=\"lazy\" decoding=\"async\" width=\"150\" height=\"150\" src=\"https:\/\/www.maranovalpolicella.it\/proloco\/immagini\/2014\/09\/IMG_1098_resize-150x150.jpg\" class=\"attachment-thumbnail size-thumbnail\" alt=\"\" \/><\/a>\n\t\t\t<\/dt><\/dl><dl class='gallery-item'>\n\t\t\t<dt class='gallery-icon landscape'>\n\t\t\t\t<a href='https:\/\/www.maranovalpolicella.it\/proloco\/immagini\/2014\/09\/IMG_1084_resize.jpg'><img loading=\"lazy\" decoding=\"async\" width=\"150\" height=\"150\" src=\"https:\/\/www.maranovalpolicella.it\/proloco\/immagini\/2014\/09\/IMG_1084_resize-150x150.jpg\" class=\"attachment-thumbnail size-thumbnail\" alt=\"\" \/><\/a>\n\t\t\t<\/dt><\/dl><dl class='gallery-item'>\n\t\t\t<dt class='gallery-icon landscape'>\n\t\t\t\t<a href='https:\/\/www.maranovalpolicella.it\/proloco\/immagini\/2014\/09\/IMG_1106_resize.jpg'><img loading=\"lazy\" decoding=\"async\" width=\"150\" height=\"150\" src=\"https:\/\/www.maranovalpolicella.it\/proloco\/immagini\/2014\/09\/IMG_1106_resize-150x150.jpg\" class=\"attachment-thumbnail size-thumbnail\" alt=\"\" \/><\/a>\n\t\t\t<\/dt><\/dl><br style=\"clear: both\" \/><dl class='gallery-item'>\n\t\t\t<dt class='gallery-icon landscape'>\n\t\t\t\t<a href='https:\/\/www.maranovalpolicella.it\/proloco\/immagini\/2014\/09\/IMG_1082_resize.jpg'><img loading=\"lazy\" decoding=\"async\" width=\"150\" height=\"150\" src=\"https:\/\/www.maranovalpolicella.it\/proloco\/immagini\/2014\/09\/IMG_1082_resize-150x150.jpg\" class=\"attachment-thumbnail size-thumbnail\" alt=\"\" \/><\/a>\n\t\t\t<\/dt><\/dl><dl class='gallery-item'>\n\t\t\t<dt class='gallery-icon landscape'>\n\t\t\t\t<a href='https:\/\/www.maranovalpolicella.it\/proloco\/immagini\/2014\/09\/IMG_1088_resize.jpg'><img loading=\"lazy\" decoding=\"async\" width=\"150\" height=\"150\" src=\"https:\/\/www.maranovalpolicella.it\/proloco\/immagini\/2014\/09\/IMG_1088_resize-150x150.jpg\" class=\"attachment-thumbnail size-thumbnail\" alt=\"\" \/><\/a>\n\t\t\t<\/dt><\/dl>\n\t\t\t<br style='clear: both' \/>\n\t\t<\/div>\n\n","protected":false},"excerpt":{"rendered":"<p>GIOVED\u00cc 7 AGOSTO\u00a0 TENUTA S. MARIA VALVERDE \u2013 LOC. GAZZO \u2013 MARANO DI VALPOLICELLA INCONTRO CON SANDRO BAGANZANI INTRODUCE GIUSEPPE DEGANI. Una serata speciale al Gazzo \u00a0di Marano Valpolicella nella corte della tenuta Santa Maria. Il cielo sereno con tante stelle, il silenzio rotto solo dal verso delle rondini, la gente che ascoltava\u00a0con attenzione hanno &hellip; <\/p>\n<p><a class=\"more-link btn\" href=\"https:\/\/www.maranovalpolicella.it\/proloco\/?page_id=4714\">Continua a leggere<\/a><\/p>\n","protected":false},"author":4,"featured_media":0,"parent":4736,"menu_order":0,"comment_status":"open","ping_status":"open","template":"","meta":{"footnotes":""},"class_list":["post-4714","page","type-page","status-publish","hentry","nodate","item-wrap"],"_links":{"self":[{"href":"https:\/\/www.maranovalpolicella.it\/proloco\/index.php?rest_route=\/wp\/v2\/pages\/4714","targetHints":{"allow":["GET"]}}],"collection":[{"href":"https:\/\/www.maranovalpolicella.it\/proloco\/index.php?rest_route=\/wp\/v2\/pages"}],"about":[{"href":"https:\/\/www.maranovalpolicella.it\/proloco\/index.php?rest_route=\/wp\/v2\/types\/page"}],"author":[{"embeddable":true,"href":"https:\/\/www.maranovalpolicella.it\/proloco\/index.php?rest_route=\/wp\/v2\/users\/4"}],"replies":[{"embeddable":true,"href":"https:\/\/www.maranovalpolicella.it\/proloco\/index.php?rest_route=%2Fwp%2Fv2%2Fcomments&post=4714"}],"version-history":[{"count":3,"href":"https:\/\/www.maranovalpolicella.it\/proloco\/index.php?rest_route=\/wp\/v2\/pages\/4714\/revisions"}],"predecessor-version":[{"id":4735,"href":"https:\/\/www.maranovalpolicella.it\/proloco\/index.php?rest_route=\/wp\/v2\/pages\/4714\/revisions\/4735"}],"up":[{"embeddable":true,"href":"https:\/\/www.maranovalpolicella.it\/proloco\/index.php?rest_route=\/wp\/v2\/pages\/4736"}],"wp:attachment":[{"href":"https:\/\/www.maranovalpolicella.it\/proloco\/index.php?rest_route=%2Fwp%2Fv2%2Fmedia&parent=4714"}],"curies":[{"name":"wp","href":"https:\/\/api.w.org\/{rel}","templated":true}]}}