{"id":5931,"date":"2016-02-23T23:24:24","date_gmt":"2016-02-23T23:24:24","guid":{"rendered":"http:\/\/www.prolocomarano.it\/v2\/?page_id=5931"},"modified":"2022-04-10T17:10:41","modified_gmt":"2022-04-10T17:10:41","slug":"4-passi-di-gusto-2006","status":"publish","type":"page","link":"https:\/\/www.maranovalpolicella.it\/proloco\/?page_id=5931","title":{"rendered":"4 Passi di Gusto 2006"},"content":{"rendered":"<p style=\"text-align: justify;\">Abbiamo preso gusto con la 4 passi: gusto per i piatti rigorosamente tradizio &#8211; nali, per i nostri vini di qualit\u00e0 superiore, ma specialmente per condividere in com &#8211; pagnia di amici, di familiari, ma anche di occasionali vicini di strada un paesaggio ancora intatto in grado di ispirare fiducia, allegria, serenit\u00e0. Marano \u00e8 una piccola entit\u00e0 nella Valpoli &#8211; cella, ma forse rappresenta al meglio quel &#8211; lo che era una volta la Valpolicella, con un paesaggio collinare quasi mediterraneo, fatto di sole e di aria buona e in grado di raccontare ancora la storia di un tempo che \u00e8 durato millenni ed \u00e8 scomparso in pochi anni. Basta ascoltare e guardare le testimonianze di vecchi gelsi, di ulivi centenari, di vecchi cipressi che si ergono come sentinelle qua e l\u00e0, di marogne su marogne e su marogne ancora, costruite per domare un territorio difficile, ma che poi si rivela estremamente generoso nei suoi frutti. Questo \u00e8 ci\u00f2 che vogliamo offrire ai no &#8211; stri ospiti di un giorno, ma con la segre &#8211; ta speranza che diventino nostri amici di sempre.<\/p>\n<p><a href=\"http:\/\/www.maranovalpolicella.it\/proloco\/?page_id=1389\" rel=\"attachment wp-att-6014\"><img loading=\"lazy\" decoding=\"async\" class=\"wp-image-6014 alignleft\" src=\"http:\/\/www.maranovalpolicella.it\/proloco\/immagini\/2016\/02\/marzo0052-300x225.jpg\" alt=\"marzo0052\" width=\"255\" height=\"191\" srcset=\"https:\/\/www.maranovalpolicella.it\/proloco\/immagini\/2016\/02\/marzo0052-300x225.jpg 300w, https:\/\/www.maranovalpolicella.it\/proloco\/immagini\/2016\/02\/marzo0052-768x576.jpg 768w, https:\/\/www.maranovalpolicella.it\/proloco\/immagini\/2016\/02\/marzo0052-600x450.jpg 600w, https:\/\/www.maranovalpolicella.it\/proloco\/immagini\/2016\/02\/marzo0052.jpg 800w\" sizes=\"auto, (max-width: 255px) 100vw, 255px\" \/><\/a>\u00a0<a href=\"http:\/\/www.prolocomarano.it\/quattropassi\/book_2006_web.pdf\" target=\"_blank\" rel=\"attachment noopener wp-att-6015\"><img loading=\"lazy\" decoding=\"async\" class=\"wp-image-6015 alignright\" src=\"http:\/\/www.maranovalpolicella.it\/proloco\/immagini\/2016\/02\/Clip_10-300x214.jpg\" alt=\"Clip_10\" width=\"254\" height=\"181\" srcset=\"https:\/\/www.maranovalpolicella.it\/proloco\/immagini\/2016\/02\/Clip_10-300x214.jpg 300w, https:\/\/www.maranovalpolicella.it\/proloco\/immagini\/2016\/02\/Clip_10-600x429.jpg 600w, https:\/\/www.maranovalpolicella.it\/proloco\/immagini\/2016\/02\/Clip_10.jpg 683w\" sizes=\"auto, (max-width: 254px) 100vw, 254px\" \/><\/a><\/p>\n<p><a href=\"http:\/\/www.maranovalpolicella.it\/proloco\/?page_id=1389\">le foto della giornata<\/a><\/p>\n<p style=\"text-align: right;\"><a href=\"http:\/\/www.prolocomarano.it\/quattropassi\/book_2006_web.pdf\" target=\"_blank\" rel=\"noopener\">Libretto quattro passi 2006<\/a><\/p>\n<p><a href=\"https:\/\/www.alltrails.com\/explore\/map\/quattro-passi-2006\">il percorso<\/a><\/p>\n","protected":false},"excerpt":{"rendered":"<p>Abbiamo preso gusto con la 4 passi: gusto per i piatti rigorosamente tradizio &#8211; nali, per i nostri vini di qualit\u00e0 superiore, ma specialmente per condividere in com &#8211; pagnia di amici, di familiari, ma anche di occasionali vicini di strada un paesaggio ancora intatto in grado di ispirare fiducia, allegria, serenit\u00e0. Marano \u00e8 una &hellip; <\/p>\n<p><a class=\"more-link btn\" href=\"https:\/\/www.maranovalpolicella.it\/proloco\/?page_id=5931\">Continua a leggere<\/a><\/p>\n","protected":false},"author":4,"featured_media":220,"parent":1604,"menu_order":56,"comment_status":"closed","ping_status":"closed","template":"","meta":{"footnotes":""},"class_list":["post-5931","page","type-page","status-publish","has-post-thumbnail","hentry","nodate","item-wrap"],"_links":{"self":[{"href":"https:\/\/www.maranovalpolicella.it\/proloco\/index.php?rest_route=\/wp\/v2\/pages\/5931","targetHints":{"allow":["GET"]}}],"collection":[{"href":"https:\/\/www.maranovalpolicella.it\/proloco\/index.php?rest_route=\/wp\/v2\/pages"}],"about":[{"href":"https:\/\/www.maranovalpolicella.it\/proloco\/index.php?rest_route=\/wp\/v2\/types\/page"}],"author":[{"embeddable":true,"href":"https:\/\/www.maranovalpolicella.it\/proloco\/index.php?rest_route=\/wp\/v2\/users\/4"}],"replies":[{"embeddable":true,"href":"https:\/\/www.maranovalpolicella.it\/proloco\/index.php?rest_route=%2Fwp%2Fv2%2Fcomments&post=5931"}],"version-history":[{"count":5,"href":"https:\/\/www.maranovalpolicella.it\/proloco\/index.php?rest_route=\/wp\/v2\/pages\/5931\/revisions"}],"predecessor-version":[{"id":9473,"href":"https:\/\/www.maranovalpolicella.it\/proloco\/index.php?rest_route=\/wp\/v2\/pages\/5931\/revisions\/9473"}],"up":[{"embeddable":true,"href":"https:\/\/www.maranovalpolicella.it\/proloco\/index.php?rest_route=\/wp\/v2\/pages\/1604"}],"wp:featuredmedia":[{"embeddable":true,"href":"https:\/\/www.maranovalpolicella.it\/proloco\/index.php?rest_route=\/wp\/v2\/media\/220"}],"wp:attachment":[{"href":"https:\/\/www.maranovalpolicella.it\/proloco\/index.php?rest_route=%2Fwp%2Fv2%2Fmedia&parent=5931"}],"curies":[{"name":"wp","href":"https:\/\/api.w.org\/{rel}","templated":true}]}}