{"id":6048,"date":"2016-04-02T16:52:39","date_gmt":"2016-04-02T16:52:39","guid":{"rendered":"http:\/\/www.prolocomarano.it\/v2\/?page_id=6048"},"modified":"2022-04-10T17:27:50","modified_gmt":"2022-04-10T17:27:50","slug":"4-passi-di-gusto-2016","status":"publish","type":"page","link":"https:\/\/www.maranovalpolicella.it\/proloco\/?page_id=6048","title":{"rendered":"4 Passi di Gusto 2016"},"content":{"rendered":"<h3><\/h3>\n<p style=\"text-align: justify;\"><a href=\"http:\/\/www.maranovalpolicella.it\/proloco\/immagini\/2016\/02\/Clip.jpg\" data-lbwps-width=\"908\" data-lbwps-height=\"1286\" data-lbwps-srcsmall=\"https:\/\/www.maranovalpolicella.it\/proloco\/immagini\/2016\/02\/Clip.jpg\"><img loading=\"lazy\" decoding=\"async\" class=\"alignleft wp-image-5890\" src=\"http:\/\/www.maranovalpolicella.it\/proloco\/immagini\/2016\/02\/Clip-212x300.jpg\" alt=\"Clip\" width=\"322\" height=\"456\" \/><\/a> Giunta alla tredicesima edizione, la passeggiata enogastronomica <em>Quattro passi di gusto<\/em>, organizzata dalla Pro Loco di Marano Valpolicella per il prossimo 3 aprile, ritorna nella zona alta della valle, percorrendo sentieri in parte gi\u00e0 percorsi e in parte nuovi, per offrire agli ospiti inediti scorci del paesaggio rurale. La formula rimane quella consolidata in 13 anni di esperienza: numero contenuto di partecipanti, per garantire a tutti un servizio accurato, valorizzazione dei prodotti e dei vini locali con proposta di cibi genuini, percorso da effettuare in tranquillit\u00e0, studiato per le famiglie e per conoscere paesaggio, storia e arte della vallata.<\/p>\n<p style=\"text-align: justify;\">Si parte da Piazza dello Sport di Marano e si scende verso Sud, giungendo alla prima tappa lungo l\u2019antico sentiero che collegava la localit\u00e0 Novaia al capoluogo. Nel cortile della villa veneta di Novaia si potr\u00e0 gustare l\u2019antipasto abbinato al Valpolicella DOC Classico dell\u2019Azienda Agricola Novaia.<\/p>\n<p style=\"text-align: justify;\">Si riprende il cammino percorrendo un breve tratto in salita per giungere all\u2019antica contrada di Olmo, arricchita oggi da una moderna cantina dell\u2019azienda Novaia. Quindi si prosegue lungo una stradina che offre piacevoli scorci sui vigneti antichi e moderni che si distribuiscono sui versanti collinari limitrofi al vajo e si arriva alla seconda tappa, che avr\u00e0 luogo nella nuova cantina Albino Armani in localit\u00e0 Camporal. Qui a farla da padrone sar\u00e0 il risotto all\u2019Amarone di Rosa e Angiolina\u00a0 abbinato al Valpolicella Superiore DOC Classico Superiore della Cantina Albino Armani.<\/p>\n<p style=\"text-align: justify;\">La passeggiata continua virando verso Ovest, lungo un sentiero che si immerge nei boschi. Ad attendere gli ospiti della 4 passi nella piazza di San Rocco, luogo della terza tappa, ci sar\u00e0 una novit\u00e0: un piatto di salumi Coati abbinati alla giardiniera e al &#8220;Valpolicella Ripasso DOC Classico Superiore&#8221; dell\u2019Azienda Vinicola\u00a0Righetti Luigi.<\/p>\n<p style=\"text-align: justify;\">Si riprende il cammino lungo una strada che porta ad ammirare il monte Pastel e la zonda di Marano sul confine con il comune di Fumane. Si giunge quindi al paese di Purano, dove, nella piazzetta antistante la chiesa, si potr\u00e0 gustare la pear\u00e0 di Elda e Giannina abbinata ai bolliti misti e al Valpolicella Ripasso DOC Classico Superiore di Corte Fornaledo.<\/p>\n<p style=\"text-align: justify;\">La quinta tappa \u00e8 appena sopra Purano, davanti alla chiesetta di Santa Maria Valverde che, con la sua corona di cipressi, si affaccia sul versante sud del Monte Castelon. Ci si arriva percorrendo un sentiero che passa davanti a Corte Fornaledo, un\u2019antica corte con portico, loggia e solenne torre colombara da secoli propriet\u00e0 della famiglia Borghetti, e che poi si inerpica lungo un breve tratto in salita che vale la pena di percorrere per ammirare il panorama giunti alla meta. Nel piazzale antistante la chiesa si potranno gustare formaggio Monte Veronese DOP e miele di Marano abbinati all\u2019Amarone della Valpolicella DOCG Classico delle aziende vitivinicole Clementi e Terre di Gnirega.<\/p>\n<p style=\"text-align: justify;\">Dalla chiesa di Santa Maria si scende a Pezza per la sesta tappa, a base di brassadele pasquali e Recioto della Valpolicella DOCG Classico dell\u2019Azienda Vinicola Corte Zardini.<\/p>\n<p style=\"text-align: justify;\">Percorrendo via La Torta si ritorna in Piazza dello Sport a Marano, con una breve sosta alla fontana di Pezza dove si potr\u00e0 assaggiare il nocino.<\/p>\n<p><a href=\"http:\/\/www.maranovalpolicella.it\/proloco\/?page_id=6245\" rel=\"attachment wp-att-6144\"><img loading=\"lazy\" decoding=\"async\" class=\" wp-image-6144 alignleft\" src=\"http:\/\/www.maranovalpolicella.it\/proloco\/immagini\/2016\/04\/DSC2253-199x300.jpg\" alt=\"_DSC2253\" width=\"234\" height=\"353\" srcset=\"https:\/\/www.maranovalpolicella.it\/proloco\/immagini\/2016\/04\/DSC2253-199x300.jpg 199w, https:\/\/www.maranovalpolicella.it\/proloco\/immagini\/2016\/04\/DSC2253-768x1159.jpg 768w, https:\/\/www.maranovalpolicella.it\/proloco\/immagini\/2016\/04\/DSC2253-678x1024.jpg 678w, https:\/\/www.maranovalpolicella.it\/proloco\/immagini\/2016\/04\/DSC2253.jpg 795w\" sizes=\"auto, (max-width: 234px) 100vw, 234px\" \/><\/a><\/p>\n<p><a href=\"http:\/\/www.maranovalpolicella.it\/proloco\/documenti\/book_2016_def_web.pdf\" target=\"_blank\" rel=\"attachment wp-att-6050 noopener noreferrer\"><img loading=\"lazy\" decoding=\"async\" class=\" wp-image-6050 alignright\" src=\"http:\/\/www.maranovalpolicella.it\/proloco\/immagini\/2016\/04\/Clip-180x300.jpg\" alt=\"Clip\" width=\"212\" height=\"353\" srcset=\"https:\/\/www.maranovalpolicella.it\/proloco\/immagini\/2016\/04\/Clip-180x300.jpg 180w, https:\/\/www.maranovalpolicella.it\/proloco\/immagini\/2016\/04\/Clip.jpg 520w\" sizes=\"auto, (max-width: 212px) 100vw, 212px\" \/><\/a><\/p>\n<p><a href=\"https:\/\/www.alltrails.com\/explore\/map\/quattro-passi-di-gusto-2016\">Il percorso<\/a><\/p>\n","protected":false},"excerpt":{"rendered":"<p>Giunta alla tredicesima edizione, la passeggiata enogastronomica Quattro passi di gusto, organizzata dalla Pro Loco di Marano Valpolicella per il prossimo 3 aprile, ritorna nella zona alta della valle, percorrendo sentieri in parte gi\u00e0 percorsi e in parte nuovi, per offrire agli ospiti inediti scorci del paesaggio rurale. La formula rimane quella consolidata in 13 &hellip; <\/p>\n<p><a class=\"more-link btn\" href=\"https:\/\/www.maranovalpolicella.it\/proloco\/?page_id=6048\">Continua a leggere<\/a><\/p>\n","protected":false},"author":4,"featured_media":5987,"parent":1604,"menu_order":3,"comment_status":"closed","ping_status":"closed","template":"","meta":{"footnotes":""},"class_list":["post-6048","page","type-page","status-publish","has-post-thumbnail","hentry","nodate","item-wrap"],"_links":{"self":[{"href":"https:\/\/www.maranovalpolicella.it\/proloco\/index.php?rest_route=\/wp\/v2\/pages\/6048","targetHints":{"allow":["GET"]}}],"collection":[{"href":"https:\/\/www.maranovalpolicella.it\/proloco\/index.php?rest_route=\/wp\/v2\/pages"}],"about":[{"href":"https:\/\/www.maranovalpolicella.it\/proloco\/index.php?rest_route=\/wp\/v2\/types\/page"}],"author":[{"embeddable":true,"href":"https:\/\/www.maranovalpolicella.it\/proloco\/index.php?rest_route=\/wp\/v2\/users\/4"}],"replies":[{"embeddable":true,"href":"https:\/\/www.maranovalpolicella.it\/proloco\/index.php?rest_route=%2Fwp%2Fv2%2Fcomments&post=6048"}],"version-history":[{"count":7,"href":"https:\/\/www.maranovalpolicella.it\/proloco\/index.php?rest_route=\/wp\/v2\/pages\/6048\/revisions"}],"predecessor-version":[{"id":9486,"href":"https:\/\/www.maranovalpolicella.it\/proloco\/index.php?rest_route=\/wp\/v2\/pages\/6048\/revisions\/9486"}],"up":[{"embeddable":true,"href":"https:\/\/www.maranovalpolicella.it\/proloco\/index.php?rest_route=\/wp\/v2\/pages\/1604"}],"wp:featuredmedia":[{"embeddable":true,"href":"https:\/\/www.maranovalpolicella.it\/proloco\/index.php?rest_route=\/wp\/v2\/media\/5987"}],"wp:attachment":[{"href":"https:\/\/www.maranovalpolicella.it\/proloco\/index.php?rest_route=%2Fwp%2Fv2%2Fmedia&parent=6048"}],"curies":[{"name":"wp","href":"https:\/\/api.w.org\/{rel}","templated":true}]}}