{"id":616,"date":"2012-11-11T19:18:48","date_gmt":"2012-11-11T19:18:48","guid":{"rendered":"http:\/\/www.prolocomarano.it\/v2\/?page_id=616"},"modified":"2016-01-17T19:36:29","modified_gmt":"2016-01-17T19:36:29","slug":"percorsi-della-memoria","status":"publish","type":"page","link":"https:\/\/www.maranovalpolicella.it\/proloco\/?page_id=616","title":{"rendered":"Percorsi della memoria"},"content":{"rendered":"<h4 style=\"text-align: justify;\">\n<a href=\"http:\/\/www.maranovalpolicella.it\/proloco\/immagini\/2012\/11\/DSC_3803.jpg\" data-lbwps-width=\"640\" data-lbwps-height=\"429\" data-lbwps-srcsmall=\"https:\/\/www.maranovalpolicella.it\/proloco\/immagini\/2012\/11\/DSC_3803.jpg\"><img loading=\"lazy\" decoding=\"async\" class=\" wp-image-749 alignleft\" title=\"DSC_3803\" src=\"http:\/\/www.maranovalpolicella.it\/proloco\/immagini\/2012\/11\/DSC_3803.jpg\" alt=\"\" width=\"230\" height=\"154\" srcset=\"https:\/\/www.maranovalpolicella.it\/proloco\/immagini\/2012\/11\/DSC_3803.jpg 640w, https:\/\/www.maranovalpolicella.it\/proloco\/immagini\/2012\/11\/DSC_3803-300x201.jpg 300w\" sizes=\"auto, (max-width: 230px) 100vw, 230px\" \/><\/a>Da alcuni anni i luned\u00ec dell\u2019ottobre culturale della pro Loco sono dedicati alla memoria e stanno incontrando un vivo interesse, non solo\u00a0all&#8217;interno\u00a0della nostra popolazione. Certamente ci\u00f2 si spiega facilmente con la personalit\u00e0 degli intervistati i quali non solo ci hanno inondato con una marea di ricordi, sempre agganciati alla grande storia, ma ci hanno permesso di toccare con mano l\u2019infinita epopea della nostra gente, alle prese con la guerra e la fame, con la povert\u00e0 di mezzi e la fatica pesante e senza speranza, dove per\u00f2 si riusciva a mantenere un piccolo spazio per l\u2019ironia, la battuta fulminante, il sarcasmo.<\/h4>\n<h4 style=\"text-align: justify;\">Un primo risultato culturale di queste interviste \u00e8 proprio la vivacit\u00e0 linguistica degli intervistati, la stessa che nei decenni passati ha prodotto in ogni contrada strofe originali, sull\u2019aria di diffusi strambotti del tempo (tipo La cavra de Bertonceli) oppure le cosiddette satire, lunghi poemi in rima costruiti come parodia dei poemi epici letterari e dedicati a personaggi ed episodi curiosi. Da Bertoldo in qua il mondo contadino si \u00e8 difeso dai borghesi della citt\u00e0 anche con l\u2019arma della lingua e del sarcasmo, consapevolmente utilizzata per smontare in un attimo il luogo comune del bacan zotico e ignorante.<\/h4>\n<h4 style=\"text-align: justify;\">Ma i racconti degli intervistati hanno offerto vere e proprie lezioni di storia, sia aprendo dettagliati flash back sulla vita quotidiana, sia presentandoci il punto di vista della gente comune di fronte ai grandi appuntamenti della storia, come l\u2019avvento del fascismo, la seconda guerra ela Resistenza, la crisi del dopoguerra e l\u2019emigrazione. Non sono state testimonianze banali o semplicemente nostalgiche, ma hanno lasciato trasparire, a livello individuale, un grande senso di dignit\u00e0, uno spontaneo eroismo quotidiano, a volte raccontato con una buona dose di pudore, e, sul piano pi\u00f9 generale, ne \u00e8 emersa la vitalit\u00e0 di una societ\u00e0 contadina che, prima di essere spazzata via\u00a0dall&#8217;industrializzazione\u00a0 aveva raggiunto nelle piccole comunit\u00e0 di paese il massimo di sviluppo e di coesione.<\/h4>\n<h4 style=\"text-align: justify;\">Le interviste sono state illuminanti anche per un altro aspetto: si \u00e8 confermata ancora una volta la pluralit\u00e0 delle situazioni, delle visioni del mondo, dei destini e delle scelte, che non immaginavamo in un microcosmo contadino, finora considerato uniforme, monocromo e immobile. La mobilit\u00e0 della gente di paese \u00e8 un\u2019altra sorpresa: le guerre, l\u2019emigrazioni, ma anche i lavori stagionali, hanno costretto i nuovi avi a lunghi spostamenti, a contatti con le citt\u00e0, ma anche con altre culture ben prima della globalizzazione.<\/h4>\n<h4 style=\"text-align: justify;\">Un\u2019ultima considerazione sul significato di queste serate. La partecipazione, talvolta entusiastica, di molti concittadini, ma anche di appassionati non maranesi, \u00e8 stata molto alta e non solo ci conforta sulla prosecuzione dell\u2019iniziativa, ma ci ribadisce l\u2019importanza per ogni comunit\u00e0 di mantenere viva la memoria del passato, per dare spessore al presente e per illuminare problemi e incertezze nate dalla caoticit\u00e0 della societ\u00e0 contemporanea, e di valorizzare l\u2019incontro fra generazioni per comprendere meglio e riportare alla luce i legami di solidariet\u00e0 e di identit\u00e0 che possano garantire serenit\u00e0 e coesione alla nostra comunit\u00e0.<\/h4>\n","protected":false},"excerpt":{"rendered":"<p>Da alcuni anni i luned\u00ec dell\u2019ottobre culturale della pro Loco sono dedicati alla memoria e stanno incontrando un vivo interesse, non solo\u00a0all&#8217;interno\u00a0della nostra popolazione. Certamente ci\u00f2 si spiega facilmente con la personalit\u00e0 degli intervistati i quali non solo ci hanno inondato con una marea di ricordi, sempre agganciati alla grande storia, ma ci hanno permesso &hellip; <\/p>\n<p><a class=\"more-link btn\" href=\"https:\/\/www.maranovalpolicella.it\/proloco\/?page_id=616\">Continua a leggere<\/a><\/p>\n","protected":false},"author":4,"featured_media":0,"parent":1595,"menu_order":49,"comment_status":"open","ping_status":"open","template":"","meta":{"footnotes":""},"class_list":["post-616","page","type-page","status-publish","hentry","nodate","item-wrap"],"_links":{"self":[{"href":"https:\/\/www.maranovalpolicella.it\/proloco\/index.php?rest_route=\/wp\/v2\/pages\/616","targetHints":{"allow":["GET"]}}],"collection":[{"href":"https:\/\/www.maranovalpolicella.it\/proloco\/index.php?rest_route=\/wp\/v2\/pages"}],"about":[{"href":"https:\/\/www.maranovalpolicella.it\/proloco\/index.php?rest_route=\/wp\/v2\/types\/page"}],"author":[{"embeddable":true,"href":"https:\/\/www.maranovalpolicella.it\/proloco\/index.php?rest_route=\/wp\/v2\/users\/4"}],"replies":[{"embeddable":true,"href":"https:\/\/www.maranovalpolicella.it\/proloco\/index.php?rest_route=%2Fwp%2Fv2%2Fcomments&post=616"}],"version-history":[{"count":7,"href":"https:\/\/www.maranovalpolicella.it\/proloco\/index.php?rest_route=\/wp\/v2\/pages\/616\/revisions"}],"predecessor-version":[{"id":5828,"href":"https:\/\/www.maranovalpolicella.it\/proloco\/index.php?rest_route=\/wp\/v2\/pages\/616\/revisions\/5828"}],"up":[{"embeddable":true,"href":"https:\/\/www.maranovalpolicella.it\/proloco\/index.php?rest_route=\/wp\/v2\/pages\/1595"}],"wp:attachment":[{"href":"https:\/\/www.maranovalpolicella.it\/proloco\/index.php?rest_route=%2Fwp%2Fv2%2Fmedia&parent=616"}],"curies":[{"name":"wp","href":"https:\/\/api.w.org\/{rel}","templated":true}]}}