{"id":6267,"date":"2016-04-27T10:21:34","date_gmt":"2016-04-27T10:21:34","guid":{"rendered":"http:\/\/www.prolocomarano.it\/v2\/?page_id=6267"},"modified":"2016-06-11T15:12:12","modified_gmt":"2016-06-11T15:12:12","slug":"sentieri","status":"publish","type":"page","link":"https:\/\/www.maranovalpolicella.it\/proloco\/?page_id=6267","title":{"rendered":"Sentieri"},"content":{"rendered":"<div id=\"main\" class=\"site-main\">\n<div id=\"main-content\" class=\"main-content\">\n<div id=\"primary\" class=\"content-area articolo-single\">\n<div id=\"content\" class=\"container\">\n<article class=\"pagina-generica\">\n<header>\n<h1 class=\"titolo-pagina\">NOTE LEGALI<\/h1>\n<\/header>\n<div class=\"content-page\">\n<div>\n<p>La Pro Loco di Marano\u00a0si occupa solo di suggerire agli utenti possibili itinerari a piedi, bici e a cavallo che attraversano il territorio, dunque declina ogni responsabilit\u00e0 per eventuali danni a persone o cose che siano derivati dalla fruizione di un sentiero esposto sul sito: pertanto, chi li percorre lo fa sotto la propria personale responsabilit\u00e0.<\/p>\n<p>L\u2019esposizione dei sentieri ha solo un valore dimostrativo delle potenzialit\u00e0 del nostro territorio e non pu\u00f2 essere garantita in termini assoluti n\u00e9 la transitabilit\u00e0 ne la sicurezza sugli stessi sentieri.<\/p>\n<p>Alcuni dei sentieri, inoltre, presentano particolari difficolt\u00e0 ed \u00e8 preferibile percorrerli con guide specializzate od accompagnatori esperti, fermo restando quanto indicato sopra.<\/p>\n<p><strong>SULLE TRACCE GPS-GPX<\/strong><\/p>\n<p>Le tracce scaricabili non sono da ritenersi in nessun caso precise; sono uno dei tanti strumenti che la tecnologia mette a disposizione per la promozione e la visualizzazione sul web dei percorsi proposti;<\/p>\n<p>In nessun caso sono tali da sostituire od integrare la conoscenza delle carte topografiche ed escursionistiche ne sono sostitutive dei tipici strumenti per l\u2019orientamento in montagna;<\/p>\n<p>La conoscenza del funzionamento del proprio dispositivo GPS, il test del funzionamento con i file gpx scaricati per verificarne preliminarmente la compatibilit\u00e0 e la fruibilit\u00e0 con il proprio dispositivo GPS, sono prerequisiti essenziali per l\u2019escursionista che intenda usare le tracce GPS scaricabili quale mero ausilio (e non gi\u00e0 unico strumento di orientamento) per l\u2019escursione in programma;<\/p>\n<p>In nessun caso si risponde dell\u2019esattezza delle tracce GPS scaricabili nel sito, ne dei danni che possano derivare agli utenti e\/o a terzi dall&#8217;utilizzo delle\u00a0 stesse;<\/p>\n<p>Le tracce GPS disponibili in questo sito hanno il solo scopo di arricchire le descrizioni degli itinerari, ma in nessun caso sostituiscono la conoscenza del luogo, la disponibilit\u00e0 delle mappe escursionistiche, la capacit\u00e0 di orientamento richiesti per programmare l\u2019escursione, anche in rapporto alle condizioni ambientali e fisico-atletiche;<\/p>\n<p>Le tracce GPS sono da intendersi, pertanto, meramente quali informazioni aggiuntive e parte complementare delle descrizioni dei percorsi;<\/p>\n<p>La scelta di utilizzare le tracce GPS fornite in questo sito ricade nella totale ed esclusiva responsabilit\u00e0 dell\u2019utilizzatore;<\/p>\n<p><strong>SU DESCRIZIONE E CLASSIFICAZIONE DEI SENTIERI E SULLA FRUIZIONE DEI PERCORSI<\/strong><\/p>\n<p>La conoscenza di base della corretta frequentazione della montagna, dei boschi, dei sentieri escursionistici, \u00e8 la premessa essenziale per la corretta fruizione dei percorsi suggeriti;<\/p>\n<p>E\u2019 richiesto all\u2019escursionista il rispetto dei luoghi, della flora e della fauna, delle cose e degli oggetti (manufatti, cartellonistica, segnaletica verticale ed orizzontale, aree pic-nic, sorgenti, corrimano etc\u2026): ogni comportamento scorretto sar\u00e0 perseguito secondo la Legge;<\/p>\n<p>Si deve sempre tenere presente che molte delle informazioni contenute nel sito riguardano attivit\u00e0 pericolose (o comunque caratterizzate da un intrinseco livello di rischio) che possono richiedere l\u2019intervento e\/o l\u2019assistenza di guide specializzate e l\u2019utilizzo di materiali e strumentazione adatti all&#8217;utilizzo;<\/p>\n<p>Questo portale riporta, per ciascun sentiero, una scheda di dettaglio, che a titolo sperimentale classifica i sentieri secondo una classificazione standard (quella del C.A.I.): le informazioni sui tempi di percorrenza, sul grado di difficolt\u00e0, sul dislivello, sulla lunghezza, sono da ritenersi indicative e sperimentali.<\/p>\n<p><em>Queste Note legali sono state copiate, in quanto esaustive e ben definite, dal sito <a href=\"http:\/\/www.sardegnasentieri.it\/\" target=\"_blank\">http:\/\/www.sardegnasentieri.it<\/a><\/em><\/p>\n<\/div>\n<\/div>\n<\/article>\n<\/div>\n<\/div>\n<\/div>\n<\/div>\n<footer id=\"colophon\" class=\"site-footer footer-generico \">\n<div class=\"row social-footer\"><\/div>\n<\/footer>\n","protected":false},"excerpt":{"rendered":"<p>NOTE LEGALI La Pro Loco di Marano\u00a0si occupa solo di suggerire agli utenti possibili itinerari a piedi, bici e a cavallo che attraversano il territorio, dunque declina ogni responsabilit\u00e0 per eventuali danni a persone o cose che siano derivati dalla fruizione di un sentiero esposto sul sito: pertanto, chi li percorre lo fa sotto la &hellip; <\/p>\n<p><a class=\"more-link btn\" href=\"https:\/\/www.maranovalpolicella.it\/proloco\/?page_id=6267\">Continua a leggere<\/a><\/p>\n","protected":false},"author":4,"featured_media":0,"parent":0,"menu_order":50,"comment_status":"closed","ping_status":"closed","template":"","meta":{"footnotes":""},"class_list":["post-6267","page","type-page","status-publish","hentry","nodate","item-wrap"],"_links":{"self":[{"href":"https:\/\/www.maranovalpolicella.it\/proloco\/index.php?rest_route=\/wp\/v2\/pages\/6267","targetHints":{"allow":["GET"]}}],"collection":[{"href":"https:\/\/www.maranovalpolicella.it\/proloco\/index.php?rest_route=\/wp\/v2\/pages"}],"about":[{"href":"https:\/\/www.maranovalpolicella.it\/proloco\/index.php?rest_route=\/wp\/v2\/types\/page"}],"author":[{"embeddable":true,"href":"https:\/\/www.maranovalpolicella.it\/proloco\/index.php?rest_route=\/wp\/v2\/users\/4"}],"replies":[{"embeddable":true,"href":"https:\/\/www.maranovalpolicella.it\/proloco\/index.php?rest_route=%2Fwp%2Fv2%2Fcomments&post=6267"}],"version-history":[{"count":3,"href":"https:\/\/www.maranovalpolicella.it\/proloco\/index.php?rest_route=\/wp\/v2\/pages\/6267\/revisions"}],"predecessor-version":[{"id":6447,"href":"https:\/\/www.maranovalpolicella.it\/proloco\/index.php?rest_route=\/wp\/v2\/pages\/6267\/revisions\/6447"}],"wp:attachment":[{"href":"https:\/\/www.maranovalpolicella.it\/proloco\/index.php?rest_route=%2Fwp%2Fv2%2Fmedia&parent=6267"}],"curies":[{"name":"wp","href":"https:\/\/api.w.org\/{rel}","templated":true}]}}