{"id":6286,"date":"2016-04-27T14:57:05","date_gmt":"2016-04-27T14:57:05","guid":{"rendered":"http:\/\/www.prolocomarano.it\/v2\/?page_id=6286"},"modified":"2018-01-29T08:34:35","modified_gmt":"2018-01-29T08:34:35","slug":"san-rocco","status":"publish","type":"page","link":"https:\/\/www.maranovalpolicella.it\/proloco\/?page_id=6286","title":{"rendered":"San Rocco &#8211; Vaialta &#8211; Noroni &#8211; Masetto"},"content":{"rendered":"<p>Siamo nella parte alta del comune di Marano. Parcheggiata la macchina nel piazzale dietro la chiesa, si prende la stradina a destra della provinciale in direzione est. Si prosegue verso localit\u00e0 Vaialta per la strada, prima asfaltata, poi cementata. Il percorso \u00e8 un circuito ad anello di circa 9 chilometri. Differenza altimetrica di 182 metri, mentre l&#8217;ascesa totale \u00e8 di 260 metri.<\/p>\n<p><a href=\"http:\/\/www.maranovalpolicella.it\/proloco\/?page_id=6267\" target=\"_blank\" rel=\"noopener\">Note legali e responsabilit\u00e0<\/a><\/p>\n<p>Informazioni pi\u00f9 dettagliate al link\u00a0 \u00a0<a href=\"http:\/\/www.gpsies.com\/map.do?fileId=khxtzcizbeykjayz\" target=\"_blank\" rel=\"noopener\">San Rocco 01<\/a><br \/>\n<iframe loading=\"lazy\" src=\"http:\/\/www.gpsies.com\/mapOnly.do?fileId=khxtzcizbeykjayz\" width=\"600\" height=\"400\" frameborder=\"0\" marginwidth=\"0\" marginheight=\"0\" scrolling=\"no\"><\/iframe><\/p>\n","protected":false},"excerpt":{"rendered":"<p>Siamo nella parte alta del comune di Marano. Parcheggiata la macchina nel piazzale dietro la chiesa, si prende la stradina a destra della provinciale in direzione est. Si prosegue verso localit\u00e0 Vaialta per la strada, prima asfaltata, poi cementata. Il percorso \u00e8 un circuito ad anello di circa 9 chilometri. Differenza altimetrica di 182 metri, &hellip; <\/p>\n<p><a class=\"more-link btn\" href=\"https:\/\/www.maranovalpolicella.it\/proloco\/?page_id=6286\">Continua a leggere<\/a><\/p>\n","protected":false},"author":4,"featured_media":0,"parent":6267,"menu_order":30,"comment_status":"closed","ping_status":"closed","template":"","meta":{"footnotes":""},"class_list":["post-6286","page","type-page","status-publish","hentry","nodate","item-wrap"],"_links":{"self":[{"href":"https:\/\/www.maranovalpolicella.it\/proloco\/index.php?rest_route=\/wp\/v2\/pages\/6286","targetHints":{"allow":["GET"]}}],"collection":[{"href":"https:\/\/www.maranovalpolicella.it\/proloco\/index.php?rest_route=\/wp\/v2\/pages"}],"about":[{"href":"https:\/\/www.maranovalpolicella.it\/proloco\/index.php?rest_route=\/wp\/v2\/types\/page"}],"author":[{"embeddable":true,"href":"https:\/\/www.maranovalpolicella.it\/proloco\/index.php?rest_route=\/wp\/v2\/users\/4"}],"replies":[{"embeddable":true,"href":"https:\/\/www.maranovalpolicella.it\/proloco\/index.php?rest_route=%2Fwp%2Fv2%2Fcomments&post=6286"}],"version-history":[{"count":6,"href":"https:\/\/www.maranovalpolicella.it\/proloco\/index.php?rest_route=\/wp\/v2\/pages\/6286\/revisions"}],"predecessor-version":[{"id":7575,"href":"https:\/\/www.maranovalpolicella.it\/proloco\/index.php?rest_route=\/wp\/v2\/pages\/6286\/revisions\/7575"}],"up":[{"embeddable":true,"href":"https:\/\/www.maranovalpolicella.it\/proloco\/index.php?rest_route=\/wp\/v2\/pages\/6267"}],"wp:attachment":[{"href":"https:\/\/www.maranovalpolicella.it\/proloco\/index.php?rest_route=%2Fwp%2Fv2%2Fmedia&parent=6286"}],"curies":[{"name":"wp","href":"https:\/\/api.w.org\/{rel}","templated":true}]}}