{"id":7510,"date":"2017-10-13T17:50:04","date_gmt":"2017-10-13T17:50:04","guid":{"rendered":"http:\/\/www.prolocomarano.it\/v2\/?page_id=7510"},"modified":"2017-10-13T17:50:45","modified_gmt":"2017-10-13T17:50:45","slug":"le-foto-della-grande-guerra","status":"publish","type":"page","link":"https:\/\/www.maranovalpolicella.it\/proloco\/?page_id=7510","title":{"rendered":"Le foto della Grande guerra"},"content":{"rendered":"<h1 class=\"v3_news-general-title\">Le foto della Grande guerra<br \/>\npatrimonio della nostra storia<\/h1>\n<p><a class=\"v4_header-logo\" href=\"http:\/\/www.larena.it\/\"><img decoding=\"async\" title=\"\" src=\"http:\/\/www.larena.it\/gfx\/siti\/quotidiani_web-v3\/images\/logos\/are_mini.png\" alt=\"\" \/>\u00a009.10.2017<\/a><\/p>\n<p><a href=\"http:\/\/www.maranovalpolicella.it\/proloco\/immagini\/2017\/10\/Acquisizione-a-schermo-intero-13102017-194749.jpg\" data-lbwps-width=\"612\" data-lbwps-height=\"343\" data-lbwps-srcsmall=\"https:\/\/www.maranovalpolicella.it\/proloco\/immagini\/2017\/10\/Acquisizione-a-schermo-intero-13102017-194749.jpg\"><img loading=\"lazy\" decoding=\"async\" class=\"size-medium wp-image-7511 alignleft\" src=\"http:\/\/www.maranovalpolicella.it\/proloco\/immagini\/2017\/10\/Acquisizione-a-schermo-intero-13102017-194749-300x168.jpg\" alt=\"\" width=\"300\" height=\"168\" srcset=\"https:\/\/www.maranovalpolicella.it\/proloco\/immagini\/2017\/10\/Acquisizione-a-schermo-intero-13102017-194749-300x168.jpg 300w, https:\/\/www.maranovalpolicella.it\/proloco\/immagini\/2017\/10\/Acquisizione-a-schermo-intero-13102017-194749-600x336.jpg 600w, https:\/\/www.maranovalpolicella.it\/proloco\/immagini\/2017\/10\/Acquisizione-a-schermo-intero-13102017-194749.jpg 612w\" sizes=\"auto, (max-width: 300px) 100vw, 300px\" \/><\/a>L\u2019ottobre culturale di Marano di Valpolicella, iniziativa promossa dal Comune e dalla Pro loco con il contributo di Valpolicella Benaco Banca, torna a occuparsi di Grande Guerra a tre anni di distanza, ma con l\u2019intento di approfondire del grande evento di un secolo fa alcuni aspetti strettamente legati al territorio e alla comunit\u00e0 di Marano.<\/p>\n<p>\u00abLa biblioteca di Marano pu\u00f2 considerarsi luogo di raccolta di una importante fototeca sulla Grande Guerra che lo storico, prematuramente scomparso, bibliotecario Paolo Gelmini, a cui \u00e8 stata dedicata la biblioteca stessa, aveva raccolto in tanti anni di appassionate ricerche\u00bb, racconta il sindaco di Marano, Giovanni Viviani.<\/p>\n<p>La prima serata, mercoled\u00ec, \u00e8 dedicata proprio alla notevole fototeca sulla Grande guerra, che Paolo Gelmini aveva affiancato a una nutrita sezione bibliografia, curata a suo tempo con sensibilit\u00e0 e competenza; bibliografia che, con l\u2019aiuto di Francesco Premi, si vuole ora rianimare e arricchire. \u00abDopo una testimonianza di Edoardo Tomasi, bibliotecario di Mori (Trento), allora compagno di avventure bibliotecarie di Gelmini, lo studioso professor Tiziano Bert\u00e9, gi\u00e0 responsabile della fototeca del Museo della Guerra di Rovereto (dove sono confluiti gli originali della fototeca maranese) illustrer\u00e0 il significato e il valore dell\u2019archivio fotografico all\u2019interno degli studi sulla Grande Guerra\u00bb, spiega Dario Degani, presidente della Pro Loco.<\/p>\n<p>Nella seconda serata (mercoled\u00ec 18 ottobre) si rinnover\u00e0 il sodalizio Marano di Valpolicella\u2013Valdadige con la presentazione, a cura del professor Camillo Zadra, provveditore del Museo storico italiano della Guerra di Rovereto, del volumetto Piccole Memorie, edito qualche mese fa dal Comune di Brentonico (Trento), nell\u2019ambito di un attento percorso di ricerca e di riscoperta di luoghi ed eventi locali della Grande Guerra. \u00abSi tratta della trascrizione &#8211; curata con passione e affetto da Loreta Morandini, nipote dell\u2019autore &#8211; di alcuni quaderni di diario, scritti dal soldato Alessandro Silvestri di Valgatara, durante il suo servizio militare sulle montagne fra Valdadige e lago di Garda. Egli annota eventi e andamento della guerra e della vita al fronte, ma si lascia andare a severe considerazioni sulla guerra e sul destino dei soldati\u00bb, continua Degani.<\/p>\n<p>Ancora un volumetto al centro della terza serata (mercoled\u00ec 25 ottobre), La Grande Guerra a Marano, di Valeria Chilese, pubblicato dalla Pro loco di Marano con il contributo di Valpolicella Benaco Banca. L\u2019autrice ha setacciato gli archivi comunali e altri materiali sparsi per ricostruire la vita quotidiana dei maranesi nei quasi quattro anni di guerra: dalle scuole, invitate a offrire cibo ai figli dei soldati al fronte, ai campi abbandonati, alla requisizione di animali da lavoro. Tutto un panorama di difficolt\u00e0 e di stenti, illuminato per\u00f2 da un diffuso sentimento di umanit\u00e0 e di piet\u00e0 per le famiglie colpite.<\/p>\n<p>\u00abDurante la seconda met\u00e0 di ottobre sar\u00e0 allestita, sempre in sala consiliare del municipio, una mostra fotografica sulla Grande guerra, messa generosamente a disposizione dal Museo storico italiano della Guerra di Rovereto e visitabile durante gli orari degli uffici comunali\u00bb, conclude il sindaco Viviani. Le serate si svolgeranno alle 20,45 al municipio di Marano.<\/p>\n<div class=\"v3_news-news-author\">Agnese Ceschi<\/div>\n","protected":false},"excerpt":{"rendered":"<p>Le foto della Grande guerra patrimonio della nostra storia \u00a009.10.2017 L\u2019ottobre culturale di Marano di Valpolicella, iniziativa promossa dal Comune e dalla Pro loco con il contributo di Valpolicella Benaco Banca, torna a occuparsi di Grande Guerra a tre anni di distanza, ma con l\u2019intento di approfondire del grande evento di un secolo fa alcuni &hellip; <\/p>\n<p><a class=\"more-link btn\" href=\"https:\/\/www.maranovalpolicella.it\/proloco\/?page_id=7510\">Continua a leggere<\/a><\/p>\n","protected":false},"author":4,"featured_media":7511,"parent":1595,"menu_order":0,"comment_status":"closed","ping_status":"closed","template":"","meta":{"footnotes":""},"class_list":["post-7510","page","type-page","status-publish","has-post-thumbnail","hentry","nodate","item-wrap"],"_links":{"self":[{"href":"https:\/\/www.maranovalpolicella.it\/proloco\/index.php?rest_route=\/wp\/v2\/pages\/7510","targetHints":{"allow":["GET"]}}],"collection":[{"href":"https:\/\/www.maranovalpolicella.it\/proloco\/index.php?rest_route=\/wp\/v2\/pages"}],"about":[{"href":"https:\/\/www.maranovalpolicella.it\/proloco\/index.php?rest_route=\/wp\/v2\/types\/page"}],"author":[{"embeddable":true,"href":"https:\/\/www.maranovalpolicella.it\/proloco\/index.php?rest_route=\/wp\/v2\/users\/4"}],"replies":[{"embeddable":true,"href":"https:\/\/www.maranovalpolicella.it\/proloco\/index.php?rest_route=%2Fwp%2Fv2%2Fcomments&post=7510"}],"version-history":[{"count":2,"href":"https:\/\/www.maranovalpolicella.it\/proloco\/index.php?rest_route=\/wp\/v2\/pages\/7510\/revisions"}],"predecessor-version":[{"id":7513,"href":"https:\/\/www.maranovalpolicella.it\/proloco\/index.php?rest_route=\/wp\/v2\/pages\/7510\/revisions\/7513"}],"up":[{"embeddable":true,"href":"https:\/\/www.maranovalpolicella.it\/proloco\/index.php?rest_route=\/wp\/v2\/pages\/1595"}],"wp:featuredmedia":[{"embeddable":true,"href":"https:\/\/www.maranovalpolicella.it\/proloco\/index.php?rest_route=\/wp\/v2\/media\/7511"}],"wp:attachment":[{"href":"https:\/\/www.maranovalpolicella.it\/proloco\/index.php?rest_route=%2Fwp%2Fv2%2Fmedia&parent=7510"}],"curies":[{"name":"wp","href":"https:\/\/api.w.org\/{rel}","templated":true}]}}