{"id":93,"date":"2012-11-10T12:11:04","date_gmt":"2012-11-10T11:11:04","guid":{"rendered":"http:\/\/www.valpolicella2000.it\/a\/?page_id=93"},"modified":"2012-11-10T12:11:04","modified_gmt":"2012-11-10T11:11:04","slug":"le-giassare","status":"publish","type":"page","link":"https:\/\/www.maranovalpolicella.it\/valpolicella2000\/?page_id=93","title":{"rendered":"Le Giassare"},"content":{"rendered":"<p align=\"justify\">Quando si parla di &#8220;architettura spontanea&#8221;, si fa riferimento a quella serie di costruzioni che s\u2019inseriscono, senza ferirlo, nel paesaggio. L&#8217;altipiano lessinico ed in genere tutta la montagna veronese, certamente offrono all&#8217;attento escursionista svariati esempi di quest\u2019architettura.<br \/>\nTra i suoi &#8220;gioielli&#8221; certamente un posto di rilievo va dato alle &#8220;giassare&#8221;, quelle rotonde costruzioni che un tempo, forse anche non molto lontano, punteggiavano i morbidi dossi ed i verdi pascoli della nostra montagna. Il commercio e la produzione del ghiaccio tra questi verdi silenzi risalgono al XVI sec., ma saranno il &#8216;700 e l&#8217;800 a dare il maggior sviluppo a quest\u2019attivit\u00e0, motivo di sostentamento, ma spesso anche d&#8217;incontro tra due mondi, che continuer\u00e0 fino al primo dopoguerra, momento in cui, a causa dell&#8217;industrializzazione del settore, le &#8220;giassare&#8221; vedranno sciogliere il loro carico.<br \/>\nL&#8217;impianto di produzione consisteva essenzialmente in due componenti: la pozza, dove si produceva il ghiaccio, e la &#8220;giassara&#8221; vera e propria, dove esso si conservava. Importante era anche I&#8217;ubicazione, sempre in luoghi scarsamente soleggiati, in versanti a tramontana, ombreggiati da alberi, ad altitudine variante dai 700 ai 1000 metri.<br \/>\nIl maggior centro di produzione era certa- i mente in Lessinia Centrale, nella dorsale Cerro-Boscochiesanuova e nel territorio di S. Anna, dove ancora oggi \u00e8 possibile vedere alcuni interessanti esempi di queste costruzioni. La pozza che raccoglieva I&#8217;acqua piovana era sempre di forma circolare, con una profondit\u00e0 di circa un metro e con una superficie variante intorno ai 200 metri, col fondo reso impermeabile dall&#8217;argilla che veniva spesso &#8220;battuta&#8221; dagli zoccoli delle vacche.<br \/>\nLa vicina costruzione, la ghiacciaia, era costituita da un pozzo profondo mediamente 15 metri, di cui due sopra terra; il diametro variava intorno ai 10 metri. Costruito esclusivamente in pietra, in sasso, il pozzo era coperto o col &#8220;canel&#8221;, la canna palustre, che formava la caratteristica copertura a cono, o da un tetto in &#8220;lastra&#8221; spiovente da un lato, sostenuto da grosse travi in legno.<br \/>\nNella parte a vista, la rotondit\u00e0 del pozzo era interrotta da due finestre, una verso la pozza per il caricamento del ghiaccio ed una verso strada per il recupero del prodotto. Durante il periodo estivo si provvedeva alla pulizia del complesso in preparazione alla futura attivit\u00e0. Tra dicembre e febbraio iniziava la formazione del ghiaccio in pozza e quindi il lavoro per i &#8220;giassaroi&#8221;. A S. Zeno di Montagna sul Monte Baldo, dove \u00e8 ancora visibile una &#8220;giassara in localit\u00e0 La Quercia, il taglio iniziava per l&#8217;uso il 9 dicembre, giorno di S. Siro.<br \/>\nA scadenza settimanale si procedeva al taglio e al recupero del prodotto; con delle affilate accette, le &#8220;segure&#8221;, e con l&#8217;aiuto di un asse a misura della lastra di ghiaccio voluta, si procedeva partendo dai bordi della pozza al taglio delle prime lastre che generalmente erano di misura variante intorno al metro di lunghezza per 0,70\/ 0,80 di larghezza, con uno spessore di 10 centimetri circa. Il gruppo di lavoro era formato da una decina d\u2019uomini, ciascuno con un compito ben preciso. Due sulla &#8220;barca&#8221;, la parte di ghiaccio che galleggiava al centro della pozza, che si occupavano della rigatura e del taglio, gli altri fuori della pozza per il recupero tramite ganci delle lastre estratte e per il calo in &#8220;giassara&#8221;, con l&#8217;aiuto d\u2019argani, del prodotto. Nel pozzo, le lastre cos\u00ec raccolte venivano depositate in gruppi di due\/tre andando a formare il &#8220;solaro&#8221; che doveva presentare verso l&#8217;alto sempre la parte ruvida e non la parte che era stata a contatto diretto con l&#8217;acqua della pozza, questo perch\u00e9 la parte troppo liscia non avrebbe logicamente permesso a chi stava in &#8220;giassara&#8221; per il recupero, di stare in piedi. Tra un &#8220;solaro&#8221; e l&#8217;altro, e sul fondo, affinch\u00e9 gli strati non facessero tra loro presa, veniva messo uno strato di paglia e foglie; gli spazi vuoti venivano riempiti con neve e ghiaccio tritato.<br \/>\nAlla fine dell&#8217;inverno, le due finestre della &#8220;giassara&#8221; oramai piena, si pensi a circa 400 mc di prodotto, venivano chiuse con paglia e fascine o da una porta in legno, che si apriva nei primi giorni della stagione calda, quando iniziava l&#8217;estrazione del prodotto dalla &#8220;banca del ghiaccio&#8221;. Con l&#8217;aiuto del &#8220;fusel&#8221; (argano), si facevano salire le lastre, che un &#8220;giasarol&#8221; legava da dentro il pozzo, direttamente alla finestra verso strada da dove venivano caricate &#8220;a cortei&#8221; (di costa) sulle &#8220;carete&#8221;; su questi originali carri molto lunghi e stretti, rivestiti di lamiera, a sera inoltrata affinch\u00e9 la temperatura fosse pi\u00f9 fresca e ci fosse cos\u00ec minor perdita di prodotto, i nostri &#8220;giasaroi&#8221; iniziavano i Toro notturni viaggi verso le &#8220;basse&#8221; per offrire il loro prodotto agli abituali clienti: &#8220;i siori&#8221;, i macellai, i gelatai, ma spesso anche alberghi e ospedali. Un simpatico proverbio, legato al chilometrico rigagnolo che &#8220;segnava&#8221; il loro passaggio, affermava che &#8220;i giasaroi i trasformava l&#8217;acqua in vin&#8221;, questo per sottolineare che parte del loro guadagno veniva spesso &#8220;trasformato&#8221; nelle osterie della citt\u00e0, a quel tempo forse modesta ed unica variante alla loro dura e &#8220;fredda&#8221; attivit\u00e0.<br \/>\nPer poter vendere il ghiaccio, occorreva una speciale licenza rilasciata dal Comune; per questo motivo sulla sponda della carretta era d&#8217;obbligo mettere un cartello: vendita di ghiaccio naturale per uso domestico. Il viaggio dal luogo di produzione era spesso difficoltoso; il sonno e le strade erano i naturali elementi che accompagnavano &#8220;el giassarol&#8221; durante il suo lungo tragitto. Nella discesa il conducente lasciava spesso allo stesso cavallo l&#8217;onere della guida, non dimenticando mai per\u00f2, soprattutto nei tratti in curva, di azionare &#8220;la macanicia&#8221;, il freno a mano, affinch\u00e9 la &#8220;velocit\u00e0&#8221; non causasse sbandamenti o incidenti.<br \/>\nConsiderando che mediamente da ogni &#8220;taglio&#8221; era possibile raccogliere circa 300 q.li di prodotto, si pu\u00f2 dedurre come questa attivit\u00e0 fosse un buon sostentamento alla magra economia familiare di allora. L&#8217;arrivo in citt\u00e0 dei &#8220;giassaroi&#8221; era spesso accompagnato dalla &#8220;maraja&#8221; dei ragazzini in festa per questa &#8220;novit\u00e0&#8221;; piccole figure per i quadri di Dall&#8217;Oca e soggetti per il Barbarani, frammenti di ghiaccio &#8220;rubati&#8221; alla svelta, &#8220;marene&#8221; fresche, sprazzi di vita popolare, incontro &#8220;de pitochi &#8220;. Momenti di vita montanara, momenti irrecuperabili.<br \/>\nAnche le &#8220;giassare&#8221; fanno parte di un patrimonio il cui recupero, conservazione e valorizzazione sono di grande importanza per tutti coloro che sanno leggere attraverso le vecchie testimonianze.<\/p>\n<p align=\"right\">Notiziario BPV 1987<\/p>\n","protected":false},"excerpt":{"rendered":"<p>Quando si parla di &#8220;architettura spontanea&#8221;, si fa riferimento a quella serie di costruzioni che s\u2019inseriscono, senza ferirlo, nel paesaggio. L&#8217;altipiano lessinico ed in genere tutta la montagna veronese, certamente offrono all&#8217;attento escursionista svariati esempi di quest\u2019architettura. Tra i suoi &#8220;gioielli&#8221; certamente un posto di rilievo va dato alle &#8220;giassare&#8221;, quelle rotonde costruzioni che un &hellip; <\/p>\n<p><a class=\"more-link btn\" href=\"https:\/\/www.maranovalpolicella.it\/valpolicella2000\/?page_id=93\">Continua a leggere<\/a><\/p>\n","protected":false},"author":1,"featured_media":0,"parent":91,"menu_order":0,"comment_status":"open","ping_status":"open","template":"","meta":{"footnotes":""},"class_list":["post-93","page","type-page","status-publish","hentry","nodate","item-wrap"],"_links":{"self":[{"href":"https:\/\/www.maranovalpolicella.it\/valpolicella2000\/index.php?rest_route=\/wp\/v2\/pages\/93","targetHints":{"allow":["GET"]}}],"collection":[{"href":"https:\/\/www.maranovalpolicella.it\/valpolicella2000\/index.php?rest_route=\/wp\/v2\/pages"}],"about":[{"href":"https:\/\/www.maranovalpolicella.it\/valpolicella2000\/index.php?rest_route=\/wp\/v2\/types\/page"}],"author":[{"embeddable":true,"href":"https:\/\/www.maranovalpolicella.it\/valpolicella2000\/index.php?rest_route=\/wp\/v2\/users\/1"}],"replies":[{"embeddable":true,"href":"https:\/\/www.maranovalpolicella.it\/valpolicella2000\/index.php?rest_route=%2Fwp%2Fv2%2Fcomments&post=93"}],"version-history":[{"count":1,"href":"https:\/\/www.maranovalpolicella.it\/valpolicella2000\/index.php?rest_route=\/wp\/v2\/pages\/93\/revisions"}],"predecessor-version":[{"id":94,"href":"https:\/\/www.maranovalpolicella.it\/valpolicella2000\/index.php?rest_route=\/wp\/v2\/pages\/93\/revisions\/94"}],"up":[{"embeddable":true,"href":"https:\/\/www.maranovalpolicella.it\/valpolicella2000\/index.php?rest_route=\/wp\/v2\/pages\/91"}],"wp:attachment":[{"href":"https:\/\/www.maranovalpolicella.it\/valpolicella2000\/index.php?rest_route=%2Fwp%2Fv2%2Fmedia&parent=93"}],"curies":[{"name":"wp","href":"https:\/\/api.w.org\/{rel}","templated":true}]}}